{"id":2187,"date":"2021-03-14T13:54:47","date_gmt":"2021-03-14T12:54:47","guid":{"rendered":"https:\/\/zbsa.eu\/?page_id=2187"},"modified":"2021-10-06T10:40:30","modified_gmt":"2021-10-06T08:40:30","slug":"das-ehemalige-ostpreussen","status":"publish","type":"page","link":"http:\/\/zbsa.eu\/en\/das-ehemalige-ostpreussen\/","title":{"rendered":"The former East Prussia"},"content":{"rendered":"<p>Der Forschungsschwerpunkt \u201eDas ehemalige Ostpreu\u00dfen im Netzwerk baltischer Arch\u00e4ologie\u201c fokussiert mit dem ehemaligen Ostpreu\u00dfen (heute zu Russland, Polen und Litauen geh\u00f6rend) ein geographisch und kulturhistorisch definiertes Gebiet an der s\u00fcdlichen Ostseek\u00fcste, das mit einer sehr speziellen Forschungsgeschichte, aber auch mit au\u00dfergew\u00f6hnlichen Forschungspotentialen verbunden ist. In kaum einer anderen Region Europas ist die politisch bedingte Teilung der nachkriegszeitlichen internationalen Forschung in Ost und West so deutlich. Dies ist mit dem kriegsbedingten Verlust und der sp\u00e4teren Wiederentdeckung originaler Funde und Dokumente aus den Forschungsperioden der Vorkriegszeit verbunden. Das ZBSA verst\u00e4rkt in diesem Forschungsschwerpunkt sein langj\u00e4hriges Engagement, um als elementare Schnittstelle der internationalen Arch\u00e4ologie eine neue Grundlage f\u00fcr die Positionierung und Einordung dieses einzigartigen Forschungsraums als arch\u00e4ologische und historische Schl\u00fcsselregion des Baltikums zu erarbeiten.<\/p>\n\n\n\n<p class=\"has-text-align-left translation-block\">This Research Priority is assigned to the Strategic Research Area\u00a0<a href=\"https:\/\/zbsa.eu\/en\/mensch-und-gesellschaft\/\" data-type=\"page\" data-id=\"1424\" target=\"_self\">Man and Society<\/a>.<\/p>\n\n\n<ul class=\"wp-block-latest-posts__list wp-block-latest-posts\"><li><a class=\"wp-block-latest-posts__post-title\" href=\"http:\/\/zbsa.eu\/en\/fortification-research-comfort\/\">Community on Fortification Research (COMFORT)<\/a><\/li>\n<li><a class=\"wp-block-latest-posts__post-title\" href=\"http:\/\/zbsa.eu\/en\/forschungskontinuitaet-kontinuitaetsforschung\/\">Forschungskontinuit\u00e4t und Kontinuit\u00e4tsforschung (FKKF) &#8211; Siedlungsarch\u00e4ologische Grundlagenforschung zur Eisenzeit im Baltikum<\/a><\/li>\n<li><a class=\"wp-block-latest-posts__post-title\" href=\"http:\/\/zbsa.eu\/en\/new-dating-approaches-late-iron-age-baltic-region\/\">New dating approaches for the Late Iron Age of the South-East Baltic Region<\/a><\/li>\n<li><a class=\"wp-block-latest-posts__post-title\" href=\"http:\/\/zbsa.eu\/en\/publikation-wiskiauten\/\">Publikation \u201cWiskiauten \u2013 Die Ausgrabungen des Gr\u00e4berfeldes 1865-1945: Funde und Befunde\u201d<\/a><\/li>\n<li><a class=\"wp-block-latest-posts__post-title\" href=\"http:\/\/zbsa.eu\/en\/studien-siedlungslandschaft-wiskiauten-mochovoe\/\">Studien zur fr\u00fchmittelalterlichen Siedlungslandschaft im Samland\/ehemaligen Ostpreu\u00dfen am Beispiel des Fundplatzes Wiskiauten (Mochovoe)<\/a><\/li>\n<\/ul>","protected":false},"excerpt":{"rendered":"<p>Der Forschungsschwerpunkt \u201eDas ehemalige Ostpreu\u00dfen im Netzwerk baltischer Arch\u00e4ologie\u201c fokussiert mit dem ehemaligen Ostpreu\u00dfen (heute zu Russland, Polen und Litauen geh\u00f6rend) ein geographisch und kulturhistorisch definiertes Gebiet an der s\u00fcdlichen Ostseek\u00fcste, das mit einer sehr speziellen Forschungsgeschichte, aber auch mit au\u00dfergew\u00f6hnlichen Forschungspotentialen verbunden ist. In kaum einer anderen Region Europas ist die politisch bedingte Teilung der nachkriegszeitlichen internationalen Forschung in Ost und West so deutlich. Dies ist mit dem kriegsbedingten Verlust und der sp\u00e4teren Wiederentdeckung originaler Funde und Dokumente aus den Forschungsperioden der Vorkriegszeit verbunden. Das ZBSA verst\u00e4rkt in diesem Forschungsschwerpunkt sein langj\u00e4hriges Engagement, um als elementare Schnittstelle der internationalen Arch\u00e4ologie eine neue Grundlage f\u00fcr die Positionierung und Einordung dieses einzigartigen Forschungsraums als arch\u00e4ologische und historische Schl\u00fcsselregion des Baltikums zu erarbeiten. Der Forschungsschwerpunkt ist dem Themenbereich&nbsp;Mensch und Gesellschaft zugeordnet.<\/p>","protected":false},"author":1,"featured_media":0,"parent":0,"menu_order":0,"comment_status":"closed","ping_status":"closed","template":"","meta":{"_eb_attr":"","inline_featured_image":false,"footnotes":""},"class_list":["post-2187","page","type-page","status-publish","hentry"],"yoast_head":"<!-- This site is optimized with the Yoast SEO plugin v24.4 - https:\/\/yoast.com\/wordpress\/plugins\/seo\/ -->\n<title>Das ehemalige Ostpreu\u00dfen - Zentrum f\u00fcr Baltische und Skandinavische Arch\u00e4ologie (ZBSA) \u2014 Zentrum f\u00fcr Baltische und Skandinavische Arch\u00e4ologie<\/title>\n<meta name=\"robots\" content=\"index, follow, max-snippet:-1, max-image-preview:large, max-video-preview:-1\" \/>\n<link rel=\"canonical\" href=\"https:\/\/zbsa.eu\/en\/das-ehemalige-ostpreussen\/\" \/>\n<meta property=\"og:locale\" content=\"en_GB\" \/>\n<meta property=\"og:type\" content=\"article\" \/>\n<meta property=\"og:title\" content=\"Das ehemalige Ostpreu\u00dfen - Zentrum f\u00fcr Baltische und Skandinavische Arch\u00e4ologie (ZBSA) \u2014 Zentrum f\u00fcr Baltische und Skandinavische Arch\u00e4ologie\" \/>\n<meta property=\"og:description\" content=\"Der Forschungsschwerpunkt \u201eDas ehemalige Ostpreu\u00dfen im Netzwerk baltischer Arch\u00e4ologie\u201c fokussiert mit dem ehemaligen Ostpreu\u00dfen (heute zu Russland, Polen und Litauen geh\u00f6rend) ein geographisch und kulturhistorisch definiertes Gebiet an der s\u00fcdlichen Ostseek\u00fcste, das mit einer sehr speziellen Forschungsgeschichte, aber auch mit au\u00dfergew\u00f6hnlichen Forschungspotentialen verbunden ist. In kaum einer anderen Region Europas ist die politisch bedingte Teilung der nachkriegszeitlichen internationalen Forschung in Ost und West so deutlich. Dies ist mit dem kriegsbedingten Verlust und der sp\u00e4teren Wiederentdeckung originaler Funde und Dokumente aus den Forschungsperioden der Vorkriegszeit verbunden. Das ZBSA verst\u00e4rkt in diesem Forschungsschwerpunkt sein langj\u00e4hriges Engagement, um als elementare Schnittstelle der internationalen Arch\u00e4ologie eine neue Grundlage f\u00fcr die Positionierung und Einordung dieses einzigartigen Forschungsraums als arch\u00e4ologische und historische Schl\u00fcsselregion des Baltikums zu erarbeiten. Der Forschungsschwerpunkt ist dem Themenbereich&nbsp;Mensch und Gesellschaft zugeordnet.\" \/>\n<meta property=\"og:url\" content=\"https:\/\/zbsa.eu\/en\/das-ehemalige-ostpreussen\/\" \/>\n<meta property=\"og:site_name\" content=\"Zentrum f\u00fcr Baltische und Skandinavische Arch\u00e4ologie (ZBSA) \u2014 Zentrum f\u00fcr Baltische und Skandinavische Arch\u00e4ologie\" \/>\n<meta property=\"article:modified_time\" content=\"2021-10-06T08:40:30+00:00\" \/>\n<meta name=\"twitter:card\" content=\"summary_large_image\" \/>\n<meta name=\"twitter:label1\" content=\"Estimated reading time\" \/>\n\t<meta name=\"twitter:data1\" content=\"1 minute\" \/>\n<script type=\"application\/ld+json\" class=\"yoast-schema-graph\">{\"@context\":\"https:\/\/schema.org\",\"@graph\":[{\"@type\":\"WebPage\",\"@id\":\"https:\/\/zbsa.eu\/das-ehemalige-ostpreussen\/\",\"url\":\"https:\/\/zbsa.eu\/das-ehemalige-ostpreussen\/\",\"name\":\"Das ehemalige Ostpreu\u00dfen - Zentrum f\u00fcr Baltische und Skandinavische Arch\u00e4ologie (ZBSA) \u2014 Zentrum f\u00fcr Baltische und Skandinavische Arch\u00e4ologie\",\"isPartOf\":{\"@id\":\"https:\/\/zbsa.eu\/#website\"},\"datePublished\":\"2021-03-14T12:54:47+00:00\",\"dateModified\":\"2021-10-06T08:40:30+00:00\",\"breadcrumb\":{\"@id\":\"https:\/\/zbsa.eu\/das-ehemalige-ostpreussen\/#breadcrumb\"},\"inLanguage\":\"en-GB\",\"potentialAction\":[{\"@type\":\"ReadAction\",\"target\":[\"https:\/\/zbsa.eu\/das-ehemalige-ostpreussen\/\"]}]},{\"@type\":\"BreadcrumbList\",\"@id\":\"https:\/\/zbsa.eu\/das-ehemalige-ostpreussen\/#breadcrumb\",\"itemListElement\":[{\"@type\":\"ListItem\",\"position\":1,\"name\":\"Startseite\",\"item\":\"https:\/\/zbsa.eu\/\"},{\"@type\":\"ListItem\",\"position\":2,\"name\":\"Das ehemalige Ostpreu\u00dfen\"}]},{\"@type\":\"WebSite\",\"@id\":\"https:\/\/zbsa.eu\/#website\",\"url\":\"https:\/\/zbsa.eu\/\",\"name\":\"Zentrum f\u00fcr Baltische und Skandinavische Arch\u00e4ologie (ZBSA) \u2014 Zentrum f\u00fcr Baltische und Skandinavische Arch\u00e4ologie\",\"description\":\"\",\"potentialAction\":[{\"@type\":\"SearchAction\",\"target\":{\"@type\":\"EntryPoint\",\"urlTemplate\":\"https:\/\/zbsa.eu\/?s={search_term_string}\"},\"query-input\":{\"@type\":\"PropertyValueSpecification\",\"valueRequired\":true,\"valueName\":\"search_term_string\"}}],\"inLanguage\":\"en-GB\"}]}<\/script>\n<!-- \/ Yoast SEO plugin. -->","yoast_head_json":{"title":"Das ehemalige Ostpreu\u00dfen - Zentrum f\u00fcr Baltische und Skandinavische Arch\u00e4ologie (ZBSA) \u2014 Zentrum f\u00fcr Baltische und Skandinavische Arch\u00e4ologie","robots":{"index":"index","follow":"follow","max-snippet":"max-snippet:-1","max-image-preview":"max-image-preview:large","max-video-preview":"max-video-preview:-1"},"canonical":"https:\/\/zbsa.eu\/en\/das-ehemalige-ostpreussen\/","og_locale":"en_GB","og_type":"article","og_title":"Das ehemalige Ostpreu\u00dfen - Zentrum f\u00fcr Baltische und Skandinavische Arch\u00e4ologie (ZBSA) \u2014 Zentrum f\u00fcr Baltische und Skandinavische Arch\u00e4ologie","og_description":"Der Forschungsschwerpunkt \u201eDas ehemalige Ostpreu\u00dfen im Netzwerk baltischer Arch\u00e4ologie\u201c fokussiert mit dem ehemaligen Ostpreu\u00dfen (heute zu Russland, Polen und Litauen geh\u00f6rend) ein geographisch und kulturhistorisch definiertes Gebiet an der s\u00fcdlichen Ostseek\u00fcste, das mit einer sehr speziellen Forschungsgeschichte, aber auch mit au\u00dfergew\u00f6hnlichen Forschungspotentialen verbunden ist. In kaum einer anderen Region Europas ist die politisch bedingte Teilung der nachkriegszeitlichen internationalen Forschung in Ost und West so deutlich. Dies ist mit dem kriegsbedingten Verlust und der sp\u00e4teren Wiederentdeckung originaler Funde und Dokumente aus den Forschungsperioden der Vorkriegszeit verbunden. Das ZBSA verst\u00e4rkt in diesem Forschungsschwerpunkt sein langj\u00e4hriges Engagement, um als elementare Schnittstelle der internationalen Arch\u00e4ologie eine neue Grundlage f\u00fcr die Positionierung und Einordung dieses einzigartigen Forschungsraums als arch\u00e4ologische und historische Schl\u00fcsselregion des Baltikums zu erarbeiten. Der Forschungsschwerpunkt ist dem Themenbereich&nbsp;Mensch und Gesellschaft zugeordnet.","og_url":"https:\/\/zbsa.eu\/en\/das-ehemalige-ostpreussen\/","og_site_name":"Zentrum f\u00fcr Baltische und Skandinavische Arch\u00e4ologie (ZBSA) \u2014 Zentrum f\u00fcr Baltische und Skandinavische Arch\u00e4ologie","article_modified_time":"2021-10-06T08:40:30+00:00","twitter_card":"summary_large_image","twitter_misc":{"Estimated reading time":"1 minute"},"schema":{"@context":"https:\/\/schema.org","@graph":[{"@type":"WebPage","@id":"https:\/\/zbsa.eu\/das-ehemalige-ostpreussen\/","url":"https:\/\/zbsa.eu\/das-ehemalige-ostpreussen\/","name":"Das ehemalige Ostpreu\u00dfen - Zentrum f\u00fcr Baltische und Skandinavische Arch\u00e4ologie (ZBSA) \u2014 Zentrum f\u00fcr Baltische und Skandinavische Arch\u00e4ologie","isPartOf":{"@id":"https:\/\/zbsa.eu\/#website"},"datePublished":"2021-03-14T12:54:47+00:00","dateModified":"2021-10-06T08:40:30+00:00","breadcrumb":{"@id":"https:\/\/zbsa.eu\/das-ehemalige-ostpreussen\/#breadcrumb"},"inLanguage":"en-GB","potentialAction":[{"@type":"ReadAction","target":["https:\/\/zbsa.eu\/das-ehemalige-ostpreussen\/"]}]},{"@type":"BreadcrumbList","@id":"https:\/\/zbsa.eu\/das-ehemalige-ostpreussen\/#breadcrumb","itemListElement":[{"@type":"ListItem","position":1,"name":"Startseite","item":"https:\/\/zbsa.eu\/"},{"@type":"ListItem","position":2,"name":"Das ehemalige Ostpreu\u00dfen"}]},{"@type":"WebSite","@id":"https:\/\/zbsa.eu\/#website","url":"https:\/\/zbsa.eu\/","name":"Zentrum f\u00fcr Baltische und Skandinavische Arch\u00e4ologie (ZBSA) \u2014 Zentrum f\u00fcr Baltische und Skandinavische Arch\u00e4ologie","description":"","potentialAction":[{"@type":"SearchAction","target":{"@type":"EntryPoint","urlTemplate":"https:\/\/zbsa.eu\/?s={search_term_string}"},"query-input":{"@type":"PropertyValueSpecification","valueRequired":true,"valueName":"search_term_string"}}],"inLanguage":"en-GB"}]}},"acf":[],"_links":{"self":[{"href":"http:\/\/zbsa.eu\/en\/wp-json\/wp\/v2\/pages\/2187","targetHints":{"allow":["GET"]}}],"collection":[{"href":"http:\/\/zbsa.eu\/en\/wp-json\/wp\/v2\/pages"}],"about":[{"href":"http:\/\/zbsa.eu\/en\/wp-json\/wp\/v2\/types\/page"}],"author":[{"embeddable":true,"href":"http:\/\/zbsa.eu\/en\/wp-json\/wp\/v2\/users\/1"}],"replies":[{"embeddable":true,"href":"http:\/\/zbsa.eu\/en\/wp-json\/wp\/v2\/comments?post=2187"}],"version-history":[{"count":11,"href":"http:\/\/zbsa.eu\/en\/wp-json\/wp\/v2\/pages\/2187\/revisions"}],"predecessor-version":[{"id":7915,"href":"http:\/\/zbsa.eu\/en\/wp-json\/wp\/v2\/pages\/2187\/revisions\/7915"}],"wp:attachment":[{"href":"http:\/\/zbsa.eu\/en\/wp-json\/wp\/v2\/media?parent=2187"}],"curies":[{"name":"wp","href":"https:\/\/api.w.org\/{rel}","templated":true}]}}