{"id":88,"date":"2020-12-19T12:16:43","date_gmt":"2020-12-19T11:16:43","guid":{"rendered":"https:\/\/zbsa.eu\/?page_id=88"},"modified":"2021-10-05T10:39:43","modified_gmt":"2021-10-05T08:39:43","slug":"forschung","status":"publish","type":"page","link":"http:\/\/zbsa.eu\/en\/forschung\/","title":{"rendered":"Research"},"content":{"rendered":"<div data-elementor-type=\"wp-page\" data-elementor-id=\"88\" class=\"elementor elementor-88\" data-elementor-post-type=\"page\">\n\t\t\t\t\t\t<section data-particle_enable=\"false\" data-particle-mobile-disabled=\"false\" class=\"elementor-section elementor-top-section elementor-element elementor-element-53f8284 elementor-section-boxed elementor-section-height-default elementor-section-height-default\" data-id=\"53f8284\" data-element_type=\"section\">\n\t\t\t\t\t\t<div class=\"elementor-container elementor-column-gap-default\">\n\t\t\t\t\t<div class=\"elementor-column elementor-col-100 elementor-top-column elementor-element elementor-element-9c4c97c\" data-id=\"9c4c97c\" data-element_type=\"column\">\n\t\t\t<div class=\"elementor-widget-wrap elementor-element-populated\">\n\t\t\t\t\t\t<div class=\"elementor-element elementor-element-8528af5 elementor-widget elementor-widget-image\" data-id=\"8528af5\" data-element_type=\"widget\" data-widget_type=\"image.default\">\n\t\t\t\t<div class=\"elementor-widget-container\">\n\t\t\t\t\t\t\t\t\t\t\t\t\t\t\t<img fetchpriority=\"high\" decoding=\"async\" width=\"960\" height=\"229\" src=\"https:\/\/zbsa.eu\/wp-content\/uploads\/2021\/01\/2.0_comp_forschung.jpg\" class=\"attachment-large size-large wp-image-314\" alt=\"\" \/>\t\t\t\t\t\t\t\t\t\t\t\t\t\t\t<\/div>\n\t\t\t\t<\/div>\n\t\t\t\t<div class=\"elementor-element elementor-element-25c961d elementor-widget elementor-widget-text-editor\" data-id=\"25c961d\" data-element_type=\"widget\" data-widget_type=\"text-editor.default\">\n\t\t\t\t<div class=\"elementor-widget-container\">\n\t\t\t\t\t\t\t\t\t<div id=\"parent-fieldname-description\" class=\"\">\n<p class=\"documentDescription\">Aufgabe des ZBSA ist die regionen- und epochen\u00fcbergreifende arch\u00e4ologische Forschung in Skandinavien, dem nordatlantischen Raum, dem Baltikum und dem ehemaligen Ostpreu\u00dfen (Teile Polens, Litauens und Russlands). Unser Ziel ist die breit gef\u00e4cherte Rekonstruktion der Vergangenheit im interdisziplin\u00e4ren Verbund mit anderen Wissenschaften.<\/p>\n<\/div>\n<div id=\"parent-fieldname-text\" class=\"plain\">\n<p>Die Arch\u00e4ologie im weitgespannten Arbeitsgebiet des ZBSA zeichnet sich durch wissenschaftlich relevante Besonderheiten aus, die sich in seinen Forschungsfeldern (<a href=\"https:\/\/zbsa.eu\/en\/forschungsschwerpunkte\/\">Research Priorities<\/a>) widerspiegeln:<\/p>\n<p>the late settlement of the area after the end of the last Ice Age; its peripheral location with regard to the cultures of Central and south-eastern Europe and their influence; the strong maritime aspect with the resulting economic and social models, as well as \u2013 after the Stone Age \u2013 limited access to raw materials, which led to the creation of vital communication routes and networks. As a result, the cultures in the Scandinavian and Baltic regions developed individual, but not isolated, solutions and innovations. Typical, also, are the historically relatively long cultural and settlement continuities, which give rise to their own particular scientific challenges.<\/p>\n<p class=\"translation-block\">The academic content of ZBSA\u2019s activity consists of three Strategic Research Areas: <a href=\"https:\/\/zbsa.eu\/en\/mensch-und-artefakt\/\" target=\"_self\">Man and Artefact<\/a>, Man and Society and <a href=\"https:\/\/zbsa.eu\/en\/mensch-und-umwelt\/\" target=\"_self\">Man and Environment<\/a>\u00a0The next level, as far as content and methods are concerned, is divided into different Research Priorities, in which research issues common to several projects are discussed. Priorities are assigned to the individual Research Areas, although the contents can overlap. Individual projects are always assigned to a specific Research Area even if they are not part of an official Research Priority, although this is an exception.<\/p>\n<p>The ZBSA is thus committed to a holistic research programme, in which archaeology is considered a methodological bridge linking it to other disciplines in the humanities, cultural, social and natural sciences.<\/p>\n<\/div>\t\t\t\t\t\t\t\t<\/div>\n\t\t\t\t<\/div>\n\t\t\t\t\t<\/div>\n\t\t<\/div>\n\t\t\t\t\t<\/div>\n\t\t<\/section>\n\t\t\t\t<\/div>","protected":false},"excerpt":{"rendered":"<p>Aufgabe des ZBSA ist die regionen- und epochen\u00fcbergreifende arch\u00e4ologische Forschung in Skandinavien, dem nordatlantischen Raum, dem Baltikum und dem ehemaligen Ostpreu\u00dfen (Teile Polens, Litauens und Russlands). Unser Ziel ist die breit gef\u00e4cherte Rekonstruktion der Vergangenheit im interdisziplin\u00e4ren Verbund mit anderen Wissenschaften. Die Arch\u00e4ologie im weitgespannten Arbeitsgebiet des ZBSA zeichnet sich durch wissenschaftlich relevante Besonderheiten aus, die sich in seinen Forschungsfeldern (Forschungsschwerpunkte) widerspiegeln: die sp\u00e4t einsetzende nach\u00adeiszeitliche Besiedlungsgeschichte, die periphere Lage zu Kulturen Mittel- und S\u00fcdosteuropas und deren kulturelle Reflektion, starke maritime Pr\u00e4gung mit den daraus resultierenden wirtschaftlichen und gesellschaftlichen Modellen sowie \u2013 nach der Steinzeit \u2013 begrenzte Zugangsm\u00f6glichkeit zu Rohstoffen mit der notwendig werdenden Schaffung weiter Kommunikationswege und -netze. Die Kulturen im skandinavischen und baltischen Raum entwickelten individuelle, aber nicht isolierte L\u00f6sungen und Innovationen. Kennzeichnend sind zudem vergleichsweise lange kulturelle und besiedlungsgeschichtliche Kontinuit\u00e4ten, die besondere wissenschaftliche Herausforderungen darstellen. Die Arbeit des ZBSA ist inhaltlich in die drei wissenschaftlichen Themenbereiche Mensch &amp; Artefakt, Mensch &amp; Gesellschaft und Mensch &amp; Umwelt&nbsp;sowie auf der n\u00e4chsten Ebene in inhaltliche und methodische&nbsp;Forschungsschwerpunkte&nbsp;gegliedert, in denen gemeinsame Forschungsfragen unterschiedlicher Projekte diskutiert werden. Die Schwerpunkte sind den einzelnen Themenbereichen zugeordnet, k\u00f6nnen deren Grenzen jedoch auch inhaltlich \u00fcberschreiten. Einzelprojekte&nbsp;sind immer einem Themenbereich zugeordnet, auch wenn sie keinem Forschungsschwerpunkt angeh\u00f6ren, was allerdings zu einem Ausnahmefall geh\u00f6rt. Damit bekennt sich das ZBSA zu einem ganzheitlichen Forschungspro\u00adgramm, das Arch\u00e4ologie als methodisches Br\u00fcckenfach zu anderen Disziplinen der Geistes-, Kultur-, Sozial- und Naturwissenschaften begreift.<\/p>","protected":false},"author":1,"featured_media":0,"parent":0,"menu_order":0,"comment_status":"closed","ping_status":"closed","template":"","meta":{"_eb_attr":"","inline_featured_image":false,"footnotes":""},"class_list":["post-88","page","type-page","status-publish","hentry"],"yoast_head":"<!-- This site is optimized with the Yoast SEO plugin v24.4 - https:\/\/yoast.com\/wordpress\/plugins\/seo\/ -->\n<title>Forschung - Zentrum f\u00fcr Baltische und Skandinavische Arch\u00e4ologie (ZBSA) \u2014 Zentrum f\u00fcr Baltische und Skandinavische Arch\u00e4ologie<\/title>\n<meta name=\"robots\" content=\"index, follow, max-snippet:-1, max-image-preview:large, max-video-preview:-1\" \/>\n<link rel=\"canonical\" href=\"https:\/\/zbsa.eu\/en\/forschung\/\" \/>\n<meta property=\"og:locale\" content=\"en_GB\" \/>\n<meta property=\"og:type\" content=\"article\" \/>\n<meta property=\"og:title\" content=\"Forschung - Zentrum f\u00fcr Baltische und Skandinavische Arch\u00e4ologie (ZBSA) \u2014 Zentrum f\u00fcr Baltische und Skandinavische Arch\u00e4ologie\" \/>\n<meta property=\"og:description\" content=\"Aufgabe des ZBSA ist die regionen- und epochen\u00fcbergreifende arch\u00e4ologische Forschung in Skandinavien, dem nordatlantischen Raum, dem Baltikum und dem ehemaligen Ostpreu\u00dfen (Teile Polens, Litauens und Russlands). Unser Ziel ist die breit gef\u00e4cherte Rekonstruktion der Vergangenheit im interdisziplin\u00e4ren Verbund mit anderen Wissenschaften. Die Arch\u00e4ologie im weitgespannten Arbeitsgebiet des ZBSA zeichnet sich durch wissenschaftlich relevante Besonderheiten aus, die sich in seinen Forschungsfeldern (Forschungsschwerpunkte) widerspiegeln: die sp\u00e4t einsetzende nach\u00adeiszeitliche Besiedlungsgeschichte, die periphere Lage zu Kulturen Mittel- und S\u00fcdosteuropas und deren kulturelle Reflektion, starke maritime Pr\u00e4gung mit den daraus resultierenden wirtschaftlichen und gesellschaftlichen Modellen sowie \u2013 nach der Steinzeit \u2013 begrenzte Zugangsm\u00f6glichkeit zu Rohstoffen mit der notwendig werdenden Schaffung weiter Kommunikationswege und -netze. Die Kulturen im skandinavischen und baltischen Raum entwickelten individuelle, aber nicht isolierte L\u00f6sungen und Innovationen. Kennzeichnend sind zudem vergleichsweise lange kulturelle und besiedlungsgeschichtliche Kontinuit\u00e4ten, die besondere wissenschaftliche Herausforderungen darstellen. Die Arbeit des ZBSA ist inhaltlich in die drei wissenschaftlichen Themenbereiche Mensch &amp; Artefakt, Mensch &amp; Gesellschaft und Mensch &amp; Umwelt&nbsp;sowie auf der n\u00e4chsten Ebene in inhaltliche und methodische&nbsp;Forschungsschwerpunkte&nbsp;gegliedert, in denen gemeinsame Forschungsfragen unterschiedlicher Projekte diskutiert werden. Die Schwerpunkte sind den einzelnen Themenbereichen zugeordnet, k\u00f6nnen deren Grenzen jedoch auch inhaltlich \u00fcberschreiten. Einzelprojekte&nbsp;sind immer einem Themenbereich zugeordnet, auch wenn sie keinem Forschungsschwerpunkt angeh\u00f6ren, was allerdings zu einem Ausnahmefall geh\u00f6rt. Damit bekennt sich das ZBSA zu einem ganzheitlichen Forschungspro\u00adgramm, das Arch\u00e4ologie als methodisches Br\u00fcckenfach zu anderen Disziplinen der Geistes-, Kultur-, Sozial- und Naturwissenschaften begreift.\" \/>\n<meta property=\"og:url\" content=\"https:\/\/zbsa.eu\/en\/forschung\/\" \/>\n<meta property=\"og:site_name\" content=\"Zentrum f\u00fcr Baltische und Skandinavische Arch\u00e4ologie (ZBSA) \u2014 Zentrum f\u00fcr Baltische und Skandinavische Arch\u00e4ologie\" \/>\n<meta property=\"article:modified_time\" content=\"2021-10-05T08:39:43+00:00\" \/>\n<meta property=\"og:image\" content=\"https:\/\/zbsa.eu\/wp-content\/uploads\/2021\/01\/2.0_comp_forschung.jpg\" \/>\n<meta name=\"twitter:card\" content=\"summary_large_image\" \/>\n<meta name=\"twitter:label1\" content=\"Estimated reading time\" \/>\n\t<meta name=\"twitter:data1\" content=\"2 minutes\" \/>\n<script type=\"application\/ld+json\" class=\"yoast-schema-graph\">{\"@context\":\"https:\/\/schema.org\",\"@graph\":[{\"@type\":\"WebPage\",\"@id\":\"https:\/\/zbsa.eu\/forschung\/\",\"url\":\"https:\/\/zbsa.eu\/forschung\/\",\"name\":\"Forschung - Zentrum f\u00fcr Baltische und Skandinavische Arch\u00e4ologie (ZBSA) \u2014 Zentrum f\u00fcr Baltische und Skandinavische Arch\u00e4ologie\",\"isPartOf\":{\"@id\":\"https:\/\/zbsa.eu\/#website\"},\"primaryImageOfPage\":{\"@id\":\"https:\/\/zbsa.eu\/forschung\/#primaryimage\"},\"image\":{\"@id\":\"https:\/\/zbsa.eu\/forschung\/#primaryimage\"},\"thumbnailUrl\":\"https:\/\/zbsa.eu\/wp-content\/uploads\/2021\/01\/2.0_comp_forschung.jpg\",\"datePublished\":\"2020-12-19T11:16:43+00:00\",\"dateModified\":\"2021-10-05T08:39:43+00:00\",\"breadcrumb\":{\"@id\":\"https:\/\/zbsa.eu\/forschung\/#breadcrumb\"},\"inLanguage\":\"en-GB\",\"potentialAction\":[{\"@type\":\"ReadAction\",\"target\":[\"https:\/\/zbsa.eu\/forschung\/\"]}]},{\"@type\":\"ImageObject\",\"inLanguage\":\"en-GB\",\"@id\":\"https:\/\/zbsa.eu\/forschung\/#primaryimage\",\"url\":\"https:\/\/zbsa.eu\/wp-content\/uploads\/2021\/01\/2.0_comp_forschung.jpg\",\"contentUrl\":\"https:\/\/zbsa.eu\/wp-content\/uploads\/2021\/01\/2.0_comp_forschung.jpg\"},{\"@type\":\"BreadcrumbList\",\"@id\":\"https:\/\/zbsa.eu\/forschung\/#breadcrumb\",\"itemListElement\":[{\"@type\":\"ListItem\",\"position\":1,\"name\":\"Startseite\",\"item\":\"https:\/\/zbsa.eu\/\"},{\"@type\":\"ListItem\",\"position\":2,\"name\":\"Forschung\"}]},{\"@type\":\"WebSite\",\"@id\":\"https:\/\/zbsa.eu\/#website\",\"url\":\"https:\/\/zbsa.eu\/\",\"name\":\"Zentrum f\u00fcr Baltische und Skandinavische Arch\u00e4ologie (ZBSA) \u2014 Zentrum f\u00fcr Baltische und Skandinavische Arch\u00e4ologie\",\"description\":\"\",\"potentialAction\":[{\"@type\":\"SearchAction\",\"target\":{\"@type\":\"EntryPoint\",\"urlTemplate\":\"https:\/\/zbsa.eu\/?s={search_term_string}\"},\"query-input\":{\"@type\":\"PropertyValueSpecification\",\"valueRequired\":true,\"valueName\":\"search_term_string\"}}],\"inLanguage\":\"en-GB\"}]}<\/script>\n<!-- \/ Yoast SEO plugin. -->","yoast_head_json":{"title":"Forschung - Zentrum f\u00fcr Baltische und Skandinavische Arch\u00e4ologie (ZBSA) \u2014 Zentrum f\u00fcr Baltische und Skandinavische Arch\u00e4ologie","robots":{"index":"index","follow":"follow","max-snippet":"max-snippet:-1","max-image-preview":"max-image-preview:large","max-video-preview":"max-video-preview:-1"},"canonical":"https:\/\/zbsa.eu\/en\/forschung\/","og_locale":"en_GB","og_type":"article","og_title":"Forschung - Zentrum f\u00fcr Baltische und Skandinavische Arch\u00e4ologie (ZBSA) \u2014 Zentrum f\u00fcr Baltische und Skandinavische Arch\u00e4ologie","og_description":"Aufgabe des ZBSA ist die regionen- und epochen\u00fcbergreifende arch\u00e4ologische Forschung in Skandinavien, dem nordatlantischen Raum, dem Baltikum und dem ehemaligen Ostpreu\u00dfen (Teile Polens, Litauens und Russlands). Unser Ziel ist die breit gef\u00e4cherte Rekonstruktion der Vergangenheit im interdisziplin\u00e4ren Verbund mit anderen Wissenschaften. Die Arch\u00e4ologie im weitgespannten Arbeitsgebiet des ZBSA zeichnet sich durch wissenschaftlich relevante Besonderheiten aus, die sich in seinen Forschungsfeldern (Forschungsschwerpunkte) widerspiegeln: die sp\u00e4t einsetzende nach\u00adeiszeitliche Besiedlungsgeschichte, die periphere Lage zu Kulturen Mittel- und S\u00fcdosteuropas und deren kulturelle Reflektion, starke maritime Pr\u00e4gung mit den daraus resultierenden wirtschaftlichen und gesellschaftlichen Modellen sowie \u2013 nach der Steinzeit \u2013 begrenzte Zugangsm\u00f6glichkeit zu Rohstoffen mit der notwendig werdenden Schaffung weiter Kommunikationswege und -netze. Die Kulturen im skandinavischen und baltischen Raum entwickelten individuelle, aber nicht isolierte L\u00f6sungen und Innovationen. Kennzeichnend sind zudem vergleichsweise lange kulturelle und besiedlungsgeschichtliche Kontinuit\u00e4ten, die besondere wissenschaftliche Herausforderungen darstellen. Die Arbeit des ZBSA ist inhaltlich in die drei wissenschaftlichen Themenbereiche Mensch &amp; Artefakt, Mensch &amp; Gesellschaft und Mensch &amp; Umwelt&nbsp;sowie auf der n\u00e4chsten Ebene in inhaltliche und methodische&nbsp;Forschungsschwerpunkte&nbsp;gegliedert, in denen gemeinsame Forschungsfragen unterschiedlicher Projekte diskutiert werden. Die Schwerpunkte sind den einzelnen Themenbereichen zugeordnet, k\u00f6nnen deren Grenzen jedoch auch inhaltlich \u00fcberschreiten. Einzelprojekte&nbsp;sind immer einem Themenbereich zugeordnet, auch wenn sie keinem Forschungsschwerpunkt angeh\u00f6ren, was allerdings zu einem Ausnahmefall geh\u00f6rt. Damit bekennt sich das ZBSA zu einem ganzheitlichen Forschungspro\u00adgramm, das Arch\u00e4ologie als methodisches Br\u00fcckenfach zu anderen Disziplinen der Geistes-, Kultur-, Sozial- und Naturwissenschaften begreift.","og_url":"https:\/\/zbsa.eu\/en\/forschung\/","og_site_name":"Zentrum f\u00fcr Baltische und Skandinavische Arch\u00e4ologie (ZBSA) \u2014 Zentrum f\u00fcr Baltische und Skandinavische Arch\u00e4ologie","article_modified_time":"2021-10-05T08:39:43+00:00","og_image":[{"url":"https:\/\/zbsa.eu\/wp-content\/uploads\/2021\/01\/2.0_comp_forschung.jpg","type":"","width":"","height":""}],"twitter_card":"summary_large_image","twitter_misc":{"Estimated reading time":"2 minutes"},"schema":{"@context":"https:\/\/schema.org","@graph":[{"@type":"WebPage","@id":"https:\/\/zbsa.eu\/forschung\/","url":"https:\/\/zbsa.eu\/forschung\/","name":"Forschung - Zentrum f\u00fcr Baltische und Skandinavische Arch\u00e4ologie (ZBSA) \u2014 Zentrum f\u00fcr Baltische und Skandinavische Arch\u00e4ologie","isPartOf":{"@id":"https:\/\/zbsa.eu\/#website"},"primaryImageOfPage":{"@id":"https:\/\/zbsa.eu\/forschung\/#primaryimage"},"image":{"@id":"https:\/\/zbsa.eu\/forschung\/#primaryimage"},"thumbnailUrl":"https:\/\/zbsa.eu\/wp-content\/uploads\/2021\/01\/2.0_comp_forschung.jpg","datePublished":"2020-12-19T11:16:43+00:00","dateModified":"2021-10-05T08:39:43+00:00","breadcrumb":{"@id":"https:\/\/zbsa.eu\/forschung\/#breadcrumb"},"inLanguage":"en-GB","potentialAction":[{"@type":"ReadAction","target":["https:\/\/zbsa.eu\/forschung\/"]}]},{"@type":"ImageObject","inLanguage":"en-GB","@id":"https:\/\/zbsa.eu\/forschung\/#primaryimage","url":"https:\/\/zbsa.eu\/wp-content\/uploads\/2021\/01\/2.0_comp_forschung.jpg","contentUrl":"https:\/\/zbsa.eu\/wp-content\/uploads\/2021\/01\/2.0_comp_forschung.jpg"},{"@type":"BreadcrumbList","@id":"https:\/\/zbsa.eu\/forschung\/#breadcrumb","itemListElement":[{"@type":"ListItem","position":1,"name":"Startseite","item":"https:\/\/zbsa.eu\/"},{"@type":"ListItem","position":2,"name":"Forschung"}]},{"@type":"WebSite","@id":"https:\/\/zbsa.eu\/#website","url":"https:\/\/zbsa.eu\/","name":"Zentrum f\u00fcr Baltische und Skandinavische Arch\u00e4ologie (ZBSA) \u2014 Zentrum f\u00fcr Baltische und Skandinavische Arch\u00e4ologie","description":"","potentialAction":[{"@type":"SearchAction","target":{"@type":"EntryPoint","urlTemplate":"https:\/\/zbsa.eu\/?s={search_term_string}"},"query-input":{"@type":"PropertyValueSpecification","valueRequired":true,"valueName":"search_term_string"}}],"inLanguage":"en-GB"}]}},"acf":[],"_links":{"self":[{"href":"http:\/\/zbsa.eu\/en\/wp-json\/wp\/v2\/pages\/88","targetHints":{"allow":["GET"]}}],"collection":[{"href":"http:\/\/zbsa.eu\/en\/wp-json\/wp\/v2\/pages"}],"about":[{"href":"http:\/\/zbsa.eu\/en\/wp-json\/wp\/v2\/types\/page"}],"author":[{"embeddable":true,"href":"http:\/\/zbsa.eu\/en\/wp-json\/wp\/v2\/users\/1"}],"replies":[{"embeddable":true,"href":"http:\/\/zbsa.eu\/en\/wp-json\/wp\/v2\/comments?post=88"}],"version-history":[{"count":25,"href":"http:\/\/zbsa.eu\/en\/wp-json\/wp\/v2\/pages\/88\/revisions"}],"predecessor-version":[{"id":7873,"href":"http:\/\/zbsa.eu\/en\/wp-json\/wp\/v2\/pages\/88\/revisions\/7873"}],"wp:attachment":[{"href":"http:\/\/zbsa.eu\/en\/wp-json\/wp\/v2\/media?parent=88"}],"curies":[{"name":"wp","href":"https:\/\/api.w.org\/{rel}","templated":true}]}}