{"id":1424,"date":"2021-03-09T11:09:40","date_gmt":"2021-03-09T10:09:40","guid":{"rendered":"https:\/\/zbsa.eu\/?page_id=1424"},"modified":"2021-10-19T11:25:28","modified_gmt":"2021-10-19T09:25:28","slug":"mensch-und-gesellschaft","status":"publish","type":"page","link":"https:\/\/zbsa.eu\/en\/mensch-und-gesellschaft\/","title":{"rendered":"Man and Society"},"content":{"rendered":"<p class=\"has-text-align-left\"><strong>The Strategic Research Area \u201cMan and Society\u201d covers a large number of different, archaeologically identifiable, individuals and groups that fall within the range of the ZBSA\u2019s geographical and chronological remit. However, these have to be considered against the background of certain specific features of the area under study.<\/strong><\/p>\n\n\n\n<p class=\"has-text-align-left\">Nord- und Ostsee bedingen zum einen Kommunikationslinien und -netze, zum anderen gliedern und begrenzen sie aber auch Siedlungsgebiete und geben somit Ansto\u00df zu Auspr\u00e4gungen unterschiedlicher geografischer Siedlungs- und Handlungseinheiten. Die Geografie, die Randlage an den oft impulsgebend gedachten Arealen Mittel- und S\u00fcdeuropas sowie die speziellen maritimen Kommunikationsbedingungen haben somit besondere gesellschaftliche Strukturen und Zw\u00e4nge geschaffen. Beispielsweise sind knappe oder nicht vorhandene Metallvorkommen \u2013 im Gegensatz zu s\u00fcdlicher gelegenen Regionen West-, Mittel- und Osteuropas \u2013 ein Grund f\u00fcr einen st\u00e4ndig aufrechtzuerhaltenden Zwang zur Einfuhr von Rohmaterialien, die dann innerhalb des Arbeitsgebietes distribuiert und zur Statusmarkierung genutzt wurden. Zudem stellen die Regionen des Baltikums und Skandinaviens Bereiche dar, in denen kulturelle, und damit gesellschaftliche Kontinuit\u00e4ten in oft beachtlichen Zeitdimensionen zu verfolgen sind. Somit ergibt sich die M\u00f6glichkeit, in Zeit und Raum weitgespannte Einblicke in Muster gesellschaftlichen Handelns zu erhalten.<\/p>\n\n\n\n<div class=\"wp-block-image\"><figure class=\"aligncenter size-full\"><img fetchpriority=\"high\" decoding=\"async\" width=\"709\" height=\"385\" src=\"https:\/\/zbsa.eu\/wp-content\/uploads\/2021\/03\/zbsa-5.jpg\" alt=\"Das Nydamboot in der neuen Sonderausstellung.\" class=\"wp-image-1426\" srcset=\"https:\/\/zbsa.eu\/wp-content\/uploads\/2021\/03\/zbsa-5.jpg 709w, https:\/\/zbsa.eu\/wp-content\/uploads\/2021\/03\/zbsa-5-300x163.jpg 300w, https:\/\/zbsa.eu\/wp-content\/uploads\/2021\/03\/zbsa-5-16x9.jpg 16w\" sizes=\"(max-width: 709px) 100vw, 709px\" \/><figcaption>The Nydam boat in the new special exhibition<\/figcaption><\/figure><\/div>\n\n\n\n<p class=\"has-text-align-left\">Diese Muster zu erkennen, sie zu beschreiben und durch Modelle und Vergleiche zu analysieren, ist Ziel des Themenbereichs. Dabei werden soziologische sowie wissenschaftstheoretische und kommunikationswissenschaftliche Forschungsans\u00e4tze zur Diskussion der arch\u00e4ologischen Ergebnisse ber\u00fccksichtigt. Stets sind \u00e4hnliche Fragen an das Beziehungsverh\u00e4ltnis zwischen Mensch und Gemeinschaft und vice versa zu stellen: Wie pr\u00e4gt individuelles Verhalten gesellschaftliche Zust\u00e4nde, wie leiten gesellschaftliche Verh\u00e4ltnisse das Agieren der Individuen im Arbeitsgebiet?<\/p>\n\n\n\n<div class=\"wp-block-image\"><figure class=\"aligncenter size-full is-resized\"><img decoding=\"async\" src=\"https:\/\/zbsa.eu\/wp-content\/uploads\/2021\/03\/Torv_fig.jpg\" alt=\"Steinzeitliche Vierfach-Bestattung aus Veibri, Estland (Zeichnung: K. Roog; Foto: M. T\u00f5rv).\" class=\"wp-image-1427\" width=\"595\" height=\"201\" srcset=\"https:\/\/zbsa.eu\/wp-content\/uploads\/2021\/03\/Torv_fig.jpg 595w, https:\/\/zbsa.eu\/wp-content\/uploads\/2021\/03\/Torv_fig-300x101.jpg 300w, https:\/\/zbsa.eu\/wp-content\/uploads\/2021\/03\/Torv_fig-16x5.jpg 16w\" sizes=\"(max-width: 595px) 100vw, 595px\" \/><figcaption>Stone-Age quadruple burial in Veibri, Estonia (Drawing: K. Roog; Photo: M. T\u00f5rv).<\/figcaption><\/figure><\/div>\n\n\n\n<p class=\"has-text-align-left\">Beschreibungen und Analysen von Gemeinschaften in der gesamten Bandbreite ihrer Individuen, ihres inneren Geflechts und ihrer Interaktion mit anderen Gruppen stehen im Fokus dieses Themenbereichs. Weiterf\u00fchrend werden Transformationen, Kontinuit\u00e4ten und Abbr\u00fcche von gesellschaftlichen Handlungsstr\u00e4ngen, Adaptionsprozesse benachbarter Gesellschaften sowie die Weiterentwicklung oder die Aufl\u00f6sung gesellschaftlicher Einheiten diskutiert.<\/p>\n\n\n\n<h4 class=\"wp-block-heading\">The following Research Priorities are included in this Strategic Research Area:<\/h4>\n\n\n\n<p><a href=\"https:\/\/zbsa.eu\/en\/jenseits-des-grabes\/\" data-type=\"page\" data-id=\"2177\">Beyond the grave \u2013 Social and Cultural Dimensions of Mortuary Practices<br><\/a><a href=\"https:\/\/zbsa.eu\/en\/research-cluster-hedeby-slesvig-and-beyond\/\" data-type=\"page\" data-id=\"2182\">Research Cluster Hedeby, Slesvig and beyond<br><\/a><a href=\"https:\/\/zbsa.eu\/en\/das-ehemalige-ostpreussen\/\" data-type=\"page\" data-id=\"2187\">The former East Prussia within the Baltic Archaeology Network<\/a><\/p>\n\n\n\n<h4 class=\"wp-block-heading\">Laufende Forschungsprojekte des Themenbereichs:<\/h4>\n\n\n<ul class=\"wp-block-latest-posts__list wp-block-latest-posts\"><li><a class=\"wp-block-latest-posts__post-title\" href=\"https:\/\/zbsa.eu\/en\/architektur-der-macht\/\">Architektur der Macht in Nord- und Mittelosteuropa (700-1300 n.Chr.) \u2013 eigenst\u00e4ndige Entwicklung oder fr\u00e4nkische bzw. j\u00fcngere Beeinflussung?<\/a><\/li>\n<li><a class=\"wp-block-latest-posts__post-title\" href=\"https:\/\/zbsa.eu\/en\/landeplatz-bentumersiel\/\">Selected small finds from the presumed Roman landing place at Bentumersiel<\/a><\/li>\n<li><a class=\"wp-block-latest-posts__post-title\" href=\"https:\/\/zbsa.eu\/en\/ausgrabung-haithabu-flachgraeberfeld\/\">Ausgrabung Haithabu-Flachgr\u00e4berfeld<\/a><\/li>\n<li><a class=\"wp-block-latest-posts__post-title\" href=\"https:\/\/zbsa.eu\/en\/baltic-migrants-in-kyiv-rus\/\">Baltic migrants in Kyiv Rus\u2019. Comparative study of the 11th century Ostriv cemetery in Ukraine<\/a><\/li>\n<li><a class=\"wp-block-latest-posts__post-title\" href=\"https:\/\/zbsa.eu\/en\/birka-a-state-of-research\/\">Birka \u2013 A State of Research<\/a><\/li>\n<li><a class=\"wp-block-latest-posts__post-title\" href=\"https:\/\/zbsa.eu\/en\/fortification-research-comfort\/\">Community on Fortification Research (COMFORT)<\/a><\/li>\n<li><a class=\"wp-block-latest-posts__post-title\" href=\"https:\/\/zbsa.eu\/en\/kammergrab-von-poprad-slowakei\/\">The chamber grave of Migration Period at Poprad, Slovakia \u2013 an interdisciplinary research project for evaluation of an extraordinary find<\/a><\/li>\n<li><a class=\"wp-block-latest-posts__post-title\" href=\"https:\/\/zbsa.eu\/en\/chef-militaire\/\">Der Berliner \u00bbChef militaire\u00ab. Ein Prunkgrab des fr\u00fchen 5. Jhs. n. Chr.<\/a><\/li>\n<li><a class=\"wp-block-latest-posts__post-title\" href=\"https:\/\/zbsa.eu\/en\/grablege-der-udonen-in-harsefeld\/\">Die Grablege der Udonen in Harsefeld<\/a><\/li>\n<li><a class=\"wp-block-latest-posts__post-title\" href=\"https:\/\/zbsa.eu\/en\/forschungen-zum-aelterkaiserzeitlichen-fundplatz-von-hoby-lolland\/\">Forschungen zum \u00e4lterkaiserzeitlichen Fundplatz von Hoby, Lolland<\/a><\/li>\n<li><a class=\"wp-block-latest-posts__post-title\" href=\"https:\/\/zbsa.eu\/en\/forschungskontinuitaet-kontinuitaetsforschung\/\">Forschungskontinuit\u00e4t und Kontinuit\u00e4tsforschung (FKKF) &#8211; Siedlungsarch\u00e4ologische Grundlagenforschung zur Eisenzeit im Baltikum<\/a><\/li>\n<li><a class=\"wp-block-latest-posts__post-title\" href=\"https:\/\/zbsa.eu\/en\/frankische-machtsitze-und-der-norden\/\">Fr\u00e4nkische Machtsitze und der Norden<\/a><\/li>\n<li><a class=\"wp-block-latest-posts__post-title\" href=\"https:\/\/zbsa.eu\/en\/hammelev-maglemose-cremation-grave\/\">Hammelev \u2013 a Maglemose cremation grave from Southern Jutland, Denmark<\/a><\/li>\n<li><a class=\"wp-block-latest-posts__post-title\" href=\"https:\/\/zbsa.eu\/en\/hanoa\/\">HaNOA: H\u00e4fen im Nordatlantik \/ Harbours in the North Atlantic (800\u20131300 AD)<\/a><\/li>\n<li><a class=\"wp-block-latest-posts__post-title\" href=\"https:\/\/zbsa.eu\/en\/indikatoren-territorialer-herrschaft-im-norden\/\">Indikatoren territorialer Herrschaft im Norden? Interdisziplin\u00e4re Grundlagenforschung zum fr\u00fchen K\u00f6nigtum in Skandinavien am Beispiel der Huseby-Orte<\/a><\/li>\n<li><a class=\"wp-block-latest-posts__post-title\" href=\"https:\/\/zbsa.eu\/en\/new-dating-approaches-late-iron-age-baltic-region\/\">New dating approaches for the Late Iron Age of the South-East Baltic Region<\/a><\/li>\n<li><a class=\"wp-block-latest-posts__post-title\" href=\"https:\/\/zbsa.eu\/en\/publikation-wiskiauten\/\">Publikation \u201cWiskiauten \u2013 Die Ausgrabungen des Gr\u00e4berfeldes 1865-1945: Funde und Befunde\u201d<\/a><\/li>\n<li><a class=\"wp-block-latest-posts__post-title\" href=\"https:\/\/zbsa.eu\/en\/studien-siedlungslandschaft-wiskiauten-mochovoe\/\">Studien zur fr\u00fchmittelalterlichen Siedlungslandschaft im Samland\/ehemaligen Ostpreu\u00dfen am Beispiel des Fundplatzes Wiskiauten (Mochovoe)<\/a><\/li>\n<li><a class=\"wp-block-latest-posts__post-title\" href=\"https:\/\/zbsa.eu\/en\/urbanisation-of-viking-age-scandinavia\/\">Urbanisation of Viking-age Scandinavia<\/a><\/li>\n<\/ul>","protected":false},"excerpt":{"rendered":"<p>Der Themenbereich \u201cMensch und Gesellschaft\u201d behandelt im geographischen und zeitlichen Rahmen des ZBSA eine Vielzahl unterschiedlicher arch\u00e4ologisch fassbarer Individuen und Gruppen. Diese sind aber vor dem Hintergrund besonderer Charakteristika des Arbeitsgebietes zu betrachten. Nord- und Ostsee bedingen zum einen Kommunikationslinien und -netze, zum anderen gliedern und begrenzen sie aber auch Siedlungsgebiete und geben somit Ansto\u00df zu Auspr\u00e4gungen unterschiedlicher geografischer Siedlungs- und Handlungseinheiten. Die Geografie, die Randlage an den oft impulsgebend gedachten Arealen Mittel- und S\u00fcdeuropas sowie die speziellen maritimen Kommunikationsbedingungen haben somit besondere gesellschaftliche Strukturen und Zw\u00e4nge geschaffen. Beispielsweise sind knappe oder nicht vorhandene Metallvorkommen \u2013 im Gegensatz zu s\u00fcdlicher gelegenen Regionen West-, Mittel- und Osteuropas \u2013 ein Grund f\u00fcr einen st\u00e4ndig aufrechtzuerhaltenden Zwang zur Einfuhr von Rohmaterialien, die dann innerhalb des Arbeitsgebietes distribuiert und zur Statusmarkierung genutzt wurden. Zudem stellen die Regionen des Baltikums und Skandinaviens Bereiche dar, in denen kulturelle, und damit gesellschaftliche Kontinuit\u00e4ten in oft beachtlichen Zeitdimensionen zu verfolgen sind. Somit ergibt sich die M\u00f6glichkeit, in Zeit und Raum weitgespannte Einblicke in Muster gesellschaftlichen Handelns zu erhalten. Diese Muster zu erkennen, sie zu beschreiben und durch Modelle und Vergleiche zu analysieren, ist Ziel des Themenbereichs. Dabei werden soziologische sowie wissenschaftstheoretische und kommunikationswissenschaftliche Forschungsans\u00e4tze zur Diskussion der arch\u00e4ologischen Ergebnisse ber\u00fccksichtigt. Stets sind \u00e4hnliche Fragen an das Beziehungsverh\u00e4ltnis zwischen Mensch und Gemeinschaft und vice versa zu stellen: Wie pr\u00e4gt individuelles Verhalten gesellschaftliche Zust\u00e4nde, wie leiten gesellschaftliche Verh\u00e4ltnisse das Agieren der Individuen im Arbeitsgebiet? Beschreibungen und Analysen von Gemeinschaften in der gesamten Bandbreite ihrer Individuen, ihres inneren Geflechts und ihrer Interaktion mit anderen Gruppen stehen im Fokus dieses Themenbereichs. Weiterf\u00fchrend werden Transformationen, Kontinuit\u00e4ten und Abbr\u00fcche von gesellschaftlichen Handlungsstr\u00e4ngen, Adaptionsprozesse benachbarter Gesellschaften sowie die Weiterentwicklung oder die Aufl\u00f6sung gesellschaftlicher Einheiten diskutiert. Dem Themenbereich geh\u00f6ren folgende Forschungsschwerpunkte an: Jenseits des Grabes \u2013 Soziale und kulturelle Dimensionen des Umgangs mit dem TodResearch Cluster Hedeby, Slesvig and beyondDas ehemalige Ostpreu\u00dfen im Netzwerk baltischer Arch\u00e4ologie Laufende Forschungsprojekte des Themenbereichs:<\/p>","protected":false},"author":3,"featured_media":0,"parent":0,"menu_order":0,"comment_status":"closed","ping_status":"closed","template":"","meta":{"_eb_attr":"","inline_featured_image":false,"footnotes":""},"class_list":["post-1424","page","type-page","status-publish","hentry"],"yoast_head":"<!-- This site is optimized with the Yoast SEO plugin v24.4 - https:\/\/yoast.com\/wordpress\/plugins\/seo\/ -->\n<title>Mensch und Gesellschaft - Zentrum f\u00fcr Baltische und Skandinavische Arch\u00e4ologie (ZBSA) \u2014 Zentrum f\u00fcr Baltische und Skandinavische Arch\u00e4ologie<\/title>\n<meta name=\"robots\" content=\"index, follow, max-snippet:-1, max-image-preview:large, max-video-preview:-1\" \/>\n<link rel=\"canonical\" href=\"https:\/\/zbsa.eu\/en\/mensch-und-gesellschaft\/\" \/>\n<meta property=\"og:locale\" content=\"en_GB\" \/>\n<meta property=\"og:type\" content=\"article\" \/>\n<meta property=\"og:title\" content=\"Mensch und Gesellschaft - Zentrum f\u00fcr Baltische und Skandinavische Arch\u00e4ologie (ZBSA) \u2014 Zentrum f\u00fcr Baltische und Skandinavische Arch\u00e4ologie\" \/>\n<meta property=\"og:description\" content=\"Der Themenbereich \u201cMensch und Gesellschaft\u201d behandelt im geographischen und zeitlichen Rahmen des ZBSA eine Vielzahl unterschiedlicher arch\u00e4ologisch fassbarer Individuen und Gruppen. Diese sind aber vor dem Hintergrund besonderer Charakteristika des Arbeitsgebietes zu betrachten. Nord- und Ostsee bedingen zum einen Kommunikationslinien und -netze, zum anderen gliedern und begrenzen sie aber auch Siedlungsgebiete und geben somit Ansto\u00df zu Auspr\u00e4gungen unterschiedlicher geografischer Siedlungs- und Handlungseinheiten. Die Geografie, die Randlage an den oft impulsgebend gedachten Arealen Mittel- und S\u00fcdeuropas sowie die speziellen maritimen Kommunikationsbedingungen haben somit besondere gesellschaftliche Strukturen und Zw\u00e4nge geschaffen. Beispielsweise sind knappe oder nicht vorhandene Metallvorkommen \u2013 im Gegensatz zu s\u00fcdlicher gelegenen Regionen West-, Mittel- und Osteuropas \u2013 ein Grund f\u00fcr einen st\u00e4ndig aufrechtzuerhaltenden Zwang zur Einfuhr von Rohmaterialien, die dann innerhalb des Arbeitsgebietes distribuiert und zur Statusmarkierung genutzt wurden. Zudem stellen die Regionen des Baltikums und Skandinaviens Bereiche dar, in denen kulturelle, und damit gesellschaftliche Kontinuit\u00e4ten in oft beachtlichen Zeitdimensionen zu verfolgen sind. Somit ergibt sich die M\u00f6glichkeit, in Zeit und Raum weitgespannte Einblicke in Muster gesellschaftlichen Handelns zu erhalten. Diese Muster zu erkennen, sie zu beschreiben und durch Modelle und Vergleiche zu analysieren, ist Ziel des Themenbereichs. Dabei werden soziologische sowie wissenschaftstheoretische und kommunikationswissenschaftliche Forschungsans\u00e4tze zur Diskussion der arch\u00e4ologischen Ergebnisse ber\u00fccksichtigt. Stets sind \u00e4hnliche Fragen an das Beziehungsverh\u00e4ltnis zwischen Mensch und Gemeinschaft und vice versa zu stellen: Wie pr\u00e4gt individuelles Verhalten gesellschaftliche Zust\u00e4nde, wie leiten gesellschaftliche Verh\u00e4ltnisse das Agieren der Individuen im Arbeitsgebiet? Beschreibungen und Analysen von Gemeinschaften in der gesamten Bandbreite ihrer Individuen, ihres inneren Geflechts und ihrer Interaktion mit anderen Gruppen stehen im Fokus dieses Themenbereichs. Weiterf\u00fchrend werden Transformationen, Kontinuit\u00e4ten und Abbr\u00fcche von gesellschaftlichen Handlungsstr\u00e4ngen, Adaptionsprozesse benachbarter Gesellschaften sowie die Weiterentwicklung oder die Aufl\u00f6sung gesellschaftlicher Einheiten diskutiert. Dem Themenbereich geh\u00f6ren folgende Forschungsschwerpunkte an: Jenseits des Grabes \u2013 Soziale und kulturelle Dimensionen des Umgangs mit dem TodResearch Cluster Hedeby, Slesvig and beyondDas ehemalige Ostpreu\u00dfen im Netzwerk baltischer Arch\u00e4ologie Laufende Forschungsprojekte des Themenbereichs:\" \/>\n<meta property=\"og:url\" content=\"https:\/\/zbsa.eu\/en\/mensch-und-gesellschaft\/\" \/>\n<meta property=\"og:site_name\" content=\"Zentrum f\u00fcr Baltische und Skandinavische Arch\u00e4ologie (ZBSA) \u2014 Zentrum f\u00fcr Baltische und Skandinavische Arch\u00e4ologie\" \/>\n<meta property=\"article:modified_time\" content=\"2021-10-19T09:25:28+00:00\" \/>\n<meta property=\"og:image\" content=\"https:\/\/zbsa.eu\/wp-content\/uploads\/2021\/03\/zbsa-5.jpg\" \/>\n<meta name=\"twitter:card\" content=\"summary_large_image\" \/>\n<meta name=\"twitter:label1\" content=\"Estimated reading time\" \/>\n\t<meta name=\"twitter:data1\" content=\"2 minutes\" \/>\n<script type=\"application\/ld+json\" class=\"yoast-schema-graph\">{\"@context\":\"https:\/\/schema.org\",\"@graph\":[{\"@type\":\"WebPage\",\"@id\":\"https:\/\/zbsa.eu\/mensch-und-gesellschaft\/\",\"url\":\"https:\/\/zbsa.eu\/mensch-und-gesellschaft\/\",\"name\":\"Mensch und Gesellschaft - Zentrum f\u00fcr Baltische und Skandinavische Arch\u00e4ologie (ZBSA) \u2014 Zentrum f\u00fcr Baltische und Skandinavische Arch\u00e4ologie\",\"isPartOf\":{\"@id\":\"https:\/\/zbsa.eu\/#website\"},\"primaryImageOfPage\":{\"@id\":\"https:\/\/zbsa.eu\/mensch-und-gesellschaft\/#primaryimage\"},\"image\":{\"@id\":\"https:\/\/zbsa.eu\/mensch-und-gesellschaft\/#primaryimage\"},\"thumbnailUrl\":\"https:\/\/zbsa.eu\/wp-content\/uploads\/2021\/03\/zbsa-5.jpg\",\"datePublished\":\"2021-03-09T10:09:40+00:00\",\"dateModified\":\"2021-10-19T09:25:28+00:00\",\"breadcrumb\":{\"@id\":\"https:\/\/zbsa.eu\/mensch-und-gesellschaft\/#breadcrumb\"},\"inLanguage\":\"en-GB\",\"potentialAction\":[{\"@type\":\"ReadAction\",\"target\":[\"https:\/\/zbsa.eu\/mensch-und-gesellschaft\/\"]}]},{\"@type\":\"ImageObject\",\"inLanguage\":\"en-GB\",\"@id\":\"https:\/\/zbsa.eu\/mensch-und-gesellschaft\/#primaryimage\",\"url\":\"https:\/\/zbsa.eu\/wp-content\/uploads\/2021\/03\/zbsa-5.jpg\",\"contentUrl\":\"https:\/\/zbsa.eu\/wp-content\/uploads\/2021\/03\/zbsa-5.jpg\"},{\"@type\":\"BreadcrumbList\",\"@id\":\"https:\/\/zbsa.eu\/mensch-und-gesellschaft\/#breadcrumb\",\"itemListElement\":[{\"@type\":\"ListItem\",\"position\":1,\"name\":\"Startseite\",\"item\":\"https:\/\/zbsa.eu\/\"},{\"@type\":\"ListItem\",\"position\":2,\"name\":\"Mensch und Gesellschaft\"}]},{\"@type\":\"WebSite\",\"@id\":\"https:\/\/zbsa.eu\/#website\",\"url\":\"https:\/\/zbsa.eu\/\",\"name\":\"Zentrum f\u00fcr Baltische und Skandinavische Arch\u00e4ologie (ZBSA) \u2014 Zentrum f\u00fcr Baltische und Skandinavische Arch\u00e4ologie\",\"description\":\"\",\"potentialAction\":[{\"@type\":\"SearchAction\",\"target\":{\"@type\":\"EntryPoint\",\"urlTemplate\":\"https:\/\/zbsa.eu\/?s={search_term_string}\"},\"query-input\":{\"@type\":\"PropertyValueSpecification\",\"valueRequired\":true,\"valueName\":\"search_term_string\"}}],\"inLanguage\":\"en-GB\"}]}<\/script>\n<!-- \/ Yoast SEO plugin. -->","yoast_head_json":{"title":"Mensch und Gesellschaft - Zentrum f\u00fcr Baltische und Skandinavische Arch\u00e4ologie (ZBSA) \u2014 Zentrum f\u00fcr Baltische und Skandinavische Arch\u00e4ologie","robots":{"index":"index","follow":"follow","max-snippet":"max-snippet:-1","max-image-preview":"max-image-preview:large","max-video-preview":"max-video-preview:-1"},"canonical":"https:\/\/zbsa.eu\/en\/mensch-und-gesellschaft\/","og_locale":"en_GB","og_type":"article","og_title":"Mensch und Gesellschaft - Zentrum f\u00fcr Baltische und Skandinavische Arch\u00e4ologie (ZBSA) \u2014 Zentrum f\u00fcr Baltische und Skandinavische Arch\u00e4ologie","og_description":"Der Themenbereich \u201cMensch und Gesellschaft\u201d behandelt im geographischen und zeitlichen Rahmen des ZBSA eine Vielzahl unterschiedlicher arch\u00e4ologisch fassbarer Individuen und Gruppen. Diese sind aber vor dem Hintergrund besonderer Charakteristika des Arbeitsgebietes zu betrachten. Nord- und Ostsee bedingen zum einen Kommunikationslinien und -netze, zum anderen gliedern und begrenzen sie aber auch Siedlungsgebiete und geben somit Ansto\u00df zu Auspr\u00e4gungen unterschiedlicher geografischer Siedlungs- und Handlungseinheiten. Die Geografie, die Randlage an den oft impulsgebend gedachten Arealen Mittel- und S\u00fcdeuropas sowie die speziellen maritimen Kommunikationsbedingungen haben somit besondere gesellschaftliche Strukturen und Zw\u00e4nge geschaffen. Beispielsweise sind knappe oder nicht vorhandene Metallvorkommen \u2013 im Gegensatz zu s\u00fcdlicher gelegenen Regionen West-, Mittel- und Osteuropas \u2013 ein Grund f\u00fcr einen st\u00e4ndig aufrechtzuerhaltenden Zwang zur Einfuhr von Rohmaterialien, die dann innerhalb des Arbeitsgebietes distribuiert und zur Statusmarkierung genutzt wurden. Zudem stellen die Regionen des Baltikums und Skandinaviens Bereiche dar, in denen kulturelle, und damit gesellschaftliche Kontinuit\u00e4ten in oft beachtlichen Zeitdimensionen zu verfolgen sind. Somit ergibt sich die M\u00f6glichkeit, in Zeit und Raum weitgespannte Einblicke in Muster gesellschaftlichen Handelns zu erhalten. Diese Muster zu erkennen, sie zu beschreiben und durch Modelle und Vergleiche zu analysieren, ist Ziel des Themenbereichs. Dabei werden soziologische sowie wissenschaftstheoretische und kommunikationswissenschaftliche Forschungsans\u00e4tze zur Diskussion der arch\u00e4ologischen Ergebnisse ber\u00fccksichtigt. Stets sind \u00e4hnliche Fragen an das Beziehungsverh\u00e4ltnis zwischen Mensch und Gemeinschaft und vice versa zu stellen: Wie pr\u00e4gt individuelles Verhalten gesellschaftliche Zust\u00e4nde, wie leiten gesellschaftliche Verh\u00e4ltnisse das Agieren der Individuen im Arbeitsgebiet? Beschreibungen und Analysen von Gemeinschaften in der gesamten Bandbreite ihrer Individuen, ihres inneren Geflechts und ihrer Interaktion mit anderen Gruppen stehen im Fokus dieses Themenbereichs. Weiterf\u00fchrend werden Transformationen, Kontinuit\u00e4ten und Abbr\u00fcche von gesellschaftlichen Handlungsstr\u00e4ngen, Adaptionsprozesse benachbarter Gesellschaften sowie die Weiterentwicklung oder die Aufl\u00f6sung gesellschaftlicher Einheiten diskutiert. Dem Themenbereich geh\u00f6ren folgende Forschungsschwerpunkte an: Jenseits des Grabes \u2013 Soziale und kulturelle Dimensionen des Umgangs mit dem TodResearch Cluster Hedeby, Slesvig and beyondDas ehemalige Ostpreu\u00dfen im Netzwerk baltischer Arch\u00e4ologie Laufende Forschungsprojekte des Themenbereichs:","og_url":"https:\/\/zbsa.eu\/en\/mensch-und-gesellschaft\/","og_site_name":"Zentrum f\u00fcr Baltische und Skandinavische Arch\u00e4ologie (ZBSA) \u2014 Zentrum f\u00fcr Baltische und Skandinavische Arch\u00e4ologie","article_modified_time":"2021-10-19T09:25:28+00:00","og_image":[{"url":"https:\/\/zbsa.eu\/wp-content\/uploads\/2021\/03\/zbsa-5.jpg","type":"","width":"","height":""}],"twitter_card":"summary_large_image","twitter_misc":{"Estimated reading time":"2 minutes"},"schema":{"@context":"https:\/\/schema.org","@graph":[{"@type":"WebPage","@id":"https:\/\/zbsa.eu\/mensch-und-gesellschaft\/","url":"https:\/\/zbsa.eu\/mensch-und-gesellschaft\/","name":"Mensch und Gesellschaft - Zentrum f\u00fcr Baltische und Skandinavische Arch\u00e4ologie (ZBSA) \u2014 Zentrum f\u00fcr Baltische und Skandinavische Arch\u00e4ologie","isPartOf":{"@id":"https:\/\/zbsa.eu\/#website"},"primaryImageOfPage":{"@id":"https:\/\/zbsa.eu\/mensch-und-gesellschaft\/#primaryimage"},"image":{"@id":"https:\/\/zbsa.eu\/mensch-und-gesellschaft\/#primaryimage"},"thumbnailUrl":"https:\/\/zbsa.eu\/wp-content\/uploads\/2021\/03\/zbsa-5.jpg","datePublished":"2021-03-09T10:09:40+00:00","dateModified":"2021-10-19T09:25:28+00:00","breadcrumb":{"@id":"https:\/\/zbsa.eu\/mensch-und-gesellschaft\/#breadcrumb"},"inLanguage":"en-GB","potentialAction":[{"@type":"ReadAction","target":["https:\/\/zbsa.eu\/mensch-und-gesellschaft\/"]}]},{"@type":"ImageObject","inLanguage":"en-GB","@id":"https:\/\/zbsa.eu\/mensch-und-gesellschaft\/#primaryimage","url":"https:\/\/zbsa.eu\/wp-content\/uploads\/2021\/03\/zbsa-5.jpg","contentUrl":"https:\/\/zbsa.eu\/wp-content\/uploads\/2021\/03\/zbsa-5.jpg"},{"@type":"BreadcrumbList","@id":"https:\/\/zbsa.eu\/mensch-und-gesellschaft\/#breadcrumb","itemListElement":[{"@type":"ListItem","position":1,"name":"Startseite","item":"https:\/\/zbsa.eu\/"},{"@type":"ListItem","position":2,"name":"Mensch und Gesellschaft"}]},{"@type":"WebSite","@id":"https:\/\/zbsa.eu\/#website","url":"https:\/\/zbsa.eu\/","name":"Zentrum f\u00fcr Baltische und Skandinavische Arch\u00e4ologie (ZBSA) \u2014 Zentrum f\u00fcr Baltische und Skandinavische Arch\u00e4ologie","description":"","potentialAction":[{"@type":"SearchAction","target":{"@type":"EntryPoint","urlTemplate":"https:\/\/zbsa.eu\/?s={search_term_string}"},"query-input":{"@type":"PropertyValueSpecification","valueRequired":true,"valueName":"search_term_string"}}],"inLanguage":"en-GB"}]}},"acf":[],"_links":{"self":[{"href":"https:\/\/zbsa.eu\/en\/wp-json\/wp\/v2\/pages\/1424","targetHints":{"allow":["GET"]}}],"collection":[{"href":"https:\/\/zbsa.eu\/en\/wp-json\/wp\/v2\/pages"}],"about":[{"href":"https:\/\/zbsa.eu\/en\/wp-json\/wp\/v2\/types\/page"}],"author":[{"embeddable":true,"href":"https:\/\/zbsa.eu\/en\/wp-json\/wp\/v2\/users\/3"}],"replies":[{"embeddable":true,"href":"https:\/\/zbsa.eu\/en\/wp-json\/wp\/v2\/comments?post=1424"}],"version-history":[{"count":11,"href":"https:\/\/zbsa.eu\/en\/wp-json\/wp\/v2\/pages\/1424\/revisions"}],"predecessor-version":[{"id":8266,"href":"https:\/\/zbsa.eu\/en\/wp-json\/wp\/v2\/pages\/1424\/revisions\/8266"}],"wp:attachment":[{"href":"https:\/\/zbsa.eu\/en\/wp-json\/wp\/v2\/media?parent=1424"}],"curies":[{"name":"wp","href":"https:\/\/api.w.org\/{rel}","templated":true}]}}