{"id":2168,"date":"2021-03-14T13:47:29","date_gmt":"2021-03-14T12:47:29","guid":{"rendered":"https:\/\/zbsa.eu\/?page_id=2168"},"modified":"2021-10-05T11:25:09","modified_gmt":"2021-10-05T09:25:09","slug":"forschungsschwerpunkte","status":"publish","type":"page","link":"https:\/\/zbsa.eu\/en\/forschungsschwerpunkte\/","title":{"rendered":"Research Priorities"},"content":{"rendered":"<div data-elementor-type=\"wp-page\" data-elementor-id=\"2168\" class=\"elementor elementor-2168\" data-elementor-post-type=\"page\">\n\t\t\t\t\t\t<section data-particle_enable=\"false\" data-particle-mobile-disabled=\"false\" class=\"elementor-section elementor-top-section elementor-element elementor-element-443c6dbd elementor-section-boxed elementor-section-height-default elementor-section-height-default\" data-id=\"443c6dbd\" data-element_type=\"section\">\n\t\t\t\t\t\t<div class=\"elementor-container elementor-column-gap-default\">\n\t\t\t\t\t<div class=\"elementor-column elementor-col-100 elementor-top-column elementor-element elementor-element-6fdcb8ed\" data-id=\"6fdcb8ed\" data-element_type=\"column\">\n\t\t\t<div class=\"elementor-widget-wrap elementor-element-populated\">\n\t\t\t\t\t\t<div class=\"elementor-element elementor-element-9034f7c elementor-widget elementor-widget-text-editor\" data-id=\"9034f7c\" data-element_type=\"widget\" data-widget_type=\"text-editor.default\">\n\t\t\t\t<div class=\"elementor-widget-container\">\n\t\t\t\t\t\t\t\t\t<p><\/p>\n<p><strong>Structure and function of Research Priorities in the ZBSA<\/strong><\/p>\n<p><\/p>\n<p><\/p>\n<p>Forschungsschwerpunkte sind Verb\u00fcnde von wissenschaftlichen Mitarbeiterinnen und Mitarbeitern des ZBSA, in denen gemeinsame Forschungsfragen unterschiedlicher Projekte diskutiert werden. Die Forschungsschwerpunkte werden nach den \u00fcbergeordneten wissenschaftlichen Ausrichtungen und Alleinstellungsmerkmalen des ZBSA-Arbeitsgebietes konzipiert.<\/p>\n<p><\/p>\n<p><\/p>\n<p>They are assigned to the individual Strategic Research Areas, although their content can overlap. Each ZBSA researcher is assigned to at least one of the Research Priorities.<\/p>\n<p><\/p>\n<p><\/p>\n<p>The Research Priorities contribute to the internal scientific exchange of ideas, internal quality control and sharpening the research profile of ZBSA while keeping in mind its fundamental field of study. The research priority teams can also invite guests to develop project ideas, organise events and prepare publications.<\/p>\n<p><\/p>\n<p><\/p>\n<p>Forschungsschwerpunkte werden von Forschenden des ZBSA in Absprache mit den Themenbereichs-Koordinatorinnen und Koordinatoren und der Wissenschaftlichen Leitung gegr\u00fcndet, benannt und aufgel\u00f6st. Dabei k\u00f6nnen Inhalt, Aktivit\u00e4t, Bedeutung und Gr\u00f6\u00dfe der jeweiligen Forschungsschwerpunkte unterschiedlich sein.<\/p>\n<p><\/p>\n<p><\/p>\n<p>Die Beteiligten der Forschungsschwerpunkte treffen sich regelm\u00e4\u00dfig, die Diskussionen sollten sowohl laufende Projekte als auch \u00fcbergeordnete Fragenkomplexe mit Bezug auf die Alleinstellungsmerkmale des ZBSA betreffen und zielgerichtet nach diachronen und synergetischen Effekten suchen. Mindestens einmal pro Jahr findet eine \u00bbInventur\u00ab statt, bei der Stand und Perspektiven der jeweiligen Forschungsschwerpunkte vorgestellt und diskutiert werden. Die Doktorand<span style=\"color: var( --e-global-color-text ); font-family: var( --e-global-typography-text-font-family ), Sans-serif; letter-spacing: 0px;\">innen und Doktorand<\/span><span style=\"letter-spacing: 0px; color: var( --e-global-color-text ); font-family: var( --e-global-typography-text-font-family ), Sans-serif;\">en des ZBSA m\u00fcssen einem Forschungsschwerpunkt zugeordnet sein. Gastforscherinnen und Gastforscher mit l\u00e4ngerem Aufenthalt sollen in Forschungsschwerpunkte integriert und an den entsprechenden Treffen beteiligt werden.<\/span><\/p>\n<p><\/p>\t\t\t\t\t\t\t\t<\/div>\n\t\t\t\t<\/div>\n\t\t\t\t\t<\/div>\n\t\t<\/div>\n\t\t\t\t\t<\/div>\n\t\t<\/section>\n\t\t\t\t<\/div>","protected":false},"excerpt":{"rendered":"<p>Struktur und Funktion der Forschungsschwerpunkte am ZBSA Forschungsschwerpunkte sind Verb\u00fcnde von wissenschaftlichen Mitarbeiterinnen und Mitarbeitern des ZBSA, in denen gemeinsame Forschungsfragen unterschiedlicher Projekte diskutiert werden. Die Forschungsschwerpunkte werden nach den \u00fcbergeordneten wissenschaftlichen Ausrichtungen und Alleinstellungsmerkmalen des ZBSA-Arbeitsgebietes konzipiert. Sie sind den einzelnen Themenbereichen zugeordnet, k\u00f6nnen deren Grenzen jedoch auch inhaltlich \u00fcberschreiten. Jede Forscherin und jeder Forscher des ZBSA ist Mitglied von mindestens einem Forschungsschwerpunkt. Die Forschungsschwerpunkte dienen dem internen wissenschaftlichen Austausch, der internen Qualit\u00e4tssicherung und der Profilierung des ZBSA unter Ber\u00fccksichtigung seiner grundlegenden Forschungsausrichtung. Die Schwerpunkte k\u00f6nnen dazu auch G\u00e4ste einladen, Projektideen entwickeln, Veranstaltungen organisieren und Publikationen auf den Weg bringen. Forschungsschwerpunkte werden von Forschenden des ZBSA in Absprache mit den Themenbereichs-Koordinatorinnen und Koordinatoren und der Wissenschaftlichen Leitung gegr\u00fcndet, benannt und aufgel\u00f6st. Dabei k\u00f6nnen Inhalt, Aktivit\u00e4t, Bedeutung und Gr\u00f6\u00dfe der jeweiligen Forschungsschwerpunkte unterschiedlich sein. Die Beteiligten der Forschungsschwerpunkte treffen sich regelm\u00e4\u00dfig, die Diskussionen sollten sowohl laufende Projekte als auch \u00fcbergeordnete Fragenkomplexe mit Bezug auf die Alleinstellungsmerkmale des ZBSA betreffen und zielgerichtet nach diachronen und synergetischen Effekten suchen. Mindestens einmal pro Jahr findet eine \u00bbInventur\u00ab statt, bei der Stand und Perspektiven der jeweiligen Forschungsschwerpunkte vorgestellt und diskutiert werden. Die Doktorandinnen und Doktoranden des ZBSA m\u00fcssen einem Forschungsschwerpunkt zugeordnet sein. Gastforscherinnen und Gastforscher mit l\u00e4ngerem Aufenthalt sollen in Forschungsschwerpunkte integriert und an den entsprechenden Treffen beteiligt werden.<\/p>","protected":false},"author":1,"featured_media":0,"parent":0,"menu_order":0,"comment_status":"closed","ping_status":"closed","template":"","meta":{"_eb_attr":"","inline_featured_image":false,"footnotes":""},"class_list":["post-2168","page","type-page","status-publish","hentry"],"yoast_head":"<!-- This site is optimized with the Yoast SEO plugin v24.4 - https:\/\/yoast.com\/wordpress\/plugins\/seo\/ -->\n<title>Forschungsschwerpunkte - Zentrum f\u00fcr Baltische und Skandinavische Arch\u00e4ologie (ZBSA) \u2014 Zentrum f\u00fcr Baltische und Skandinavische Arch\u00e4ologie<\/title>\n<meta name=\"robots\" content=\"index, follow, max-snippet:-1, max-image-preview:large, max-video-preview:-1\" \/>\n<link rel=\"canonical\" href=\"https:\/\/zbsa.eu\/en\/forschungsschwerpunkte\/\" \/>\n<meta property=\"og:locale\" content=\"en_GB\" \/>\n<meta property=\"og:type\" content=\"article\" \/>\n<meta property=\"og:title\" content=\"Forschungsschwerpunkte - Zentrum f\u00fcr Baltische und Skandinavische Arch\u00e4ologie (ZBSA) \u2014 Zentrum f\u00fcr Baltische und Skandinavische Arch\u00e4ologie\" \/>\n<meta property=\"og:description\" content=\"Struktur und Funktion der Forschungsschwerpunkte am ZBSA Forschungsschwerpunkte sind Verb\u00fcnde von wissenschaftlichen Mitarbeiterinnen und Mitarbeitern des ZBSA, in denen gemeinsame Forschungsfragen unterschiedlicher Projekte diskutiert werden. Die Forschungsschwerpunkte werden nach den \u00fcbergeordneten wissenschaftlichen Ausrichtungen und Alleinstellungsmerkmalen des ZBSA-Arbeitsgebietes konzipiert. Sie sind den einzelnen Themenbereichen zugeordnet, k\u00f6nnen deren Grenzen jedoch auch inhaltlich \u00fcberschreiten. Jede Forscherin und jeder Forscher des ZBSA ist Mitglied von mindestens einem Forschungsschwerpunkt. Die Forschungsschwerpunkte dienen dem internen wissenschaftlichen Austausch, der internen Qualit\u00e4tssicherung und der Profilierung des ZBSA unter Ber\u00fccksichtigung seiner grundlegenden Forschungsausrichtung. Die Schwerpunkte k\u00f6nnen dazu auch G\u00e4ste einladen, Projektideen entwickeln, Veranstaltungen organisieren und Publikationen auf den Weg bringen. Forschungsschwerpunkte werden von Forschenden des ZBSA in Absprache mit den Themenbereichs-Koordinatorinnen und Koordinatoren und der Wissenschaftlichen Leitung gegr\u00fcndet, benannt und aufgel\u00f6st. Dabei k\u00f6nnen Inhalt, Aktivit\u00e4t, Bedeutung und Gr\u00f6\u00dfe der jeweiligen Forschungsschwerpunkte unterschiedlich sein. Die Beteiligten der Forschungsschwerpunkte treffen sich regelm\u00e4\u00dfig, die Diskussionen sollten sowohl laufende Projekte als auch \u00fcbergeordnete Fragenkomplexe mit Bezug auf die Alleinstellungsmerkmale des ZBSA betreffen und zielgerichtet nach diachronen und synergetischen Effekten suchen. Mindestens einmal pro Jahr findet eine \u00bbInventur\u00ab statt, bei der Stand und Perspektiven der jeweiligen Forschungsschwerpunkte vorgestellt und diskutiert werden. Die Doktorandinnen und Doktoranden des ZBSA m\u00fcssen einem Forschungsschwerpunkt zugeordnet sein. Gastforscherinnen und Gastforscher mit l\u00e4ngerem Aufenthalt sollen in Forschungsschwerpunkte integriert und an den entsprechenden Treffen beteiligt werden.\" \/>\n<meta property=\"og:url\" content=\"https:\/\/zbsa.eu\/en\/forschungsschwerpunkte\/\" \/>\n<meta property=\"og:site_name\" content=\"Zentrum f\u00fcr Baltische und Skandinavische Arch\u00e4ologie (ZBSA) \u2014 Zentrum f\u00fcr Baltische und Skandinavische Arch\u00e4ologie\" \/>\n<meta property=\"article:modified_time\" content=\"2021-10-05T09:25:09+00:00\" \/>\n<meta name=\"twitter:card\" content=\"summary_large_image\" \/>\n<meta name=\"twitter:label1\" content=\"Estimated reading time\" \/>\n\t<meta name=\"twitter:data1\" content=\"1 minute\" \/>\n<script type=\"application\/ld+json\" class=\"yoast-schema-graph\">{\"@context\":\"https:\/\/schema.org\",\"@graph\":[{\"@type\":\"WebPage\",\"@id\":\"https:\/\/zbsa.eu\/en\/forschungsschwerpunkte\/\",\"url\":\"https:\/\/zbsa.eu\/en\/forschungsschwerpunkte\/\",\"name\":\"Forschungsschwerpunkte - Zentrum f\u00fcr Baltische und Skandinavische Arch\u00e4ologie (ZBSA) \u2014 Zentrum f\u00fcr Baltische und Skandinavische Arch\u00e4ologie\",\"isPartOf\":{\"@id\":\"https:\/\/zbsa.eu\/#website\"},\"datePublished\":\"2021-03-14T12:47:29+00:00\",\"dateModified\":\"2021-10-05T09:25:09+00:00\",\"breadcrumb\":{\"@id\":\"https:\/\/zbsa.eu\/en\/forschungsschwerpunkte\/#breadcrumb\"},\"inLanguage\":\"en-GB\",\"potentialAction\":[{\"@type\":\"ReadAction\",\"target\":[\"https:\/\/zbsa.eu\/en\/forschungsschwerpunkte\/\"]}]},{\"@type\":\"BreadcrumbList\",\"@id\":\"https:\/\/zbsa.eu\/en\/forschungsschwerpunkte\/#breadcrumb\",\"itemListElement\":[{\"@type\":\"ListItem\",\"position\":1,\"name\":\"Startseite\",\"item\":\"https:\/\/zbsa.eu\/\"},{\"@type\":\"ListItem\",\"position\":2,\"name\":\"Forschungsschwerpunkte\"}]},{\"@type\":\"WebSite\",\"@id\":\"https:\/\/zbsa.eu\/#website\",\"url\":\"https:\/\/zbsa.eu\/\",\"name\":\"Zentrum f\u00fcr Baltische und Skandinavische Arch\u00e4ologie (ZBSA) \u2014 Zentrum f\u00fcr Baltische und Skandinavische Arch\u00e4ologie\",\"description\":\"\",\"potentialAction\":[{\"@type\":\"SearchAction\",\"target\":{\"@type\":\"EntryPoint\",\"urlTemplate\":\"https:\/\/zbsa.eu\/?s={search_term_string}\"},\"query-input\":{\"@type\":\"PropertyValueSpecification\",\"valueRequired\":true,\"valueName\":\"search_term_string\"}}],\"inLanguage\":\"en-GB\"}]}<\/script>\n<!-- \/ Yoast SEO plugin. -->","yoast_head_json":{"title":"Forschungsschwerpunkte - Zentrum f\u00fcr Baltische und Skandinavische Arch\u00e4ologie (ZBSA) \u2014 Zentrum f\u00fcr Baltische und Skandinavische Arch\u00e4ologie","robots":{"index":"index","follow":"follow","max-snippet":"max-snippet:-1","max-image-preview":"max-image-preview:large","max-video-preview":"max-video-preview:-1"},"canonical":"https:\/\/zbsa.eu\/en\/forschungsschwerpunkte\/","og_locale":"en_GB","og_type":"article","og_title":"Forschungsschwerpunkte - Zentrum f\u00fcr Baltische und Skandinavische Arch\u00e4ologie (ZBSA) \u2014 Zentrum f\u00fcr Baltische und Skandinavische Arch\u00e4ologie","og_description":"Struktur und Funktion der Forschungsschwerpunkte am ZBSA Forschungsschwerpunkte sind Verb\u00fcnde von wissenschaftlichen Mitarbeiterinnen und Mitarbeitern des ZBSA, in denen gemeinsame Forschungsfragen unterschiedlicher Projekte diskutiert werden. Die Forschungsschwerpunkte werden nach den \u00fcbergeordneten wissenschaftlichen Ausrichtungen und Alleinstellungsmerkmalen des ZBSA-Arbeitsgebietes konzipiert. Sie sind den einzelnen Themenbereichen zugeordnet, k\u00f6nnen deren Grenzen jedoch auch inhaltlich \u00fcberschreiten. Jede Forscherin und jeder Forscher des ZBSA ist Mitglied von mindestens einem Forschungsschwerpunkt. Die Forschungsschwerpunkte dienen dem internen wissenschaftlichen Austausch, der internen Qualit\u00e4tssicherung und der Profilierung des ZBSA unter Ber\u00fccksichtigung seiner grundlegenden Forschungsausrichtung. Die Schwerpunkte k\u00f6nnen dazu auch G\u00e4ste einladen, Projektideen entwickeln, Veranstaltungen organisieren und Publikationen auf den Weg bringen. Forschungsschwerpunkte werden von Forschenden des ZBSA in Absprache mit den Themenbereichs-Koordinatorinnen und Koordinatoren und der Wissenschaftlichen Leitung gegr\u00fcndet, benannt und aufgel\u00f6st. Dabei k\u00f6nnen Inhalt, Aktivit\u00e4t, Bedeutung und Gr\u00f6\u00dfe der jeweiligen Forschungsschwerpunkte unterschiedlich sein. Die Beteiligten der Forschungsschwerpunkte treffen sich regelm\u00e4\u00dfig, die Diskussionen sollten sowohl laufende Projekte als auch \u00fcbergeordnete Fragenkomplexe mit Bezug auf die Alleinstellungsmerkmale des ZBSA betreffen und zielgerichtet nach diachronen und synergetischen Effekten suchen. Mindestens einmal pro Jahr findet eine \u00bbInventur\u00ab statt, bei der Stand und Perspektiven der jeweiligen Forschungsschwerpunkte vorgestellt und diskutiert werden. Die Doktorandinnen und Doktoranden des ZBSA m\u00fcssen einem Forschungsschwerpunkt zugeordnet sein. Gastforscherinnen und Gastforscher mit l\u00e4ngerem Aufenthalt sollen in Forschungsschwerpunkte integriert und an den entsprechenden Treffen beteiligt werden.","og_url":"https:\/\/zbsa.eu\/en\/forschungsschwerpunkte\/","og_site_name":"Zentrum f\u00fcr Baltische und Skandinavische Arch\u00e4ologie (ZBSA) \u2014 Zentrum f\u00fcr Baltische und Skandinavische Arch\u00e4ologie","article_modified_time":"2021-10-05T09:25:09+00:00","twitter_card":"summary_large_image","twitter_misc":{"Estimated reading time":"1 minute"},"schema":{"@context":"https:\/\/schema.org","@graph":[{"@type":"WebPage","@id":"https:\/\/zbsa.eu\/en\/forschungsschwerpunkte\/","url":"https:\/\/zbsa.eu\/en\/forschungsschwerpunkte\/","name":"Forschungsschwerpunkte - Zentrum f\u00fcr Baltische und Skandinavische Arch\u00e4ologie (ZBSA) \u2014 Zentrum f\u00fcr Baltische und Skandinavische Arch\u00e4ologie","isPartOf":{"@id":"https:\/\/zbsa.eu\/#website"},"datePublished":"2021-03-14T12:47:29+00:00","dateModified":"2021-10-05T09:25:09+00:00","breadcrumb":{"@id":"https:\/\/zbsa.eu\/en\/forschungsschwerpunkte\/#breadcrumb"},"inLanguage":"en-GB","potentialAction":[{"@type":"ReadAction","target":["https:\/\/zbsa.eu\/en\/forschungsschwerpunkte\/"]}]},{"@type":"BreadcrumbList","@id":"https:\/\/zbsa.eu\/en\/forschungsschwerpunkte\/#breadcrumb","itemListElement":[{"@type":"ListItem","position":1,"name":"Startseite","item":"https:\/\/zbsa.eu\/"},{"@type":"ListItem","position":2,"name":"Forschungsschwerpunkte"}]},{"@type":"WebSite","@id":"https:\/\/zbsa.eu\/#website","url":"https:\/\/zbsa.eu\/","name":"Zentrum f\u00fcr Baltische und Skandinavische Arch\u00e4ologie (ZBSA) \u2014 Zentrum f\u00fcr Baltische und Skandinavische Arch\u00e4ologie","description":"","potentialAction":[{"@type":"SearchAction","target":{"@type":"EntryPoint","urlTemplate":"https:\/\/zbsa.eu\/?s={search_term_string}"},"query-input":{"@type":"PropertyValueSpecification","valueRequired":true,"valueName":"search_term_string"}}],"inLanguage":"en-GB"}]}},"acf":[],"_links":{"self":[{"href":"https:\/\/zbsa.eu\/en\/wp-json\/wp\/v2\/pages\/2168","targetHints":{"allow":["GET"]}}],"collection":[{"href":"https:\/\/zbsa.eu\/en\/wp-json\/wp\/v2\/pages"}],"about":[{"href":"https:\/\/zbsa.eu\/en\/wp-json\/wp\/v2\/types\/page"}],"author":[{"embeddable":true,"href":"https:\/\/zbsa.eu\/en\/wp-json\/wp\/v2\/users\/1"}],"replies":[{"embeddable":true,"href":"https:\/\/zbsa.eu\/en\/wp-json\/wp\/v2\/comments?post=2168"}],"version-history":[{"count":9,"href":"https:\/\/zbsa.eu\/en\/wp-json\/wp\/v2\/pages\/2168\/revisions"}],"predecessor-version":[{"id":7879,"href":"https:\/\/zbsa.eu\/en\/wp-json\/wp\/v2\/pages\/2168\/revisions\/7879"}],"wp:attachment":[{"href":"https:\/\/zbsa.eu\/en\/wp-json\/wp\/v2\/media?parent=2168"}],"curies":[{"name":"wp","href":"https:\/\/api.w.org\/{rel}","templated":true}]}}