{"id":2171,"date":"2021-03-14T13:49:42","date_gmt":"2021-03-14T12:49:42","guid":{"rendered":"https:\/\/zbsa.eu\/?page_id=2171"},"modified":"2021-04-28T08:52:55","modified_gmt":"2021-04-28T06:52:55","slug":"heeresausruestungsopfer","status":"publish","type":"page","link":"https:\/\/zbsa.eu\/en\/heeresausruestungsopfer\/","title":{"rendered":"Sacrifice of military equipment"},"content":{"rendered":"<p class=\"has-text-align-left\">One of the ZBSA\u2019s core study areas is the re-evaluation and publication of earlier archaeological research relating to the sacrifice of military equipment during the Roman Iron Age and the Migration Period, a phenomenon only found in southern Scandinavia and northern Germany. The typological, chronological, social and religious aspects of the comprehensive find material are analysed and the specifically ritual aspects of each category of finds are investigated in the context of cultural history. This project is expected to end in 2020, although the ZBSA will continue to be responsible for this field of research.<\/p>\n\n\n\n<p class=\"has-text-align-left translation-block\">This Research Priority is assigned to the Strategic Research Area <a href=\"https:\/\/zbsa.eu\/en\/mensch-und-artefakt\/\" data-type=\"page\" target=\"_self\">Man and Artefact<\/a>.\u00a0<\/p>\n\n\n<ul class=\"wp-block-latest-posts__list wp-block-latest-posts\"><li><a class=\"wp-block-latest-posts__post-title\" href=\"https:\/\/zbsa.eu\/en\/nydam-mose-waffenausruestungen\/\">Nydam mose \u2013 weapons<\/a><\/li>\n<\/ul>","protected":false},"excerpt":{"rendered":"<p>Die arch\u00e4ologisch-forschungsgeschichtliche Analyse und Publikation der kaiser- und v\u00f6lkerwanderungszeitlichen Heeresausr\u00fcstungsopfer, einem nur im s\u00fcdskandinavischen Raum und Norddeutschland auftretenden Ph\u00e4nomen, geh\u00f6rt zu den Kernkompetenzen der Forschung im ZBSA. Hier werden typologische, chronologische, soziale und religi\u00f6se Aspekte des reichhaltigen Fundmaterials ausgewertet und die spezielle Ritualgeschichte der Befundkategorie in Fragestellungen kulturhistorischer Dimension untersucht. Dieser Forschungsschwerpunkt wird voraussichtlich im Jahr 2020 beendet werden, wobei die thematische Kompetenz am ZBSA erhalten bleibt. Der Forschungsschwerpunkt ist dem Themenbereich Mensch und Artefakt\u00a0zugeordnet.\u00a0<\/p>","protected":false},"author":1,"featured_media":0,"parent":0,"menu_order":0,"comment_status":"closed","ping_status":"closed","template":"","meta":{"_eb_attr":"","inline_featured_image":false,"footnotes":""},"class_list":["post-2171","page","type-page","status-publish","hentry"],"yoast_head":"<!-- This site is optimized with the Yoast SEO plugin v24.4 - https:\/\/yoast.com\/wordpress\/plugins\/seo\/ -->\n<title>Heeresausr\u00fcstungsopfer - Zentrum f\u00fcr Baltische und Skandinavische Arch\u00e4ologie (ZBSA) \u2014 Zentrum f\u00fcr Baltische und Skandinavische Arch\u00e4ologie<\/title>\n<meta name=\"robots\" content=\"index, follow, max-snippet:-1, max-image-preview:large, max-video-preview:-1\" \/>\n<link rel=\"canonical\" href=\"https:\/\/zbsa.eu\/en\/heeresausruestungsopfer\/\" \/>\n<meta property=\"og:locale\" content=\"en_GB\" \/>\n<meta property=\"og:type\" content=\"article\" \/>\n<meta property=\"og:title\" content=\"Heeresausr\u00fcstungsopfer - Zentrum f\u00fcr Baltische und Skandinavische Arch\u00e4ologie (ZBSA) \u2014 Zentrum f\u00fcr Baltische und Skandinavische Arch\u00e4ologie\" \/>\n<meta property=\"og:description\" content=\"Die arch\u00e4ologisch-forschungsgeschichtliche Analyse und Publikation der kaiser- und v\u00f6lkerwanderungszeitlichen Heeresausr\u00fcstungsopfer, einem nur im s\u00fcdskandinavischen Raum und Norddeutschland auftretenden Ph\u00e4nomen, geh\u00f6rt zu den Kernkompetenzen der Forschung im ZBSA. Hier werden typologische, chronologische, soziale und religi\u00f6se Aspekte des reichhaltigen Fundmaterials ausgewertet und die spezielle Ritualgeschichte der Befundkategorie in Fragestellungen kulturhistorischer Dimension untersucht. Dieser Forschungsschwerpunkt wird voraussichtlich im Jahr 2020 beendet werden, wobei die thematische Kompetenz am ZBSA erhalten bleibt. Der Forschungsschwerpunkt ist dem Themenbereich Mensch und Artefakt\u00a0zugeordnet.\u00a0\" \/>\n<meta property=\"og:url\" content=\"https:\/\/zbsa.eu\/en\/heeresausruestungsopfer\/\" \/>\n<meta property=\"og:site_name\" content=\"Zentrum f\u00fcr Baltische und Skandinavische Arch\u00e4ologie (ZBSA) \u2014 Zentrum f\u00fcr Baltische und Skandinavische Arch\u00e4ologie\" \/>\n<meta property=\"article:modified_time\" content=\"2021-04-28T06:52:55+00:00\" \/>\n<meta name=\"twitter:card\" content=\"summary_large_image\" \/>\n<script type=\"application\/ld+json\" class=\"yoast-schema-graph\">{\"@context\":\"https:\/\/schema.org\",\"@graph\":[{\"@type\":\"WebPage\",\"@id\":\"https:\/\/zbsa.eu\/heeresausruestungsopfer\/\",\"url\":\"https:\/\/zbsa.eu\/heeresausruestungsopfer\/\",\"name\":\"Heeresausr\u00fcstungsopfer - Zentrum f\u00fcr Baltische und Skandinavische Arch\u00e4ologie (ZBSA) \u2014 Zentrum f\u00fcr Baltische und Skandinavische Arch\u00e4ologie\",\"isPartOf\":{\"@id\":\"https:\/\/zbsa.eu\/#website\"},\"datePublished\":\"2021-03-14T12:49:42+00:00\",\"dateModified\":\"2021-04-28T06:52:55+00:00\",\"breadcrumb\":{\"@id\":\"https:\/\/zbsa.eu\/heeresausruestungsopfer\/#breadcrumb\"},\"inLanguage\":\"en-GB\",\"potentialAction\":[{\"@type\":\"ReadAction\",\"target\":[\"https:\/\/zbsa.eu\/heeresausruestungsopfer\/\"]}]},{\"@type\":\"BreadcrumbList\",\"@id\":\"https:\/\/zbsa.eu\/heeresausruestungsopfer\/#breadcrumb\",\"itemListElement\":[{\"@type\":\"ListItem\",\"position\":1,\"name\":\"Startseite\",\"item\":\"https:\/\/zbsa.eu\/\"},{\"@type\":\"ListItem\",\"position\":2,\"name\":\"Heeresausr\u00fcstungsopfer\"}]},{\"@type\":\"WebSite\",\"@id\":\"https:\/\/zbsa.eu\/#website\",\"url\":\"https:\/\/zbsa.eu\/\",\"name\":\"Zentrum f\u00fcr Baltische und Skandinavische Arch\u00e4ologie (ZBSA) \u2014 Zentrum f\u00fcr Baltische und Skandinavische Arch\u00e4ologie\",\"description\":\"\",\"potentialAction\":[{\"@type\":\"SearchAction\",\"target\":{\"@type\":\"EntryPoint\",\"urlTemplate\":\"https:\/\/zbsa.eu\/?s={search_term_string}\"},\"query-input\":{\"@type\":\"PropertyValueSpecification\",\"valueRequired\":true,\"valueName\":\"search_term_string\"}}],\"inLanguage\":\"en-GB\"}]}<\/script>\n<!-- \/ Yoast SEO plugin. -->","yoast_head_json":{"title":"Heeresausr\u00fcstungsopfer - Zentrum f\u00fcr Baltische und Skandinavische Arch\u00e4ologie (ZBSA) \u2014 Zentrum f\u00fcr Baltische und Skandinavische Arch\u00e4ologie","robots":{"index":"index","follow":"follow","max-snippet":"max-snippet:-1","max-image-preview":"max-image-preview:large","max-video-preview":"max-video-preview:-1"},"canonical":"https:\/\/zbsa.eu\/en\/heeresausruestungsopfer\/","og_locale":"en_GB","og_type":"article","og_title":"Heeresausr\u00fcstungsopfer - Zentrum f\u00fcr Baltische und Skandinavische Arch\u00e4ologie (ZBSA) \u2014 Zentrum f\u00fcr Baltische und Skandinavische Arch\u00e4ologie","og_description":"Die arch\u00e4ologisch-forschungsgeschichtliche Analyse und Publikation der kaiser- und v\u00f6lkerwanderungszeitlichen Heeresausr\u00fcstungsopfer, einem nur im s\u00fcdskandinavischen Raum und Norddeutschland auftretenden Ph\u00e4nomen, geh\u00f6rt zu den Kernkompetenzen der Forschung im ZBSA. Hier werden typologische, chronologische, soziale und religi\u00f6se Aspekte des reichhaltigen Fundmaterials ausgewertet und die spezielle Ritualgeschichte der Befundkategorie in Fragestellungen kulturhistorischer Dimension untersucht. Dieser Forschungsschwerpunkt wird voraussichtlich im Jahr 2020 beendet werden, wobei die thematische Kompetenz am ZBSA erhalten bleibt. Der Forschungsschwerpunkt ist dem Themenbereich Mensch und Artefakt\u00a0zugeordnet.\u00a0","og_url":"https:\/\/zbsa.eu\/en\/heeresausruestungsopfer\/","og_site_name":"Zentrum f\u00fcr Baltische und Skandinavische Arch\u00e4ologie (ZBSA) \u2014 Zentrum f\u00fcr Baltische und Skandinavische Arch\u00e4ologie","article_modified_time":"2021-04-28T06:52:55+00:00","twitter_card":"summary_large_image","schema":{"@context":"https:\/\/schema.org","@graph":[{"@type":"WebPage","@id":"https:\/\/zbsa.eu\/heeresausruestungsopfer\/","url":"https:\/\/zbsa.eu\/heeresausruestungsopfer\/","name":"Heeresausr\u00fcstungsopfer - Zentrum f\u00fcr Baltische und Skandinavische Arch\u00e4ologie (ZBSA) \u2014 Zentrum f\u00fcr Baltische und Skandinavische Arch\u00e4ologie","isPartOf":{"@id":"https:\/\/zbsa.eu\/#website"},"datePublished":"2021-03-14T12:49:42+00:00","dateModified":"2021-04-28T06:52:55+00:00","breadcrumb":{"@id":"https:\/\/zbsa.eu\/heeresausruestungsopfer\/#breadcrumb"},"inLanguage":"en-GB","potentialAction":[{"@type":"ReadAction","target":["https:\/\/zbsa.eu\/heeresausruestungsopfer\/"]}]},{"@type":"BreadcrumbList","@id":"https:\/\/zbsa.eu\/heeresausruestungsopfer\/#breadcrumb","itemListElement":[{"@type":"ListItem","position":1,"name":"Startseite","item":"https:\/\/zbsa.eu\/"},{"@type":"ListItem","position":2,"name":"Heeresausr\u00fcstungsopfer"}]},{"@type":"WebSite","@id":"https:\/\/zbsa.eu\/#website","url":"https:\/\/zbsa.eu\/","name":"Zentrum f\u00fcr Baltische und Skandinavische Arch\u00e4ologie (ZBSA) \u2014 Zentrum f\u00fcr Baltische und Skandinavische Arch\u00e4ologie","description":"","potentialAction":[{"@type":"SearchAction","target":{"@type":"EntryPoint","urlTemplate":"https:\/\/zbsa.eu\/?s={search_term_string}"},"query-input":{"@type":"PropertyValueSpecification","valueRequired":true,"valueName":"search_term_string"}}],"inLanguage":"en-GB"}]}},"acf":[],"_links":{"self":[{"href":"https:\/\/zbsa.eu\/en\/wp-json\/wp\/v2\/pages\/2171","targetHints":{"allow":["GET"]}}],"collection":[{"href":"https:\/\/zbsa.eu\/en\/wp-json\/wp\/v2\/pages"}],"about":[{"href":"https:\/\/zbsa.eu\/en\/wp-json\/wp\/v2\/types\/page"}],"author":[{"embeddable":true,"href":"https:\/\/zbsa.eu\/en\/wp-json\/wp\/v2\/users\/1"}],"replies":[{"embeddable":true,"href":"https:\/\/zbsa.eu\/en\/wp-json\/wp\/v2\/comments?post=2171"}],"version-history":[{"count":3,"href":"https:\/\/zbsa.eu\/en\/wp-json\/wp\/v2\/pages\/2171\/revisions"}],"predecessor-version":[{"id":6322,"href":"https:\/\/zbsa.eu\/en\/wp-json\/wp\/v2\/pages\/2171\/revisions\/6322"}],"wp:attachment":[{"href":"https:\/\/zbsa.eu\/en\/wp-json\/wp\/v2\/media?parent=2171"}],"curies":[{"name":"wp","href":"https:\/\/api.w.org\/{rel}","templated":true}]}}