{"id":2173,"date":"2021-03-14T13:51:21","date_gmt":"2021-03-14T12:51:21","guid":{"rendered":"https:\/\/zbsa.eu\/?page_id=2173"},"modified":"2021-10-06T10:55:10","modified_gmt":"2021-10-06T08:55:10","slug":"bildforschung","status":"publish","type":"page","link":"https:\/\/zbsa.eu\/en\/bildforschung\/","title":{"rendered":"Visual History"},"content":{"rendered":"<p class=\"has-text-align-left\">This Research Priority focuses on the analysis of the material and immaterial dimensions of artefacts bearing images or signs, which have been found in the North and Baltic Sea regions. In principle, we investigate the languages of images and signs in all periods. Traditions that continue over several periods are as important as phenomena of limited duration. A key field of research, covering a number of projects, deals with the characteristic pictorial language in northern Europe during the first millennium AD.<\/p>\n\n\n\n<p class=\"has-text-align-left\">Der Begriff \u201eBild\u201c ist bei uns weit gefasst. Wir verstehen darunter alle fig\u00fcrlichen, ornamentalen und zeichenhaften Darstellungen, egal welche ehemalige Bedeutung als sinntragende oder rein dekorative Elemente sie in ihren originalen Zusammenh\u00e4ngen gehabt haben m\u00f6gen. Auch die Kombination von Zeichen verschiedener Qualit\u00e4t, z.B. von Bildern und Schriftzeichen, werden formal sowie auch in ihrem Verweiswert untersucht. Es geht um die Rekonstruktion von materiell manifestierter Kommunikation zwischen Menschen sowie der Kommunikation zwischen Menschen und h\u00f6heren Wesen.<\/p>\n\n\n\n<p class=\"has-text-align-left\">Ein interdisziplin\u00e4rer Ansatz ist uns besonders wichtig. Daher arbeiten wir mit einem breiten, interdisziplin\u00e4ren Netzwerk von Kooperationspartner*innen auch anderer Institutionen im In- und Ausland zusammen. Insbesondere integrieren wir Forschende verschiedener geisteswissenschaftlicher Disziplinen zur Korrelierung unterschiedlicher Zugangswege der Deutung.<\/p>\n\n\n\n<p class=\"has-text-align-left\">Zu den besonders wichtigen Objektgattungen mit Bilddarstellungen des 1. Jahrtausends geh\u00f6ren Metallobjekte wie Fibeln, Anh\u00e4nger (u.a. Goldbrakteaten), Goldblechfiguren (schwed. \u201eguldgubbar\u201c), Bildsteine (bes. Gotl\u00e4ndische Bildsteine), Runensteine sowie Kleidungs- und Waffenzubeh\u00f6re, aber auch Textilien und Holzartefakte. Sie werden in mehreren Projekten unter verschiedenen Fragestellungen bearbeitet.<\/p>\n\n\n\n<p class=\"has-text-align-left translation-block\">This Research Priority is assigned to the Strategic Research Area <a href=\"https:\/\/zbsa.eu\/en\/mensch-und-artefakt\/\" data-type=\"page\" target=\"_self\">Man and Artefact<\/a>.\u00a0<\/p>\n\n\n<ul class=\"wp-block-latest-posts__list wp-block-latest-posts\"><li><a class=\"wp-block-latest-posts__post-title\" href=\"https:\/\/zbsa.eu\/en\/archaeologische-bildwissenschaft\/\">Arch\u00e4ologische Bildwissenschaft<\/a><\/li>\n<li><a class=\"wp-block-latest-posts__post-title\" href=\"https:\/\/zbsa.eu\/en\/bildersprache\/\">Bildersprache<\/a><\/li>\n<li><a class=\"wp-block-latest-posts__post-title\" href=\"https:\/\/zbsa.eu\/en\/gotlaendische-bildsteine\/\">Digitale Neu-Edition der gotl\u00e4ndischen Bildsteine<\/a><\/li>\n<li><a class=\"wp-block-latest-posts__post-title\" href=\"https:\/\/zbsa.eu\/en\/geschichte-der-jagd\/\">Forschungen zur Geschichte der Jagd<\/a><\/li>\n<li><a class=\"wp-block-latest-posts__post-title\" href=\"https:\/\/zbsa.eu\/en\/goldblechfiguren-ikonographie-datierung-funktion\/\">Goldblechfiguren. Ikonographie, Datierung und Funktion der skandinavischen <i>guldgubbar<\/i><\/a><\/li>\n<li><a class=\"wp-block-latest-posts__post-title\" href=\"https:\/\/zbsa.eu\/en\/goldbrakteaten-der-voelkerwanderungszeit\/\">Goldbrakteaten der V\u00f6lkerwanderungszeit<\/a><\/li>\n<li><a class=\"wp-block-latest-posts__post-title\" href=\"https:\/\/zbsa.eu\/en\/medaillon-imitationen\/\">Medaillon-Imitationen \u2013 Vorbilder im R\u00f6mischen Reich, Fundumst\u00e4nde und Funktion in Nordeuropa<\/a><\/li>\n<li><a class=\"wp-block-latest-posts__post-title\" href=\"https:\/\/zbsa.eu\/en\/early-gotlandic-picture-stones\/\">Origins and Influences on Early Gotlandic Picture Stones<\/a><\/li>\n<li><a class=\"wp-block-latest-posts__post-title\" href=\"https:\/\/zbsa.eu\/en\/raptor-on-the-fist-2\/\">Raptor on the fist \u2013 falconry, its imagery  and similar motifs throughout the millennia on a global scale<\/a><\/li>\n<\/ul>","protected":false},"excerpt":{"rendered":"<p>Die Aufgabe des Forschungsschwerpunkts liegt in der Analyse der materiellen wie immateriellen Dimensionen von bildtragenden Artefakten aus dem Nord- und Ostseeraum. Wir erforschen grunds\u00e4tzlich alle Epochen mit ihren Bilder- und Zeichensprachen. Zeit\u00fcbergreifende Traditionsstr\u00e4nge spielen ebenso eine Rolle wie zeitlich klar begrenzte Ph\u00e4nomene. Ein Kernbereich mit mehreren Projekten liegt auf der charakteristischen Bildersprache des europ\u00e4ischen Nordens im ersten nachchristlichen Jahrtausend. Der Begriff \u201eBild\u201c ist bei uns weit gefasst. Wir verstehen darunter alle fig\u00fcrlichen, ornamentalen und zeichenhaften Darstellungen, egal welche ehemalige Bedeutung als sinntragende oder rein dekorative Elemente sie in ihren originalen Zusammenh\u00e4ngen gehabt haben m\u00f6gen. Auch die Kombination von Zeichen verschiedener Qualit\u00e4t, z.B. von Bildern und Schriftzeichen, werden formal sowie auch in ihrem Verweiswert untersucht. Es geht um die Rekonstruktion von materiell manifestierter Kommunikation zwischen Menschen sowie der Kommunikation zwischen Menschen und h\u00f6heren Wesen. Ein interdisziplin\u00e4rer Ansatz ist uns besonders wichtig. Daher arbeiten wir mit einem breiten, interdisziplin\u00e4ren Netzwerk von Kooperationspartner*innen auch anderer Institutionen im In- und Ausland zusammen. Insbesondere integrieren wir Forschende verschiedener geisteswissenschaftlicher Disziplinen zur Korrelierung unterschiedlicher Zugangswege der Deutung. Zu den besonders wichtigen Objektgattungen mit Bilddarstellungen des 1. Jahrtausends geh\u00f6ren Metallobjekte wie Fibeln, Anh\u00e4nger (u.a. Goldbrakteaten), Goldblechfiguren (schwed. \u201eguldgubbar\u201c), Bildsteine (bes. Gotl\u00e4ndische Bildsteine), Runensteine sowie Kleidungs- und Waffenzubeh\u00f6re, aber auch Textilien und Holzartefakte. Sie werden in mehreren Projekten unter verschiedenen Fragestellungen bearbeitet. Der Forschungsschwerpunkt ist dem Themenbereich Mensch und Artefakt&nbsp;zugeordnet.<\/p>","protected":false},"author":1,"featured_media":0,"parent":0,"menu_order":0,"comment_status":"closed","ping_status":"closed","template":"","meta":{"_eb_attr":"","inline_featured_image":false,"footnotes":""},"class_list":["post-2173","page","type-page","status-publish","hentry"],"yoast_head":"<!-- This site is optimized with the Yoast SEO plugin v24.4 - https:\/\/yoast.com\/wordpress\/plugins\/seo\/ -->\n<title>Bildforschung - Zentrum f\u00fcr Baltische und Skandinavische Arch\u00e4ologie (ZBSA) \u2014 Zentrum f\u00fcr Baltische und Skandinavische Arch\u00e4ologie<\/title>\n<meta name=\"robots\" content=\"index, follow, max-snippet:-1, max-image-preview:large, max-video-preview:-1\" \/>\n<link rel=\"canonical\" href=\"https:\/\/zbsa.eu\/en\/bildforschung\/\" \/>\n<meta property=\"og:locale\" content=\"en_GB\" \/>\n<meta property=\"og:type\" content=\"article\" \/>\n<meta property=\"og:title\" content=\"Bildforschung - Zentrum f\u00fcr Baltische und Skandinavische Arch\u00e4ologie (ZBSA) \u2014 Zentrum f\u00fcr Baltische und Skandinavische Arch\u00e4ologie\" \/>\n<meta property=\"og:description\" content=\"Die Aufgabe des Forschungsschwerpunkts liegt in der Analyse der materiellen wie immateriellen Dimensionen von bildtragenden Artefakten aus dem Nord- und Ostseeraum. Wir erforschen grunds\u00e4tzlich alle Epochen mit ihren Bilder- und Zeichensprachen. Zeit\u00fcbergreifende Traditionsstr\u00e4nge spielen ebenso eine Rolle wie zeitlich klar begrenzte Ph\u00e4nomene. Ein Kernbereich mit mehreren Projekten liegt auf der charakteristischen Bildersprache des europ\u00e4ischen Nordens im ersten nachchristlichen Jahrtausend. Der Begriff \u201eBild\u201c ist bei uns weit gefasst. Wir verstehen darunter alle fig\u00fcrlichen, ornamentalen und zeichenhaften Darstellungen, egal welche ehemalige Bedeutung als sinntragende oder rein dekorative Elemente sie in ihren originalen Zusammenh\u00e4ngen gehabt haben m\u00f6gen. Auch die Kombination von Zeichen verschiedener Qualit\u00e4t, z.B. von Bildern und Schriftzeichen, werden formal sowie auch in ihrem Verweiswert untersucht. Es geht um die Rekonstruktion von materiell manifestierter Kommunikation zwischen Menschen sowie der Kommunikation zwischen Menschen und h\u00f6heren Wesen. Ein interdisziplin\u00e4rer Ansatz ist uns besonders wichtig. Daher arbeiten wir mit einem breiten, interdisziplin\u00e4ren Netzwerk von Kooperationspartner*innen auch anderer Institutionen im In- und Ausland zusammen. Insbesondere integrieren wir Forschende verschiedener geisteswissenschaftlicher Disziplinen zur Korrelierung unterschiedlicher Zugangswege der Deutung. Zu den besonders wichtigen Objektgattungen mit Bilddarstellungen des 1. Jahrtausends geh\u00f6ren Metallobjekte wie Fibeln, Anh\u00e4nger (u.a. Goldbrakteaten), Goldblechfiguren (schwed. \u201eguldgubbar\u201c), Bildsteine (bes. Gotl\u00e4ndische Bildsteine), Runensteine sowie Kleidungs- und Waffenzubeh\u00f6re, aber auch Textilien und Holzartefakte. Sie werden in mehreren Projekten unter verschiedenen Fragestellungen bearbeitet. Der Forschungsschwerpunkt ist dem Themenbereich Mensch und Artefakt&nbsp;zugeordnet.\" \/>\n<meta property=\"og:url\" content=\"https:\/\/zbsa.eu\/en\/bildforschung\/\" \/>\n<meta property=\"og:site_name\" content=\"Zentrum f\u00fcr Baltische und Skandinavische Arch\u00e4ologie (ZBSA) \u2014 Zentrum f\u00fcr Baltische und Skandinavische Arch\u00e4ologie\" \/>\n<meta property=\"article:modified_time\" content=\"2021-10-06T08:55:10+00:00\" \/>\n<meta name=\"twitter:card\" content=\"summary_large_image\" \/>\n<meta name=\"twitter:label1\" content=\"Estimated reading time\" \/>\n\t<meta name=\"twitter:data1\" content=\"1 minute\" \/>\n<script type=\"application\/ld+json\" class=\"yoast-schema-graph\">{\"@context\":\"https:\/\/schema.org\",\"@graph\":[{\"@type\":\"WebPage\",\"@id\":\"https:\/\/zbsa.eu\/bildforschung\/\",\"url\":\"https:\/\/zbsa.eu\/bildforschung\/\",\"name\":\"Bildforschung - Zentrum f\u00fcr Baltische und Skandinavische Arch\u00e4ologie (ZBSA) \u2014 Zentrum f\u00fcr Baltische und Skandinavische Arch\u00e4ologie\",\"isPartOf\":{\"@id\":\"https:\/\/zbsa.eu\/#website\"},\"datePublished\":\"2021-03-14T12:51:21+00:00\",\"dateModified\":\"2021-10-06T08:55:10+00:00\",\"breadcrumb\":{\"@id\":\"https:\/\/zbsa.eu\/bildforschung\/#breadcrumb\"},\"inLanguage\":\"en-GB\",\"potentialAction\":[{\"@type\":\"ReadAction\",\"target\":[\"https:\/\/zbsa.eu\/bildforschung\/\"]}]},{\"@type\":\"BreadcrumbList\",\"@id\":\"https:\/\/zbsa.eu\/bildforschung\/#breadcrumb\",\"itemListElement\":[{\"@type\":\"ListItem\",\"position\":1,\"name\":\"Startseite\",\"item\":\"https:\/\/zbsa.eu\/\"},{\"@type\":\"ListItem\",\"position\":2,\"name\":\"Bildforschung\"}]},{\"@type\":\"WebSite\",\"@id\":\"https:\/\/zbsa.eu\/#website\",\"url\":\"https:\/\/zbsa.eu\/\",\"name\":\"Zentrum f\u00fcr Baltische und Skandinavische Arch\u00e4ologie (ZBSA) \u2014 Zentrum f\u00fcr Baltische und Skandinavische Arch\u00e4ologie\",\"description\":\"\",\"potentialAction\":[{\"@type\":\"SearchAction\",\"target\":{\"@type\":\"EntryPoint\",\"urlTemplate\":\"https:\/\/zbsa.eu\/?s={search_term_string}\"},\"query-input\":{\"@type\":\"PropertyValueSpecification\",\"valueRequired\":true,\"valueName\":\"search_term_string\"}}],\"inLanguage\":\"en-GB\"}]}<\/script>\n<!-- \/ Yoast SEO plugin. -->","yoast_head_json":{"title":"Bildforschung - Zentrum f\u00fcr Baltische und Skandinavische Arch\u00e4ologie (ZBSA) \u2014 Zentrum f\u00fcr Baltische und Skandinavische Arch\u00e4ologie","robots":{"index":"index","follow":"follow","max-snippet":"max-snippet:-1","max-image-preview":"max-image-preview:large","max-video-preview":"max-video-preview:-1"},"canonical":"https:\/\/zbsa.eu\/en\/bildforschung\/","og_locale":"en_GB","og_type":"article","og_title":"Bildforschung - Zentrum f\u00fcr Baltische und Skandinavische Arch\u00e4ologie (ZBSA) \u2014 Zentrum f\u00fcr Baltische und Skandinavische Arch\u00e4ologie","og_description":"Die Aufgabe des Forschungsschwerpunkts liegt in der Analyse der materiellen wie immateriellen Dimensionen von bildtragenden Artefakten aus dem Nord- und Ostseeraum. Wir erforschen grunds\u00e4tzlich alle Epochen mit ihren Bilder- und Zeichensprachen. Zeit\u00fcbergreifende Traditionsstr\u00e4nge spielen ebenso eine Rolle wie zeitlich klar begrenzte Ph\u00e4nomene. Ein Kernbereich mit mehreren Projekten liegt auf der charakteristischen Bildersprache des europ\u00e4ischen Nordens im ersten nachchristlichen Jahrtausend. Der Begriff \u201eBild\u201c ist bei uns weit gefasst. Wir verstehen darunter alle fig\u00fcrlichen, ornamentalen und zeichenhaften Darstellungen, egal welche ehemalige Bedeutung als sinntragende oder rein dekorative Elemente sie in ihren originalen Zusammenh\u00e4ngen gehabt haben m\u00f6gen. Auch die Kombination von Zeichen verschiedener Qualit\u00e4t, z.B. von Bildern und Schriftzeichen, werden formal sowie auch in ihrem Verweiswert untersucht. Es geht um die Rekonstruktion von materiell manifestierter Kommunikation zwischen Menschen sowie der Kommunikation zwischen Menschen und h\u00f6heren Wesen. Ein interdisziplin\u00e4rer Ansatz ist uns besonders wichtig. Daher arbeiten wir mit einem breiten, interdisziplin\u00e4ren Netzwerk von Kooperationspartner*innen auch anderer Institutionen im In- und Ausland zusammen. Insbesondere integrieren wir Forschende verschiedener geisteswissenschaftlicher Disziplinen zur Korrelierung unterschiedlicher Zugangswege der Deutung. Zu den besonders wichtigen Objektgattungen mit Bilddarstellungen des 1. Jahrtausends geh\u00f6ren Metallobjekte wie Fibeln, Anh\u00e4nger (u.a. Goldbrakteaten), Goldblechfiguren (schwed. \u201eguldgubbar\u201c), Bildsteine (bes. Gotl\u00e4ndische Bildsteine), Runensteine sowie Kleidungs- und Waffenzubeh\u00f6re, aber auch Textilien und Holzartefakte. Sie werden in mehreren Projekten unter verschiedenen Fragestellungen bearbeitet. Der Forschungsschwerpunkt ist dem Themenbereich Mensch und Artefakt&nbsp;zugeordnet.","og_url":"https:\/\/zbsa.eu\/en\/bildforschung\/","og_site_name":"Zentrum f\u00fcr Baltische und Skandinavische Arch\u00e4ologie (ZBSA) \u2014 Zentrum f\u00fcr Baltische und Skandinavische Arch\u00e4ologie","article_modified_time":"2021-10-06T08:55:10+00:00","twitter_card":"summary_large_image","twitter_misc":{"Estimated reading time":"1 minute"},"schema":{"@context":"https:\/\/schema.org","@graph":[{"@type":"WebPage","@id":"https:\/\/zbsa.eu\/bildforschung\/","url":"https:\/\/zbsa.eu\/bildforschung\/","name":"Bildforschung - Zentrum f\u00fcr Baltische und Skandinavische Arch\u00e4ologie (ZBSA) \u2014 Zentrum f\u00fcr Baltische und Skandinavische Arch\u00e4ologie","isPartOf":{"@id":"https:\/\/zbsa.eu\/#website"},"datePublished":"2021-03-14T12:51:21+00:00","dateModified":"2021-10-06T08:55:10+00:00","breadcrumb":{"@id":"https:\/\/zbsa.eu\/bildforschung\/#breadcrumb"},"inLanguage":"en-GB","potentialAction":[{"@type":"ReadAction","target":["https:\/\/zbsa.eu\/bildforschung\/"]}]},{"@type":"BreadcrumbList","@id":"https:\/\/zbsa.eu\/bildforschung\/#breadcrumb","itemListElement":[{"@type":"ListItem","position":1,"name":"Startseite","item":"https:\/\/zbsa.eu\/"},{"@type":"ListItem","position":2,"name":"Bildforschung"}]},{"@type":"WebSite","@id":"https:\/\/zbsa.eu\/#website","url":"https:\/\/zbsa.eu\/","name":"Zentrum f\u00fcr Baltische und Skandinavische Arch\u00e4ologie (ZBSA) \u2014 Zentrum f\u00fcr Baltische und Skandinavische Arch\u00e4ologie","description":"","potentialAction":[{"@type":"SearchAction","target":{"@type":"EntryPoint","urlTemplate":"https:\/\/zbsa.eu\/?s={search_term_string}"},"query-input":{"@type":"PropertyValueSpecification","valueRequired":true,"valueName":"search_term_string"}}],"inLanguage":"en-GB"}]}},"acf":[],"_links":{"self":[{"href":"https:\/\/zbsa.eu\/en\/wp-json\/wp\/v2\/pages\/2173","targetHints":{"allow":["GET"]}}],"collection":[{"href":"https:\/\/zbsa.eu\/en\/wp-json\/wp\/v2\/pages"}],"about":[{"href":"https:\/\/zbsa.eu\/en\/wp-json\/wp\/v2\/types\/page"}],"author":[{"embeddable":true,"href":"https:\/\/zbsa.eu\/en\/wp-json\/wp\/v2\/users\/1"}],"replies":[{"embeddable":true,"href":"https:\/\/zbsa.eu\/en\/wp-json\/wp\/v2\/comments?post=2173"}],"version-history":[{"count":9,"href":"https:\/\/zbsa.eu\/en\/wp-json\/wp\/v2\/pages\/2173\/revisions"}],"predecessor-version":[{"id":7769,"href":"https:\/\/zbsa.eu\/en\/wp-json\/wp\/v2\/pages\/2173\/revisions\/7769"}],"wp:attachment":[{"href":"https:\/\/zbsa.eu\/en\/wp-json\/wp\/v2\/media?parent=2173"}],"curies":[{"name":"wp","href":"https:\/\/api.w.org\/{rel}","templated":true}]}}