{"id":2175,"date":"2021-03-14T13:53:29","date_gmt":"2021-03-14T12:53:29","guid":{"rendered":"https:\/\/zbsa.eu\/?page_id=2175"},"modified":"2021-10-06T11:43:11","modified_gmt":"2021-10-06T09:43:11","slug":"technologie-tradition-und-innovation","status":"publish","type":"page","link":"https:\/\/zbsa.eu\/en\/technologie-tradition-und-innovation\/","title":{"rendered":"Technology \u2013 Tradition and Innovation"},"content":{"rendered":"<p class=\"has-text-align-left\">Dieser Forschungsschwerpunkt zeichnet sich durch die Betrachtung materieller Kultur als Ergebnis von Herstellungs- und Nutzungsprozessen aus. Grunds\u00e4tzlich wenden wir diesen Ansatz ohne zeitliche Begrenzung auf alle Bereiche menschlichen Verhaltens an, die einen arch\u00e4ologischen Niederschlag im Nord- und Ostseeraum gefunden haben.<\/p>\n\n\n\n<p class=\"has-text-align-left\">Based on the observation that the way in which artefacts are produced and used within a community follows specific rules, which are transmitted from generation to generation, a dynamic technological approach makes it possible for us to distinguish different traditions, describe the relationship between them at any one time and follow their development over time. Our assertions become stronger when more technological strands are involved, i.e. technological observations of several fields of activity within a tradition. The analytical categories cha\u00eene op\u00e9ratoire and sch\u00e9ma op\u00e9ratoire denote the reconstructed sequence of actions employed in making an artefact, as a combination of specific methods and techniques or as overall concepts. At the same time, we can draw conclusions about the intended purpose of these concepts. We investigate the whole process, from the choice of the raw material for an artefact to the disposal of the artefact after use, whereby our observations are routinely inspired and tested by practical experiments.<\/p>\n\n\n\n<p class=\"has-text-align-left translation-block\">This Research Priority is assigned to the Strategic Research Area <a href=\"https:\/\/zbsa.eu\/en\/mensch-und-artefakt\/\" data-type=\"page\" target=\"_self\">Man and Artefact<\/a>.\u00a0<\/p>\n\n\n<ul class=\"wp-block-latest-posts__list wp-block-latest-posts\"><li><a class=\"wp-block-latest-posts__post-title\" href=\"https:\/\/zbsa.eu\/en\/bernsteinartefakte-kaiserzeit-vendelzeit\/\">Amber finds in Northern Europe from the Roman Iron Age till the Vendel Period<\/a><\/li>\n<li><a class=\"wp-block-latest-posts__post-title\" href=\"https:\/\/zbsa.eu\/en\/crafts-apprenticeship-and-transmission-of-knowledge-in-early-bronze-age-flint-working\/\">Crafts apprenticeship and transmission of knowledge in Early Bronze Age flint working<\/a><\/li>\n<li><a class=\"wp-block-latest-posts__post-title\" href=\"https:\/\/zbsa.eu\/en\/defining-the-ahrensburgian\/\">Defining the Ahrensburgian. Contributions from a technological study of reindeer antler artefacts<\/a><\/li>\n<li><a class=\"wp-block-latest-posts__post-title\" href=\"https:\/\/zbsa.eu\/en\/lithics-analysis-laboratory\/\">Lithics Analysis Laboratory<\/a><\/li>\n<li><a class=\"wp-block-latest-posts__post-title\" href=\"https:\/\/zbsa.eu\/en\/riesenklingen\/\">Long Blades as markers of long-distance connections?<\/a><\/li>\n<li><a class=\"wp-block-latest-posts__post-title\" href=\"https:\/\/zbsa.eu\/en\/technologie-im-wandel\/\">Technological transformations in the Lateglacial\u2013 Hunter-gatherers in a changing environment<\/a><\/li>\n<\/ul>","protected":false},"excerpt":{"rendered":"<p>Dieser Forschungsschwerpunkt zeichnet sich durch die Betrachtung materieller Kultur als Ergebnis von Herstellungs- und Nutzungsprozessen aus. Grunds\u00e4tzlich wenden wir diesen Ansatz ohne zeitliche Begrenzung auf alle Bereiche menschlichen Verhaltens an, die einen arch\u00e4ologischen Niederschlag im Nord- und Ostseeraum gefunden haben. Ausgehend von der Feststellung, dass die Art und Weise, in der Artefakte produziert und gebraucht werden, innerhalb einer Gruppe festen Regeln unterliegt, die von einer Generation zur n\u00e4chsten weitergegeben werden, k\u00f6nnen wir mithilfe des technologischen Ansatzes Traditionen charakterisieren, synchron in ihrem Verh\u00e4ltnis zueinander beschreiben und diachron ihre Transformationen nachvollziehen. Dabei werden unsere Aussagen solider, je mehr technologische Str\u00e4nge, d.h. technologische Beobachtungen zu verschiedenen Aktivit\u00e4tsbereichen innerhalb einer Tradition, miteinander verwoben werden. Verbindend sind die analytischen Kategorien cha\u00eene op\u00e9ratoire und sch\u00e9ma op\u00e9ratoire, die anhand von Artefakten rekonstruierte Handlungsabfolgen als Kombination bestimmter Methoden und Techniken beziehungsweise die sie leitenden Konzepte bezeichnen. Gleichzeitig ziehen wir Schl\u00fcsse zu den Zielen, die mit diesen Konzepten erreicht werden sollten. Wir erforschen den gesamten Prozess von der Auswahl des Rohmaterials f\u00fcr ein Artefakt bis zum Verwerfen des Artefakts nach seiner Verwendung, wobei unsere Beobachtungen regelm\u00e4\u00dfig durch Experimente inspiriert und \u00fcberpr\u00fcft werden. Der Forschungsschwerpunkt ist dem Themenbereich Mensch und Artefakt&nbsp;zugeordnet.&nbsp;<\/p>","protected":false},"author":1,"featured_media":0,"parent":0,"menu_order":0,"comment_status":"closed","ping_status":"closed","template":"","meta":{"_eb_attr":"","inline_featured_image":false,"footnotes":""},"class_list":["post-2175","page","type-page","status-publish","hentry"],"yoast_head":"<!-- This site is optimized with the Yoast SEO plugin v24.4 - https:\/\/yoast.com\/wordpress\/plugins\/seo\/ -->\n<title>Technologie \u2013 Tradition und Innovation - Zentrum f\u00fcr Baltische und Skandinavische Arch\u00e4ologie (ZBSA) \u2014 Zentrum f\u00fcr Baltische und Skandinavische Arch\u00e4ologie<\/title>\n<meta name=\"robots\" content=\"index, follow, max-snippet:-1, max-image-preview:large, max-video-preview:-1\" \/>\n<link rel=\"canonical\" href=\"https:\/\/zbsa.eu\/en\/technologie-tradition-und-innovation\/\" \/>\n<meta property=\"og:locale\" content=\"en_GB\" \/>\n<meta property=\"og:type\" content=\"article\" \/>\n<meta property=\"og:title\" content=\"Technologie \u2013 Tradition und Innovation - Zentrum f\u00fcr Baltische und Skandinavische Arch\u00e4ologie (ZBSA) \u2014 Zentrum f\u00fcr Baltische und Skandinavische Arch\u00e4ologie\" \/>\n<meta property=\"og:description\" content=\"Dieser Forschungsschwerpunkt zeichnet sich durch die Betrachtung materieller Kultur als Ergebnis von Herstellungs- und Nutzungsprozessen aus. Grunds\u00e4tzlich wenden wir diesen Ansatz ohne zeitliche Begrenzung auf alle Bereiche menschlichen Verhaltens an, die einen arch\u00e4ologischen Niederschlag im Nord- und Ostseeraum gefunden haben. Ausgehend von der Feststellung, dass die Art und Weise, in der Artefakte produziert und gebraucht werden, innerhalb einer Gruppe festen Regeln unterliegt, die von einer Generation zur n\u00e4chsten weitergegeben werden, k\u00f6nnen wir mithilfe des technologischen Ansatzes Traditionen charakterisieren, synchron in ihrem Verh\u00e4ltnis zueinander beschreiben und diachron ihre Transformationen nachvollziehen. Dabei werden unsere Aussagen solider, je mehr technologische Str\u00e4nge, d.h. technologische Beobachtungen zu verschiedenen Aktivit\u00e4tsbereichen innerhalb einer Tradition, miteinander verwoben werden. Verbindend sind die analytischen Kategorien cha\u00eene op\u00e9ratoire und sch\u00e9ma op\u00e9ratoire, die anhand von Artefakten rekonstruierte Handlungsabfolgen als Kombination bestimmter Methoden und Techniken beziehungsweise die sie leitenden Konzepte bezeichnen. Gleichzeitig ziehen wir Schl\u00fcsse zu den Zielen, die mit diesen Konzepten erreicht werden sollten. Wir erforschen den gesamten Prozess von der Auswahl des Rohmaterials f\u00fcr ein Artefakt bis zum Verwerfen des Artefakts nach seiner Verwendung, wobei unsere Beobachtungen regelm\u00e4\u00dfig durch Experimente inspiriert und \u00fcberpr\u00fcft werden. Der Forschungsschwerpunkt ist dem Themenbereich Mensch und Artefakt&nbsp;zugeordnet.&nbsp;\" \/>\n<meta property=\"og:url\" content=\"https:\/\/zbsa.eu\/en\/technologie-tradition-und-innovation\/\" \/>\n<meta property=\"og:site_name\" content=\"Zentrum f\u00fcr Baltische und Skandinavische Arch\u00e4ologie (ZBSA) \u2014 Zentrum f\u00fcr Baltische und Skandinavische Arch\u00e4ologie\" \/>\n<meta property=\"article:modified_time\" content=\"2021-10-06T09:43:11+00:00\" \/>\n<meta name=\"twitter:card\" content=\"summary_large_image\" \/>\n<meta name=\"twitter:label1\" content=\"Estimated reading time\" \/>\n\t<meta name=\"twitter:data1\" content=\"1 minute\" \/>\n<script type=\"application\/ld+json\" class=\"yoast-schema-graph\">{\"@context\":\"https:\/\/schema.org\",\"@graph\":[{\"@type\":\"WebPage\",\"@id\":\"https:\/\/zbsa.eu\/technologie-tradition-und-innovation\/\",\"url\":\"https:\/\/zbsa.eu\/technologie-tradition-und-innovation\/\",\"name\":\"Technologie \u2013 Tradition und Innovation - Zentrum f\u00fcr Baltische und Skandinavische Arch\u00e4ologie (ZBSA) \u2014 Zentrum f\u00fcr Baltische und Skandinavische Arch\u00e4ologie\",\"isPartOf\":{\"@id\":\"https:\/\/zbsa.eu\/#website\"},\"datePublished\":\"2021-03-14T12:53:29+00:00\",\"dateModified\":\"2021-10-06T09:43:11+00:00\",\"breadcrumb\":{\"@id\":\"https:\/\/zbsa.eu\/technologie-tradition-und-innovation\/#breadcrumb\"},\"inLanguage\":\"en-GB\",\"potentialAction\":[{\"@type\":\"ReadAction\",\"target\":[\"https:\/\/zbsa.eu\/technologie-tradition-und-innovation\/\"]}]},{\"@type\":\"BreadcrumbList\",\"@id\":\"https:\/\/zbsa.eu\/technologie-tradition-und-innovation\/#breadcrumb\",\"itemListElement\":[{\"@type\":\"ListItem\",\"position\":1,\"name\":\"Startseite\",\"item\":\"https:\/\/zbsa.eu\/\"},{\"@type\":\"ListItem\",\"position\":2,\"name\":\"Technologie \u2013 Tradition und Innovation\"}]},{\"@type\":\"WebSite\",\"@id\":\"https:\/\/zbsa.eu\/#website\",\"url\":\"https:\/\/zbsa.eu\/\",\"name\":\"Zentrum f\u00fcr Baltische und Skandinavische Arch\u00e4ologie (ZBSA) \u2014 Zentrum f\u00fcr Baltische und Skandinavische Arch\u00e4ologie\",\"description\":\"\",\"potentialAction\":[{\"@type\":\"SearchAction\",\"target\":{\"@type\":\"EntryPoint\",\"urlTemplate\":\"https:\/\/zbsa.eu\/?s={search_term_string}\"},\"query-input\":{\"@type\":\"PropertyValueSpecification\",\"valueRequired\":true,\"valueName\":\"search_term_string\"}}],\"inLanguage\":\"en-GB\"}]}<\/script>\n<!-- \/ Yoast SEO plugin. -->","yoast_head_json":{"title":"Technologie \u2013 Tradition und Innovation - Zentrum f\u00fcr Baltische und Skandinavische Arch\u00e4ologie (ZBSA) \u2014 Zentrum f\u00fcr Baltische und Skandinavische Arch\u00e4ologie","robots":{"index":"index","follow":"follow","max-snippet":"max-snippet:-1","max-image-preview":"max-image-preview:large","max-video-preview":"max-video-preview:-1"},"canonical":"https:\/\/zbsa.eu\/en\/technologie-tradition-und-innovation\/","og_locale":"en_GB","og_type":"article","og_title":"Technologie \u2013 Tradition und Innovation - Zentrum f\u00fcr Baltische und Skandinavische Arch\u00e4ologie (ZBSA) \u2014 Zentrum f\u00fcr Baltische und Skandinavische Arch\u00e4ologie","og_description":"Dieser Forschungsschwerpunkt zeichnet sich durch die Betrachtung materieller Kultur als Ergebnis von Herstellungs- und Nutzungsprozessen aus. Grunds\u00e4tzlich wenden wir diesen Ansatz ohne zeitliche Begrenzung auf alle Bereiche menschlichen Verhaltens an, die einen arch\u00e4ologischen Niederschlag im Nord- und Ostseeraum gefunden haben. Ausgehend von der Feststellung, dass die Art und Weise, in der Artefakte produziert und gebraucht werden, innerhalb einer Gruppe festen Regeln unterliegt, die von einer Generation zur n\u00e4chsten weitergegeben werden, k\u00f6nnen wir mithilfe des technologischen Ansatzes Traditionen charakterisieren, synchron in ihrem Verh\u00e4ltnis zueinander beschreiben und diachron ihre Transformationen nachvollziehen. Dabei werden unsere Aussagen solider, je mehr technologische Str\u00e4nge, d.h. technologische Beobachtungen zu verschiedenen Aktivit\u00e4tsbereichen innerhalb einer Tradition, miteinander verwoben werden. Verbindend sind die analytischen Kategorien cha\u00eene op\u00e9ratoire und sch\u00e9ma op\u00e9ratoire, die anhand von Artefakten rekonstruierte Handlungsabfolgen als Kombination bestimmter Methoden und Techniken beziehungsweise die sie leitenden Konzepte bezeichnen. Gleichzeitig ziehen wir Schl\u00fcsse zu den Zielen, die mit diesen Konzepten erreicht werden sollten. Wir erforschen den gesamten Prozess von der Auswahl des Rohmaterials f\u00fcr ein Artefakt bis zum Verwerfen des Artefakts nach seiner Verwendung, wobei unsere Beobachtungen regelm\u00e4\u00dfig durch Experimente inspiriert und \u00fcberpr\u00fcft werden. Der Forschungsschwerpunkt ist dem Themenbereich Mensch und Artefakt&nbsp;zugeordnet.&nbsp;","og_url":"https:\/\/zbsa.eu\/en\/technologie-tradition-und-innovation\/","og_site_name":"Zentrum f\u00fcr Baltische und Skandinavische Arch\u00e4ologie (ZBSA) \u2014 Zentrum f\u00fcr Baltische und Skandinavische Arch\u00e4ologie","article_modified_time":"2021-10-06T09:43:11+00:00","twitter_card":"summary_large_image","twitter_misc":{"Estimated reading time":"1 minute"},"schema":{"@context":"https:\/\/schema.org","@graph":[{"@type":"WebPage","@id":"https:\/\/zbsa.eu\/technologie-tradition-und-innovation\/","url":"https:\/\/zbsa.eu\/technologie-tradition-und-innovation\/","name":"Technologie \u2013 Tradition und Innovation - Zentrum f\u00fcr Baltische und Skandinavische Arch\u00e4ologie (ZBSA) \u2014 Zentrum f\u00fcr Baltische und Skandinavische Arch\u00e4ologie","isPartOf":{"@id":"https:\/\/zbsa.eu\/#website"},"datePublished":"2021-03-14T12:53:29+00:00","dateModified":"2021-10-06T09:43:11+00:00","breadcrumb":{"@id":"https:\/\/zbsa.eu\/technologie-tradition-und-innovation\/#breadcrumb"},"inLanguage":"en-GB","potentialAction":[{"@type":"ReadAction","target":["https:\/\/zbsa.eu\/technologie-tradition-und-innovation\/"]}]},{"@type":"BreadcrumbList","@id":"https:\/\/zbsa.eu\/technologie-tradition-und-innovation\/#breadcrumb","itemListElement":[{"@type":"ListItem","position":1,"name":"Startseite","item":"https:\/\/zbsa.eu\/"},{"@type":"ListItem","position":2,"name":"Technologie \u2013 Tradition und Innovation"}]},{"@type":"WebSite","@id":"https:\/\/zbsa.eu\/#website","url":"https:\/\/zbsa.eu\/","name":"Zentrum f\u00fcr Baltische und Skandinavische Arch\u00e4ologie (ZBSA) \u2014 Zentrum f\u00fcr Baltische und Skandinavische Arch\u00e4ologie","description":"","potentialAction":[{"@type":"SearchAction","target":{"@type":"EntryPoint","urlTemplate":"https:\/\/zbsa.eu\/?s={search_term_string}"},"query-input":{"@type":"PropertyValueSpecification","valueRequired":true,"valueName":"search_term_string"}}],"inLanguage":"en-GB"}]}},"acf":[],"_links":{"self":[{"href":"https:\/\/zbsa.eu\/en\/wp-json\/wp\/v2\/pages\/2175","targetHints":{"allow":["GET"]}}],"collection":[{"href":"https:\/\/zbsa.eu\/en\/wp-json\/wp\/v2\/pages"}],"about":[{"href":"https:\/\/zbsa.eu\/en\/wp-json\/wp\/v2\/types\/page"}],"author":[{"embeddable":true,"href":"https:\/\/zbsa.eu\/en\/wp-json\/wp\/v2\/users\/1"}],"replies":[{"embeddable":true,"href":"https:\/\/zbsa.eu\/en\/wp-json\/wp\/v2\/comments?post=2175"}],"version-history":[{"count":9,"href":"https:\/\/zbsa.eu\/en\/wp-json\/wp\/v2\/pages\/2175\/revisions"}],"predecessor-version":[{"id":7960,"href":"https:\/\/zbsa.eu\/en\/wp-json\/wp\/v2\/pages\/2175\/revisions\/7960"}],"wp:attachment":[{"href":"https:\/\/zbsa.eu\/en\/wp-json\/wp\/v2\/media?parent=2175"}],"curies":[{"name":"wp","href":"https:\/\/api.w.org\/{rel}","templated":true}]}}