{"id":2177,"date":"2021-03-14T13:52:59","date_gmt":"2021-03-14T12:52:59","guid":{"rendered":"https:\/\/zbsa.eu\/?page_id=2177"},"modified":"2021-10-19T11:27:21","modified_gmt":"2021-10-19T09:27:21","slug":"jenseits-des-grabes","status":"publish","type":"page","link":"https:\/\/zbsa.eu\/en\/jenseits-des-grabes\/","title":{"rendered":"Beyond the Grave"},"content":{"rendered":"<p class=\"has-text-align-left\">Dieser Forschungsschwerpunkt fokussiert auf den gesamten Kontext des Umgangs mit Verstorbenen: von der Konstruktion und Anlage des Grabes oder des Gr\u00e4berfeldes \u00fcber die Behandlung des Leichnams und die Ausstattung eines Grabes und des\/der Toten hin bis zum Andenken.<\/p>\n\n\n\n<p class=\"has-text-align-left\">Hierzu z\u00e4hlen auch die soziokulturell differierenden Vorstellungen vom Tod als \u00dcbergangsritual und wie dieses szenisch und gedanklich umgesetzt wird. Die Prozesse nach der Grablege werden ebenso thematisiert. Dies k\u00f6nnen nat\u00fcrliche Verwesungsvorg\u00e4nge sowie Umlagerungen durch Bodenprozesse, aber auch Grab\u00f6ffnungen unterschiedlicher Intention sein. Gr\u00e4ber spiegeln sowohl kulturelle als auch soziale und individuelle Dimensionen des\/der Bestatteten, aber auch der bestattenden Gesellschaft wider, weshalb ein sozialer und struktureller Zusammenhang zwischen einem au\u00dfergew\u00f6hnlichen Grabkomplex und einer nah benachbarten Siedlung und die Identifizierung der bestatteten Personenschichten in den Siedlungsbefunden ebenfalls zur Diskussion geh\u00f6rt.<\/p>\n\n\n\n<p class=\"has-text-align-left\">Der Forschungsschwerpunkt ist dem Themenbereich <a href=\"https:\/\/zbsa.eu\/en\/mensch-und-gesellschaft\/\" data-type=\"page\">Man and Society<\/a>&nbsp;zugeordnet.&nbsp;<\/p>\n\n\n<ul class=\"wp-block-latest-posts__list wp-block-latest-posts\"><li><a class=\"wp-block-latest-posts__post-title\" href=\"https:\/\/zbsa.eu\/en\/kammergrab-von-poprad-slowakei\/\">The chamber grave of Migration Period at Poprad, Slovakia \u2013 an interdisciplinary research project for evaluation of an extraordinary find<\/a><\/li>\n<li><a class=\"wp-block-latest-posts__post-title\" href=\"https:\/\/zbsa.eu\/en\/chef-militaire\/\">Der Berliner \u00bbChef militaire\u00ab. Ein Prunkgrab des fr\u00fchen 5. Jhs. n. Chr.<\/a><\/li>\n<li><a class=\"wp-block-latest-posts__post-title\" href=\"https:\/\/zbsa.eu\/en\/grablege-der-udonen-in-harsefeld\/\">Die Grablege der Udonen in Harsefeld<\/a><\/li>\n<li><a class=\"wp-block-latest-posts__post-title\" href=\"https:\/\/zbsa.eu\/en\/forschungen-zum-aelterkaiserzeitlichen-fundplatz-von-hoby-lolland\/\">Forschungen zum \u00e4lterkaiserzeitlichen Fundplatz von Hoby, Lolland<\/a><\/li>\n<li><a class=\"wp-block-latest-posts__post-title\" href=\"https:\/\/zbsa.eu\/en\/hammelev-maglemose-cremation-grave\/\">Hammelev \u2013 a Maglemose cremation grave from Southern Jutland, Denmark<\/a><\/li>\n<li><a class=\"wp-block-latest-posts__post-title\" href=\"https:\/\/zbsa.eu\/en\/urnfield\/\">URNFIELD<\/a><\/li>\n<\/ul>","protected":false},"excerpt":{"rendered":"<p>Dieser Forschungsschwerpunkt fokussiert auf den gesamten Kontext des Umgangs mit Verstorbenen: von der Konstruktion und Anlage des Grabes oder des Gr\u00e4berfeldes \u00fcber die Behandlung des Leichnams und die Ausstattung eines Grabes und des\/der Toten hin bis zum Andenken. Hierzu z\u00e4hlen auch die soziokulturell differierenden Vorstellungen vom Tod als \u00dcbergangsritual und wie dieses szenisch und gedanklich umgesetzt wird. Die Prozesse nach der Grablege werden ebenso thematisiert. Dies k\u00f6nnen nat\u00fcrliche Verwesungsvorg\u00e4nge sowie Umlagerungen durch Bodenprozesse, aber auch Grab\u00f6ffnungen unterschiedlicher Intention sein. Gr\u00e4ber spiegeln sowohl kulturelle als auch soziale und individuelle Dimensionen des\/der Bestatteten, aber auch der bestattenden Gesellschaft wider, weshalb ein sozialer und struktureller Zusammenhang zwischen einem au\u00dfergew\u00f6hnlichen Grabkomplex und einer nah benachbarten Siedlung und die Identifizierung der bestatteten Personenschichten in den Siedlungsbefunden ebenfalls zur Diskussion geh\u00f6rt. Der Forschungsschwerpunkt ist dem Themenbereich Mensch und Gesellschaft&nbsp;zugeordnet.&nbsp;<\/p>","protected":false},"author":1,"featured_media":0,"parent":0,"menu_order":0,"comment_status":"closed","ping_status":"closed","template":"","meta":{"_eb_attr":"","inline_featured_image":false,"footnotes":""},"class_list":["post-2177","page","type-page","status-publish","hentry"],"yoast_head":"<!-- This site is optimized with the Yoast SEO plugin v24.4 - https:\/\/yoast.com\/wordpress\/plugins\/seo\/ -->\n<title>Jenseits des Grabes - Zentrum f\u00fcr Baltische und Skandinavische Arch\u00e4ologie (ZBSA) \u2014 Zentrum f\u00fcr Baltische und Skandinavische Arch\u00e4ologie<\/title>\n<meta name=\"robots\" content=\"index, follow, max-snippet:-1, max-image-preview:large, max-video-preview:-1\" \/>\n<link rel=\"canonical\" href=\"https:\/\/zbsa.eu\/en\/jenseits-des-grabes\/\" \/>\n<meta property=\"og:locale\" content=\"en_GB\" \/>\n<meta property=\"og:type\" content=\"article\" \/>\n<meta property=\"og:title\" content=\"Jenseits des Grabes - Zentrum f\u00fcr Baltische und Skandinavische Arch\u00e4ologie (ZBSA) \u2014 Zentrum f\u00fcr Baltische und Skandinavische Arch\u00e4ologie\" \/>\n<meta property=\"og:description\" content=\"Dieser Forschungsschwerpunkt fokussiert auf den gesamten Kontext des Umgangs mit Verstorbenen: von der Konstruktion und Anlage des Grabes oder des Gr\u00e4berfeldes \u00fcber die Behandlung des Leichnams und die Ausstattung eines Grabes und des\/der Toten hin bis zum Andenken. Hierzu z\u00e4hlen auch die soziokulturell differierenden Vorstellungen vom Tod als \u00dcbergangsritual und wie dieses szenisch und gedanklich umgesetzt wird. Die Prozesse nach der Grablege werden ebenso thematisiert. Dies k\u00f6nnen nat\u00fcrliche Verwesungsvorg\u00e4nge sowie Umlagerungen durch Bodenprozesse, aber auch Grab\u00f6ffnungen unterschiedlicher Intention sein. Gr\u00e4ber spiegeln sowohl kulturelle als auch soziale und individuelle Dimensionen des\/der Bestatteten, aber auch der bestattenden Gesellschaft wider, weshalb ein sozialer und struktureller Zusammenhang zwischen einem au\u00dfergew\u00f6hnlichen Grabkomplex und einer nah benachbarten Siedlung und die Identifizierung der bestatteten Personenschichten in den Siedlungsbefunden ebenfalls zur Diskussion geh\u00f6rt. Der Forschungsschwerpunkt ist dem Themenbereich Mensch und Gesellschaft&nbsp;zugeordnet.&nbsp;\" \/>\n<meta property=\"og:url\" content=\"https:\/\/zbsa.eu\/en\/jenseits-des-grabes\/\" \/>\n<meta property=\"og:site_name\" content=\"Zentrum f\u00fcr Baltische und Skandinavische Arch\u00e4ologie (ZBSA) \u2014 Zentrum f\u00fcr Baltische und Skandinavische Arch\u00e4ologie\" \/>\n<meta property=\"article:modified_time\" content=\"2021-10-19T09:27:21+00:00\" \/>\n<meta name=\"twitter:card\" content=\"summary_large_image\" \/>\n<meta name=\"twitter:label1\" content=\"Estimated reading time\" \/>\n\t<meta name=\"twitter:data1\" content=\"1 minute\" \/>\n<script type=\"application\/ld+json\" class=\"yoast-schema-graph\">{\"@context\":\"https:\/\/schema.org\",\"@graph\":[{\"@type\":\"WebPage\",\"@id\":\"https:\/\/zbsa.eu\/jenseits-des-grabes\/\",\"url\":\"https:\/\/zbsa.eu\/jenseits-des-grabes\/\",\"name\":\"Jenseits des Grabes - Zentrum f\u00fcr Baltische und Skandinavische Arch\u00e4ologie (ZBSA) \u2014 Zentrum f\u00fcr Baltische und Skandinavische Arch\u00e4ologie\",\"isPartOf\":{\"@id\":\"https:\/\/zbsa.eu\/#website\"},\"datePublished\":\"2021-03-14T12:52:59+00:00\",\"dateModified\":\"2021-10-19T09:27:21+00:00\",\"breadcrumb\":{\"@id\":\"https:\/\/zbsa.eu\/jenseits-des-grabes\/#breadcrumb\"},\"inLanguage\":\"en-GB\",\"potentialAction\":[{\"@type\":\"ReadAction\",\"target\":[\"https:\/\/zbsa.eu\/jenseits-des-grabes\/\"]}]},{\"@type\":\"BreadcrumbList\",\"@id\":\"https:\/\/zbsa.eu\/jenseits-des-grabes\/#breadcrumb\",\"itemListElement\":[{\"@type\":\"ListItem\",\"position\":1,\"name\":\"Startseite\",\"item\":\"https:\/\/zbsa.eu\/\"},{\"@type\":\"ListItem\",\"position\":2,\"name\":\"Jenseits des Grabes\"}]},{\"@type\":\"WebSite\",\"@id\":\"https:\/\/zbsa.eu\/#website\",\"url\":\"https:\/\/zbsa.eu\/\",\"name\":\"Zentrum f\u00fcr Baltische und Skandinavische Arch\u00e4ologie (ZBSA) \u2014 Zentrum f\u00fcr Baltische und Skandinavische Arch\u00e4ologie\",\"description\":\"\",\"potentialAction\":[{\"@type\":\"SearchAction\",\"target\":{\"@type\":\"EntryPoint\",\"urlTemplate\":\"https:\/\/zbsa.eu\/?s={search_term_string}\"},\"query-input\":{\"@type\":\"PropertyValueSpecification\",\"valueRequired\":true,\"valueName\":\"search_term_string\"}}],\"inLanguage\":\"en-GB\"}]}<\/script>\n<!-- \/ Yoast SEO plugin. -->","yoast_head_json":{"title":"Jenseits des Grabes - Zentrum f\u00fcr Baltische und Skandinavische Arch\u00e4ologie (ZBSA) \u2014 Zentrum f\u00fcr Baltische und Skandinavische Arch\u00e4ologie","robots":{"index":"index","follow":"follow","max-snippet":"max-snippet:-1","max-image-preview":"max-image-preview:large","max-video-preview":"max-video-preview:-1"},"canonical":"https:\/\/zbsa.eu\/en\/jenseits-des-grabes\/","og_locale":"en_GB","og_type":"article","og_title":"Jenseits des Grabes - Zentrum f\u00fcr Baltische und Skandinavische Arch\u00e4ologie (ZBSA) \u2014 Zentrum f\u00fcr Baltische und Skandinavische Arch\u00e4ologie","og_description":"Dieser Forschungsschwerpunkt fokussiert auf den gesamten Kontext des Umgangs mit Verstorbenen: von der Konstruktion und Anlage des Grabes oder des Gr\u00e4berfeldes \u00fcber die Behandlung des Leichnams und die Ausstattung eines Grabes und des\/der Toten hin bis zum Andenken. Hierzu z\u00e4hlen auch die soziokulturell differierenden Vorstellungen vom Tod als \u00dcbergangsritual und wie dieses szenisch und gedanklich umgesetzt wird. Die Prozesse nach der Grablege werden ebenso thematisiert. Dies k\u00f6nnen nat\u00fcrliche Verwesungsvorg\u00e4nge sowie Umlagerungen durch Bodenprozesse, aber auch Grab\u00f6ffnungen unterschiedlicher Intention sein. Gr\u00e4ber spiegeln sowohl kulturelle als auch soziale und individuelle Dimensionen des\/der Bestatteten, aber auch der bestattenden Gesellschaft wider, weshalb ein sozialer und struktureller Zusammenhang zwischen einem au\u00dfergew\u00f6hnlichen Grabkomplex und einer nah benachbarten Siedlung und die Identifizierung der bestatteten Personenschichten in den Siedlungsbefunden ebenfalls zur Diskussion geh\u00f6rt. Der Forschungsschwerpunkt ist dem Themenbereich Mensch und Gesellschaft&nbsp;zugeordnet.&nbsp;","og_url":"https:\/\/zbsa.eu\/en\/jenseits-des-grabes\/","og_site_name":"Zentrum f\u00fcr Baltische und Skandinavische Arch\u00e4ologie (ZBSA) \u2014 Zentrum f\u00fcr Baltische und Skandinavische Arch\u00e4ologie","article_modified_time":"2021-10-19T09:27:21+00:00","twitter_card":"summary_large_image","twitter_misc":{"Estimated reading time":"1 minute"},"schema":{"@context":"https:\/\/schema.org","@graph":[{"@type":"WebPage","@id":"https:\/\/zbsa.eu\/jenseits-des-grabes\/","url":"https:\/\/zbsa.eu\/jenseits-des-grabes\/","name":"Jenseits des Grabes - Zentrum f\u00fcr Baltische und Skandinavische Arch\u00e4ologie (ZBSA) \u2014 Zentrum f\u00fcr Baltische und Skandinavische Arch\u00e4ologie","isPartOf":{"@id":"https:\/\/zbsa.eu\/#website"},"datePublished":"2021-03-14T12:52:59+00:00","dateModified":"2021-10-19T09:27:21+00:00","breadcrumb":{"@id":"https:\/\/zbsa.eu\/jenseits-des-grabes\/#breadcrumb"},"inLanguage":"en-GB","potentialAction":[{"@type":"ReadAction","target":["https:\/\/zbsa.eu\/jenseits-des-grabes\/"]}]},{"@type":"BreadcrumbList","@id":"https:\/\/zbsa.eu\/jenseits-des-grabes\/#breadcrumb","itemListElement":[{"@type":"ListItem","position":1,"name":"Startseite","item":"https:\/\/zbsa.eu\/"},{"@type":"ListItem","position":2,"name":"Jenseits des Grabes"}]},{"@type":"WebSite","@id":"https:\/\/zbsa.eu\/#website","url":"https:\/\/zbsa.eu\/","name":"Zentrum f\u00fcr Baltische und Skandinavische Arch\u00e4ologie (ZBSA) \u2014 Zentrum f\u00fcr Baltische und Skandinavische Arch\u00e4ologie","description":"","potentialAction":[{"@type":"SearchAction","target":{"@type":"EntryPoint","urlTemplate":"https:\/\/zbsa.eu\/?s={search_term_string}"},"query-input":{"@type":"PropertyValueSpecification","valueRequired":true,"valueName":"search_term_string"}}],"inLanguage":"en-GB"}]}},"acf":[],"_links":{"self":[{"href":"https:\/\/zbsa.eu\/en\/wp-json\/wp\/v2\/pages\/2177","targetHints":{"allow":["GET"]}}],"collection":[{"href":"https:\/\/zbsa.eu\/en\/wp-json\/wp\/v2\/pages"}],"about":[{"href":"https:\/\/zbsa.eu\/en\/wp-json\/wp\/v2\/types\/page"}],"author":[{"embeddable":true,"href":"https:\/\/zbsa.eu\/en\/wp-json\/wp\/v2\/users\/1"}],"replies":[{"embeddable":true,"href":"https:\/\/zbsa.eu\/en\/wp-json\/wp\/v2\/comments?post=2177"}],"version-history":[{"count":8,"href":"https:\/\/zbsa.eu\/en\/wp-json\/wp\/v2\/pages\/2177\/revisions"}],"predecessor-version":[{"id":8268,"href":"https:\/\/zbsa.eu\/en\/wp-json\/wp\/v2\/pages\/2177\/revisions\/8268"}],"wp:attachment":[{"href":"https:\/\/zbsa.eu\/en\/wp-json\/wp\/v2\/media?parent=2177"}],"curies":[{"name":"wp","href":"https:\/\/api.w.org\/{rel}","templated":true}]}}