{"id":2192,"date":"2021-03-14T13:55:24","date_gmt":"2021-03-14T12:55:24","guid":{"rendered":"https:\/\/zbsa.eu\/?page_id=2192"},"modified":"2021-04-28T08:48:48","modified_gmt":"2021-04-28T06:48:48","slug":"jagd-und-fischereigeschichte","status":"publish","type":"page","link":"https:\/\/zbsa.eu\/en\/jagd-und-fischereigeschichte\/","title":{"rendered":"History of Hunting and Fishing"},"content":{"rendered":"<p class=\"has-text-align-left\">Hunting and fishing are constant elements throughout human history and this is even more true of the Scandinavian and Baltic regions than of most other areas in Europe. Here, the exploitation of wild game resources continued for a much longer time prior to the transition to domestic animal husbandry. The source material that allows us to understand pre-modern hunting as a source of both food and raw-materials is very diverse. The ZBSA therefore brings together the natural sciences and, especially, various disciplines from the arts and humanities.<\/p>\n\n\n\n<p class=\"has-text-align-left\">Having already proved that this concept is quite successful, we will continue this interdisciplinary cooperation with external scholars in researching the history of hunting in northern Central Europe and the Scandinavian and Baltic regions from the late Palaeolithic to the Middle Ages. Some of our projects deal exclusively with hunting-and-fishing narratives, other projects are mainly located within other Research Priority programmes but also provide essential information on the subject.<\/p>\n\n\n\n<p class=\"has-text-align-left translation-block\">This Research Priority is assigned to the Strategic Research Area <a href=\"https:\/\/zbsa.eu\/en\/mensch-und-umwelt\/\" data-type=\"page\" target=\"_self\">Man and Environment<\/a>. \u00a0<\/p>\n\n\n<ul class=\"wp-block-latest-posts__list wp-block-latest-posts\"><li><a class=\"wp-block-latest-posts__post-title\" href=\"https:\/\/zbsa.eu\/en\/bear-and-human\/\">Bear and human: facets of a multi-layered relationship (B\u00e4r und Mensch)<\/a><\/li>\n<li><a class=\"wp-block-latest-posts__post-title\" href=\"https:\/\/zbsa.eu\/en\/bestie-und-mensch\/\">Bestie und Mensch<\/a><\/li>\n<li><a class=\"wp-block-latest-posts__post-title\" href=\"https:\/\/zbsa.eu\/en\/geschichte-der-jagd\/\">Forschungen zur Geschichte der Jagd<\/a><\/li>\n<li><a class=\"wp-block-latest-posts__post-title\" href=\"https:\/\/zbsa.eu\/en\/landschaft-und-fauna-ost-und-mitteleuropas\/\">Landschaft und Fauna Ost- und Mitteleuropas im Kontext von vorgeschichtlichem Kulturtransfer und sozio\u00f6konomischer Entwicklung<\/a><\/li>\n<li><a class=\"wp-block-latest-posts__post-title\" href=\"https:\/\/zbsa.eu\/en\/late-glacial-reindeer-migrations-in-northwest-europe\/\">Late Glacial reindeer migrations in Northwest Europe<\/a><\/li>\n<li><a class=\"wp-block-latest-posts__post-title\" href=\"https:\/\/zbsa.eu\/en\/raptor-on-the-fist-2\/\">Raptor on the fist \u2013 falconry, its imagery  and similar motifs throughout the millennia on a global scale<\/a><\/li>\n<li><a class=\"wp-block-latest-posts__post-title\" href=\"https:\/\/zbsa.eu\/en\/studien-zur-archaeologie-und-geschichte-der-falknerei\/\">Studien zur Arch\u00e4ologie und Geschichte der Falknerei<\/a><\/li>\n<li><a class=\"wp-block-latest-posts__post-title\" href=\"https:\/\/zbsa.eu\/en\/untersuchungen-zur-tiernutzung\/\">Untersuchungen zur Tiernutzung im s\u00fcdwestlichen Ostseeraum w\u00e4hrend des 1. Jahrtausends n. Chr.<\/a><\/li>\n<\/ul>","protected":false},"excerpt":{"rendered":"<p>Jagd und Fischerei sind Konstanten der Menschheitsgeschichte, und dies gilt f\u00fcr den skandinavisch-baltischen Raum in h\u00f6herem Ma\u00dfe als f\u00fcr die meisten anderen Regionen Europas: Hier wurde die Ausnutzung der nat\u00fcrlichen Fleischressourcen erst mit gro\u00dfer zeitlicher Verz\u00f6gerung von Viehhaltung abgel\u00f6st. Die Quellenmaterialien zur Rekonstruktion von vormoderner Jagd zur Nahrungs- und Rohstoffbeschaffung sind vielf\u00e4ltig, und aus diesem Grund f\u00fchrt das ZBSA natur- und insbesondere diverse geisteswissenschaftliche Disziplinen zusammen. Diesem am ZBSA bereits erfolgreich bew\u00e4hrten Konzept werden wir weiter folgen und durch interdisziplin\u00e4re Vernetzung jagdkundliche Forschungen f\u00fcr das n\u00f6rdliche Mitteleuropa und das skandinavisch-baltische Gebiet im Zeitraum vom Sp\u00e4tpal\u00e4olithikum bis zum Mittelalter zusammen mit externen Wissenschaftlerinnen und Wissenschaftlern betreiben. Dazu f\u00fchren wir einige Projekte, die sich exklusiv mit Jagd- und Fischereigeschichte befassen, andere Projekte haben ihren Hauptsitz eher in anderen Forschungsschwerpunkten, liefern aber ebenfalls wesentliche Informationen zum Thema. Der Forschungsschwerpunkt ist dem Themenbereich Mensch und Umwelt\u00a0zugeordnet.\u00a0<\/p>","protected":false},"author":1,"featured_media":0,"parent":0,"menu_order":0,"comment_status":"closed","ping_status":"closed","template":"","meta":{"_eb_attr":"","inline_featured_image":false,"footnotes":""},"class_list":["post-2192","page","type-page","status-publish","hentry"],"yoast_head":"<!-- This site is optimized with the Yoast SEO plugin v24.4 - https:\/\/yoast.com\/wordpress\/plugins\/seo\/ -->\n<title>Jagd- und Fischereigeschichte - Zentrum f\u00fcr Baltische und Skandinavische Arch\u00e4ologie (ZBSA) \u2014 Zentrum f\u00fcr Baltische und Skandinavische Arch\u00e4ologie<\/title>\n<meta name=\"robots\" content=\"index, follow, max-snippet:-1, max-image-preview:large, max-video-preview:-1\" \/>\n<link rel=\"canonical\" href=\"https:\/\/zbsa.eu\/en\/jagd-und-fischereigeschichte\/\" \/>\n<meta property=\"og:locale\" content=\"en_GB\" \/>\n<meta property=\"og:type\" content=\"article\" \/>\n<meta property=\"og:title\" content=\"Jagd- und Fischereigeschichte - Zentrum f\u00fcr Baltische und Skandinavische Arch\u00e4ologie (ZBSA) \u2014 Zentrum f\u00fcr Baltische und Skandinavische Arch\u00e4ologie\" \/>\n<meta property=\"og:description\" content=\"Jagd und Fischerei sind Konstanten der Menschheitsgeschichte, und dies gilt f\u00fcr den skandinavisch-baltischen Raum in h\u00f6herem Ma\u00dfe als f\u00fcr die meisten anderen Regionen Europas: Hier wurde die Ausnutzung der nat\u00fcrlichen Fleischressourcen erst mit gro\u00dfer zeitlicher Verz\u00f6gerung von Viehhaltung abgel\u00f6st. Die Quellenmaterialien zur Rekonstruktion von vormoderner Jagd zur Nahrungs- und Rohstoffbeschaffung sind vielf\u00e4ltig, und aus diesem Grund f\u00fchrt das ZBSA natur- und insbesondere diverse geisteswissenschaftliche Disziplinen zusammen. Diesem am ZBSA bereits erfolgreich bew\u00e4hrten Konzept werden wir weiter folgen und durch interdisziplin\u00e4re Vernetzung jagdkundliche Forschungen f\u00fcr das n\u00f6rdliche Mitteleuropa und das skandinavisch-baltische Gebiet im Zeitraum vom Sp\u00e4tpal\u00e4olithikum bis zum Mittelalter zusammen mit externen Wissenschaftlerinnen und Wissenschaftlern betreiben. Dazu f\u00fchren wir einige Projekte, die sich exklusiv mit Jagd- und Fischereigeschichte befassen, andere Projekte haben ihren Hauptsitz eher in anderen Forschungsschwerpunkten, liefern aber ebenfalls wesentliche Informationen zum Thema. Der Forschungsschwerpunkt ist dem Themenbereich Mensch und Umwelt\u00a0zugeordnet.\u00a0\" \/>\n<meta property=\"og:url\" content=\"https:\/\/zbsa.eu\/en\/jagd-und-fischereigeschichte\/\" \/>\n<meta property=\"og:site_name\" content=\"Zentrum f\u00fcr Baltische und Skandinavische Arch\u00e4ologie (ZBSA) \u2014 Zentrum f\u00fcr Baltische und Skandinavische Arch\u00e4ologie\" \/>\n<meta property=\"article:modified_time\" content=\"2021-04-28T06:48:48+00:00\" \/>\n<meta name=\"twitter:card\" content=\"summary_large_image\" \/>\n<meta name=\"twitter:label1\" content=\"Estimated reading time\" \/>\n\t<meta name=\"twitter:data1\" content=\"1 minute\" \/>\n<script type=\"application\/ld+json\" class=\"yoast-schema-graph\">{\"@context\":\"https:\/\/schema.org\",\"@graph\":[{\"@type\":\"WebPage\",\"@id\":\"https:\/\/zbsa.eu\/en\/jagd-und-fischereigeschichte\/\",\"url\":\"https:\/\/zbsa.eu\/en\/jagd-und-fischereigeschichte\/\",\"name\":\"Jagd- und Fischereigeschichte - Zentrum f\u00fcr Baltische und Skandinavische Arch\u00e4ologie (ZBSA) \u2014 Zentrum f\u00fcr Baltische und Skandinavische Arch\u00e4ologie\",\"isPartOf\":{\"@id\":\"https:\/\/zbsa.eu\/#website\"},\"datePublished\":\"2021-03-14T12:55:24+00:00\",\"dateModified\":\"2021-04-28T06:48:48+00:00\",\"breadcrumb\":{\"@id\":\"https:\/\/zbsa.eu\/en\/jagd-und-fischereigeschichte\/#breadcrumb\"},\"inLanguage\":\"en-GB\",\"potentialAction\":[{\"@type\":\"ReadAction\",\"target\":[\"https:\/\/zbsa.eu\/en\/jagd-und-fischereigeschichte\/\"]}]},{\"@type\":\"BreadcrumbList\",\"@id\":\"https:\/\/zbsa.eu\/en\/jagd-und-fischereigeschichte\/#breadcrumb\",\"itemListElement\":[{\"@type\":\"ListItem\",\"position\":1,\"name\":\"Startseite\",\"item\":\"https:\/\/zbsa.eu\/\"},{\"@type\":\"ListItem\",\"position\":2,\"name\":\"Jagd- und Fischereigeschichte\"}]},{\"@type\":\"WebSite\",\"@id\":\"https:\/\/zbsa.eu\/#website\",\"url\":\"https:\/\/zbsa.eu\/\",\"name\":\"Zentrum f\u00fcr Baltische und Skandinavische Arch\u00e4ologie (ZBSA) \u2014 Zentrum f\u00fcr Baltische und Skandinavische Arch\u00e4ologie\",\"description\":\"\",\"potentialAction\":[{\"@type\":\"SearchAction\",\"target\":{\"@type\":\"EntryPoint\",\"urlTemplate\":\"https:\/\/zbsa.eu\/?s={search_term_string}\"},\"query-input\":{\"@type\":\"PropertyValueSpecification\",\"valueRequired\":true,\"valueName\":\"search_term_string\"}}],\"inLanguage\":\"en-GB\"}]}<\/script>\n<!-- \/ Yoast SEO plugin. -->","yoast_head_json":{"title":"Jagd- und Fischereigeschichte - Zentrum f\u00fcr Baltische und Skandinavische Arch\u00e4ologie (ZBSA) \u2014 Zentrum f\u00fcr Baltische und Skandinavische Arch\u00e4ologie","robots":{"index":"index","follow":"follow","max-snippet":"max-snippet:-1","max-image-preview":"max-image-preview:large","max-video-preview":"max-video-preview:-1"},"canonical":"https:\/\/zbsa.eu\/en\/jagd-und-fischereigeschichte\/","og_locale":"en_GB","og_type":"article","og_title":"Jagd- und Fischereigeschichte - Zentrum f\u00fcr Baltische und Skandinavische Arch\u00e4ologie (ZBSA) \u2014 Zentrum f\u00fcr Baltische und Skandinavische Arch\u00e4ologie","og_description":"Jagd und Fischerei sind Konstanten der Menschheitsgeschichte, und dies gilt f\u00fcr den skandinavisch-baltischen Raum in h\u00f6herem Ma\u00dfe als f\u00fcr die meisten anderen Regionen Europas: Hier wurde die Ausnutzung der nat\u00fcrlichen Fleischressourcen erst mit gro\u00dfer zeitlicher Verz\u00f6gerung von Viehhaltung abgel\u00f6st. Die Quellenmaterialien zur Rekonstruktion von vormoderner Jagd zur Nahrungs- und Rohstoffbeschaffung sind vielf\u00e4ltig, und aus diesem Grund f\u00fchrt das ZBSA natur- und insbesondere diverse geisteswissenschaftliche Disziplinen zusammen. Diesem am ZBSA bereits erfolgreich bew\u00e4hrten Konzept werden wir weiter folgen und durch interdisziplin\u00e4re Vernetzung jagdkundliche Forschungen f\u00fcr das n\u00f6rdliche Mitteleuropa und das skandinavisch-baltische Gebiet im Zeitraum vom Sp\u00e4tpal\u00e4olithikum bis zum Mittelalter zusammen mit externen Wissenschaftlerinnen und Wissenschaftlern betreiben. Dazu f\u00fchren wir einige Projekte, die sich exklusiv mit Jagd- und Fischereigeschichte befassen, andere Projekte haben ihren Hauptsitz eher in anderen Forschungsschwerpunkten, liefern aber ebenfalls wesentliche Informationen zum Thema. Der Forschungsschwerpunkt ist dem Themenbereich Mensch und Umwelt\u00a0zugeordnet.\u00a0","og_url":"https:\/\/zbsa.eu\/en\/jagd-und-fischereigeschichte\/","og_site_name":"Zentrum f\u00fcr Baltische und Skandinavische Arch\u00e4ologie (ZBSA) \u2014 Zentrum f\u00fcr Baltische und Skandinavische Arch\u00e4ologie","article_modified_time":"2021-04-28T06:48:48+00:00","twitter_card":"summary_large_image","twitter_misc":{"Estimated reading time":"1 minute"},"schema":{"@context":"https:\/\/schema.org","@graph":[{"@type":"WebPage","@id":"https:\/\/zbsa.eu\/en\/jagd-und-fischereigeschichte\/","url":"https:\/\/zbsa.eu\/en\/jagd-und-fischereigeschichte\/","name":"Jagd- und Fischereigeschichte - Zentrum f\u00fcr Baltische und Skandinavische Arch\u00e4ologie (ZBSA) \u2014 Zentrum f\u00fcr Baltische und Skandinavische Arch\u00e4ologie","isPartOf":{"@id":"https:\/\/zbsa.eu\/#website"},"datePublished":"2021-03-14T12:55:24+00:00","dateModified":"2021-04-28T06:48:48+00:00","breadcrumb":{"@id":"https:\/\/zbsa.eu\/en\/jagd-und-fischereigeschichte\/#breadcrumb"},"inLanguage":"en-GB","potentialAction":[{"@type":"ReadAction","target":["https:\/\/zbsa.eu\/en\/jagd-und-fischereigeschichte\/"]}]},{"@type":"BreadcrumbList","@id":"https:\/\/zbsa.eu\/en\/jagd-und-fischereigeschichte\/#breadcrumb","itemListElement":[{"@type":"ListItem","position":1,"name":"Startseite","item":"https:\/\/zbsa.eu\/"},{"@type":"ListItem","position":2,"name":"Jagd- und Fischereigeschichte"}]},{"@type":"WebSite","@id":"https:\/\/zbsa.eu\/#website","url":"https:\/\/zbsa.eu\/","name":"Zentrum f\u00fcr Baltische und Skandinavische Arch\u00e4ologie (ZBSA) \u2014 Zentrum f\u00fcr Baltische und Skandinavische Arch\u00e4ologie","description":"","potentialAction":[{"@type":"SearchAction","target":{"@type":"EntryPoint","urlTemplate":"https:\/\/zbsa.eu\/?s={search_term_string}"},"query-input":{"@type":"PropertyValueSpecification","valueRequired":true,"valueName":"search_term_string"}}],"inLanguage":"en-GB"}]}},"acf":[],"_links":{"self":[{"href":"https:\/\/zbsa.eu\/en\/wp-json\/wp\/v2\/pages\/2192","targetHints":{"allow":["GET"]}}],"collection":[{"href":"https:\/\/zbsa.eu\/en\/wp-json\/wp\/v2\/pages"}],"about":[{"href":"https:\/\/zbsa.eu\/en\/wp-json\/wp\/v2\/types\/page"}],"author":[{"embeddable":true,"href":"https:\/\/zbsa.eu\/en\/wp-json\/wp\/v2\/users\/1"}],"replies":[{"embeddable":true,"href":"https:\/\/zbsa.eu\/en\/wp-json\/wp\/v2\/comments?post=2192"}],"version-history":[{"count":9,"href":"https:\/\/zbsa.eu\/en\/wp-json\/wp\/v2\/pages\/2192\/revisions"}],"predecessor-version":[{"id":6316,"href":"https:\/\/zbsa.eu\/en\/wp-json\/wp\/v2\/pages\/2192\/revisions\/6316"}],"wp:attachment":[{"href":"https:\/\/zbsa.eu\/en\/wp-json\/wp\/v2\/media?parent=2192"}],"curies":[{"name":"wp","href":"https:\/\/api.w.org\/{rel}","templated":true}]}}