{"id":2207,"date":"2021-03-14T13:57:21","date_gmt":"2021-03-14T12:57:21","guid":{"rendered":"https:\/\/zbsa.eu\/?page_id=2207"},"modified":"2021-10-05T12:33:13","modified_gmt":"2021-10-05T10:33:13","slug":"sfb-1266-transformationsdimensionen","status":"publish","type":"page","link":"https:\/\/zbsa.eu\/en\/sfb-1266-transformationsdimensionen\/","title":{"rendered":"CRC 1266, Scales of Transformation"},"content":{"rendered":"<p style=\"text-align: left;\">The\u00a0<a href=\"http:\/\/www.sfb1266.uni-kiel.de\/de\" target=\"_blank\" rel=\"noopener\">SFB 1266 \u201eTransformationsDimensionen \u2013 Mensch-Umwelt-Wechselwirkungen in Pr\u00e4historischen und Archaischen Gesellschaften<\/a>\u201c erforscht aus diachroner Perspektive Transformationsprozesse unterschiedlich strukturierter Gesellschaften und Umweltbedingungen zwischen 15.000 und 1 v. Chr. In diesem Zeitraum fanden entscheidende Entwicklungen der Menschheitsgeschichte statt, die vom pal\u00e4olithischen Basislager am Eisrand zu ersten staatlichen Strukturen wie der \u00e4g\u00e4ischen Polis f\u00fchrten.<\/p>\n<p style=\"text-align: left;\">The development stages in this process were very different, depending on the period and the region, but always involved repeated transformations. \u201cTransformation\u201d is defined as processes that led to substantial and permanent reorganisations of the socio-economic patterns of interaction between man and the environment. Such transformations can be identified in their various chronological, geographical and social dimensions. Consequently, the CRC examines the excellent archaeological and palaeo-ecological archives pertaining to the various geographical areas with different social constellations, from the Mediterranean to the North Sea and from the Stone Age hunting camp to the early city. In order to identify and interpret the socio-ecological dimension of transformations, combinations of archaeological and palaeo-ecological methods are employed and constantly refined.<\/p>\n<p style=\"text-align: left;\">Das Verbundprojekt vereint Forschungen am ZBSA mit transdisziplin\u00e4r organisierten Forschungst\u00e4tigkeiten an acht Instituten der CAU Kiel (Geographie, Geowissenschaften, Klinische Molekularbiologie, \u00d6kosystemforschung, Informatik, Ur- und Fr\u00fchgeschichte, Klassische Arch\u00e4ologie, Philosophie), der Johanna-Mestorf-Akademie sowie dem Museum f\u00fcr Arch\u00e4ologie Schloss Gottorf.<\/p>\n\n<ul class=\"wp-block-latest-posts__list wp-block-latest-posts\"><li><a class=\"wp-block-latest-posts__post-title\" href=\"https:\/\/zbsa.eu\/en\/bayesian-chronological-modelling-of-the-early-iron-age-in-southern-jutland-denmark\/\">Bayesian chronological modelling of the early Iron Age in Southern Jutland, Denmark (SFB 1266, G1)<\/a><\/li>\n<li><a class=\"wp-block-latest-posts__post-title\" href=\"https:\/\/zbsa.eu\/en\/machine-learning-based-reconstruction-of-palaeolandscapes\/\">Machine Learning basierte Rekonstruktion von Pal\u00e4olandschaften zur verbesserten Interpretation von Mensch-Umwelt-Beziehungen (SFB 1266, B1)<\/a><\/li>\n<li><a class=\"wp-block-latest-posts__post-title\" href=\"https:\/\/zbsa.eu\/en\/pioneers-of-the-north\/\">Pioneers of the North: Transitions and Transformations in Northern Europe evidenced by High-Resolution Datasets (c. 15000\u20139500 BCE) (SFB 1266, B1)<\/a><\/li>\n<li><a class=\"wp-block-latest-posts__post-title\" href=\"https:\/\/zbsa.eu\/en\/estimated-subsistence-potential-of-lateglacial-landscapes\/\">SFB-Projekt: Estimated subsistence potential of lateglacial landscapes (SFB 1266, B1)<\/a><\/li>\n<li><a class=\"wp-block-latest-posts__post-title\" href=\"https:\/\/zbsa.eu\/en\/transformationsprozesse-spezialisierter-wildbeutergruppen\/\">SFB-Projekt: Transformationsprozesse spezialisierter Wildbeutergruppen (SFB 1266, B2)<\/a><\/li>\n<\/ul>","protected":false},"excerpt":{"rendered":"<p>Der\u00a0SFB 1266 \u201eTransformationsDimensionen \u2013 Mensch-Umwelt-Wechselwirkungen in Pr\u00e4historischen und Archaischen Gesellschaften\u201c erforscht aus diachroner Perspektive Transformationsprozesse unterschiedlich strukturierter Gesellschaften und Umweltbedingungen zwischen 15.000 und 1 v. Chr. In diesem Zeitraum fanden entscheidende Entwicklungen der Menschheitsgeschichte statt, die vom pal\u00e4olithischen Basislager am Eisrand zu ersten staatlichen Strukturen wie der \u00e4g\u00e4ischen Polis f\u00fchrten. Die diesem Prozess innewohnenden Entwicklungsschritte verliefen je nach Zeit und Region v\u00f6llig unterschiedlich, f\u00fchrten aber letztlich zu wiederholten Transformationen. Als Transformation werden Prozesse definiert, die substantielle und dauerhafte Reorganisationen sozio\u00f6konomischer Interaktionsmuster von Mensch und Umwelt bewirkten. Solche Transformationen sind in zeitlich, r\u00e4umlich und sozial unterschiedlichen Dimensionen fassbar. Dementsprechend werden im SFB hochqualitative arch\u00e4ologische und pal\u00e4o\u00f6kologische Archive untersucht, die sich in unterschiedlichen Landschaften unter verschiedenen sozialen Konstellationen finden, zwischen Mittelmeer und Nordsee in der steinzeitlichen Jagdstation und der antiken Stadt. Um die sozial-\u00f6kologische Dimension von Transformationen zu erfassen und zu interpretieren, werden Kombinationen aus arch\u00e4ologischen und pal\u00e4o\u00f6kologischen Methoden angewendet und stetig weiterentwickelt. Das Verbundprojekt vereint Forschungen am ZBSA mit transdisziplin\u00e4r organisierten Forschungst\u00e4tigkeiten an acht Instituten der CAU Kiel (Geographie, Geowissenschaften, Klinische Molekularbiologie, \u00d6kosystemforschung, Informatik, Ur- und Fr\u00fchgeschichte, Klassische Arch\u00e4ologie, Philosophie), der Johanna-Mestorf-Akademie sowie dem Museum f\u00fcr Arch\u00e4ologie Schloss Gottorf.<\/p>","protected":false},"author":1,"featured_media":0,"parent":0,"menu_order":0,"comment_status":"closed","ping_status":"closed","template":"","meta":{"_eb_attr":"","inline_featured_image":false,"footnotes":""},"class_list":["post-2207","page","type-page","status-publish","hentry"],"yoast_head":"<!-- This site is optimized with the Yoast SEO plugin v24.4 - https:\/\/yoast.com\/wordpress\/plugins\/seo\/ -->\n<title>SFB 1266, TransformationsDimensionen - Zentrum f\u00fcr Baltische und Skandinavische Arch\u00e4ologie (ZBSA) \u2014 Zentrum f\u00fcr Baltische und Skandinavische Arch\u00e4ologie<\/title>\n<meta name=\"robots\" content=\"index, follow, max-snippet:-1, max-image-preview:large, max-video-preview:-1\" \/>\n<link rel=\"canonical\" href=\"https:\/\/zbsa.eu\/en\/sfb-1266-transformationsdimensionen\/\" \/>\n<meta property=\"og:locale\" content=\"en_GB\" \/>\n<meta property=\"og:type\" content=\"article\" \/>\n<meta property=\"og:title\" content=\"SFB 1266, TransformationsDimensionen - Zentrum f\u00fcr Baltische und Skandinavische Arch\u00e4ologie (ZBSA) \u2014 Zentrum f\u00fcr Baltische und Skandinavische Arch\u00e4ologie\" \/>\n<meta property=\"og:description\" content=\"Der\u00a0SFB 1266 \u201eTransformationsDimensionen \u2013 Mensch-Umwelt-Wechselwirkungen in Pr\u00e4historischen und Archaischen Gesellschaften\u201c erforscht aus diachroner Perspektive Transformationsprozesse unterschiedlich strukturierter Gesellschaften und Umweltbedingungen zwischen 15.000 und 1 v. Chr. In diesem Zeitraum fanden entscheidende Entwicklungen der Menschheitsgeschichte statt, die vom pal\u00e4olithischen Basislager am Eisrand zu ersten staatlichen Strukturen wie der \u00e4g\u00e4ischen Polis f\u00fchrten. Die diesem Prozess innewohnenden Entwicklungsschritte verliefen je nach Zeit und Region v\u00f6llig unterschiedlich, f\u00fchrten aber letztlich zu wiederholten Transformationen. Als Transformation werden Prozesse definiert, die substantielle und dauerhafte Reorganisationen sozio\u00f6konomischer Interaktionsmuster von Mensch und Umwelt bewirkten. Solche Transformationen sind in zeitlich, r\u00e4umlich und sozial unterschiedlichen Dimensionen fassbar. Dementsprechend werden im SFB hochqualitative arch\u00e4ologische und pal\u00e4o\u00f6kologische Archive untersucht, die sich in unterschiedlichen Landschaften unter verschiedenen sozialen Konstellationen finden, zwischen Mittelmeer und Nordsee in der steinzeitlichen Jagdstation und der antiken Stadt. Um die sozial-\u00f6kologische Dimension von Transformationen zu erfassen und zu interpretieren, werden Kombinationen aus arch\u00e4ologischen und pal\u00e4o\u00f6kologischen Methoden angewendet und stetig weiterentwickelt. Das Verbundprojekt vereint Forschungen am ZBSA mit transdisziplin\u00e4r organisierten Forschungst\u00e4tigkeiten an acht Instituten der CAU Kiel (Geographie, Geowissenschaften, Klinische Molekularbiologie, \u00d6kosystemforschung, Informatik, Ur- und Fr\u00fchgeschichte, Klassische Arch\u00e4ologie, Philosophie), der Johanna-Mestorf-Akademie sowie dem Museum f\u00fcr Arch\u00e4ologie Schloss Gottorf.\" \/>\n<meta property=\"og:url\" content=\"https:\/\/zbsa.eu\/en\/sfb-1266-transformationsdimensionen\/\" \/>\n<meta property=\"og:site_name\" content=\"Zentrum f\u00fcr Baltische und Skandinavische Arch\u00e4ologie (ZBSA) \u2014 Zentrum f\u00fcr Baltische und Skandinavische Arch\u00e4ologie\" \/>\n<meta property=\"article:modified_time\" content=\"2021-10-05T10:33:13+00:00\" \/>\n<meta name=\"twitter:card\" content=\"summary_large_image\" \/>\n<meta name=\"twitter:label1\" content=\"Estimated reading time\" \/>\n\t<meta name=\"twitter:data1\" content=\"1 minute\" \/>\n<script type=\"application\/ld+json\" class=\"yoast-schema-graph\">{\"@context\":\"https:\/\/schema.org\",\"@graph\":[{\"@type\":\"WebPage\",\"@id\":\"https:\/\/zbsa.eu\/sfb-1266-transformationsdimensionen\/\",\"url\":\"https:\/\/zbsa.eu\/sfb-1266-transformationsdimensionen\/\",\"name\":\"SFB 1266, TransformationsDimensionen - Zentrum f\u00fcr Baltische und Skandinavische Arch\u00e4ologie (ZBSA) \u2014 Zentrum f\u00fcr Baltische und Skandinavische Arch\u00e4ologie\",\"isPartOf\":{\"@id\":\"https:\/\/zbsa.eu\/#website\"},\"datePublished\":\"2021-03-14T12:57:21+00:00\",\"dateModified\":\"2021-10-05T10:33:13+00:00\",\"breadcrumb\":{\"@id\":\"https:\/\/zbsa.eu\/sfb-1266-transformationsdimensionen\/#breadcrumb\"},\"inLanguage\":\"en-GB\",\"potentialAction\":[{\"@type\":\"ReadAction\",\"target\":[\"https:\/\/zbsa.eu\/sfb-1266-transformationsdimensionen\/\"]}]},{\"@type\":\"BreadcrumbList\",\"@id\":\"https:\/\/zbsa.eu\/sfb-1266-transformationsdimensionen\/#breadcrumb\",\"itemListElement\":[{\"@type\":\"ListItem\",\"position\":1,\"name\":\"Startseite\",\"item\":\"https:\/\/zbsa.eu\/\"},{\"@type\":\"ListItem\",\"position\":2,\"name\":\"SFB 1266, TransformationsDimensionen\"}]},{\"@type\":\"WebSite\",\"@id\":\"https:\/\/zbsa.eu\/#website\",\"url\":\"https:\/\/zbsa.eu\/\",\"name\":\"Zentrum f\u00fcr Baltische und Skandinavische Arch\u00e4ologie (ZBSA) \u2014 Zentrum f\u00fcr Baltische und Skandinavische Arch\u00e4ologie\",\"description\":\"\",\"potentialAction\":[{\"@type\":\"SearchAction\",\"target\":{\"@type\":\"EntryPoint\",\"urlTemplate\":\"https:\/\/zbsa.eu\/?s={search_term_string}\"},\"query-input\":{\"@type\":\"PropertyValueSpecification\",\"valueRequired\":true,\"valueName\":\"search_term_string\"}}],\"inLanguage\":\"en-GB\"}]}<\/script>\n<!-- \/ Yoast SEO plugin. -->","yoast_head_json":{"title":"SFB 1266, TransformationsDimensionen - Zentrum f\u00fcr Baltische und Skandinavische Arch\u00e4ologie (ZBSA) \u2014 Zentrum f\u00fcr Baltische und Skandinavische Arch\u00e4ologie","robots":{"index":"index","follow":"follow","max-snippet":"max-snippet:-1","max-image-preview":"max-image-preview:large","max-video-preview":"max-video-preview:-1"},"canonical":"https:\/\/zbsa.eu\/en\/sfb-1266-transformationsdimensionen\/","og_locale":"en_GB","og_type":"article","og_title":"SFB 1266, TransformationsDimensionen - Zentrum f\u00fcr Baltische und Skandinavische Arch\u00e4ologie (ZBSA) \u2014 Zentrum f\u00fcr Baltische und Skandinavische Arch\u00e4ologie","og_description":"Der\u00a0SFB 1266 \u201eTransformationsDimensionen \u2013 Mensch-Umwelt-Wechselwirkungen in Pr\u00e4historischen und Archaischen Gesellschaften\u201c erforscht aus diachroner Perspektive Transformationsprozesse unterschiedlich strukturierter Gesellschaften und Umweltbedingungen zwischen 15.000 und 1 v. Chr. In diesem Zeitraum fanden entscheidende Entwicklungen der Menschheitsgeschichte statt, die vom pal\u00e4olithischen Basislager am Eisrand zu ersten staatlichen Strukturen wie der \u00e4g\u00e4ischen Polis f\u00fchrten. Die diesem Prozess innewohnenden Entwicklungsschritte verliefen je nach Zeit und Region v\u00f6llig unterschiedlich, f\u00fchrten aber letztlich zu wiederholten Transformationen. Als Transformation werden Prozesse definiert, die substantielle und dauerhafte Reorganisationen sozio\u00f6konomischer Interaktionsmuster von Mensch und Umwelt bewirkten. Solche Transformationen sind in zeitlich, r\u00e4umlich und sozial unterschiedlichen Dimensionen fassbar. Dementsprechend werden im SFB hochqualitative arch\u00e4ologische und pal\u00e4o\u00f6kologische Archive untersucht, die sich in unterschiedlichen Landschaften unter verschiedenen sozialen Konstellationen finden, zwischen Mittelmeer und Nordsee in der steinzeitlichen Jagdstation und der antiken Stadt. Um die sozial-\u00f6kologische Dimension von Transformationen zu erfassen und zu interpretieren, werden Kombinationen aus arch\u00e4ologischen und pal\u00e4o\u00f6kologischen Methoden angewendet und stetig weiterentwickelt. Das Verbundprojekt vereint Forschungen am ZBSA mit transdisziplin\u00e4r organisierten Forschungst\u00e4tigkeiten an acht Instituten der CAU Kiel (Geographie, Geowissenschaften, Klinische Molekularbiologie, \u00d6kosystemforschung, Informatik, Ur- und Fr\u00fchgeschichte, Klassische Arch\u00e4ologie, Philosophie), der Johanna-Mestorf-Akademie sowie dem Museum f\u00fcr Arch\u00e4ologie Schloss Gottorf.","og_url":"https:\/\/zbsa.eu\/en\/sfb-1266-transformationsdimensionen\/","og_site_name":"Zentrum f\u00fcr Baltische und Skandinavische Arch\u00e4ologie (ZBSA) \u2014 Zentrum f\u00fcr Baltische und Skandinavische Arch\u00e4ologie","article_modified_time":"2021-10-05T10:33:13+00:00","twitter_card":"summary_large_image","twitter_misc":{"Estimated reading time":"1 minute"},"schema":{"@context":"https:\/\/schema.org","@graph":[{"@type":"WebPage","@id":"https:\/\/zbsa.eu\/sfb-1266-transformationsdimensionen\/","url":"https:\/\/zbsa.eu\/sfb-1266-transformationsdimensionen\/","name":"SFB 1266, TransformationsDimensionen - Zentrum f\u00fcr Baltische und Skandinavische Arch\u00e4ologie (ZBSA) \u2014 Zentrum f\u00fcr Baltische und Skandinavische Arch\u00e4ologie","isPartOf":{"@id":"https:\/\/zbsa.eu\/#website"},"datePublished":"2021-03-14T12:57:21+00:00","dateModified":"2021-10-05T10:33:13+00:00","breadcrumb":{"@id":"https:\/\/zbsa.eu\/sfb-1266-transformationsdimensionen\/#breadcrumb"},"inLanguage":"en-GB","potentialAction":[{"@type":"ReadAction","target":["https:\/\/zbsa.eu\/sfb-1266-transformationsdimensionen\/"]}]},{"@type":"BreadcrumbList","@id":"https:\/\/zbsa.eu\/sfb-1266-transformationsdimensionen\/#breadcrumb","itemListElement":[{"@type":"ListItem","position":1,"name":"Startseite","item":"https:\/\/zbsa.eu\/"},{"@type":"ListItem","position":2,"name":"SFB 1266, TransformationsDimensionen"}]},{"@type":"WebSite","@id":"https:\/\/zbsa.eu\/#website","url":"https:\/\/zbsa.eu\/","name":"Zentrum f\u00fcr Baltische und Skandinavische Arch\u00e4ologie (ZBSA) \u2014 Zentrum f\u00fcr Baltische und Skandinavische Arch\u00e4ologie","description":"","potentialAction":[{"@type":"SearchAction","target":{"@type":"EntryPoint","urlTemplate":"https:\/\/zbsa.eu\/?s={search_term_string}"},"query-input":{"@type":"PropertyValueSpecification","valueRequired":true,"valueName":"search_term_string"}}],"inLanguage":"en-GB"}]}},"acf":[],"_links":{"self":[{"href":"https:\/\/zbsa.eu\/en\/wp-json\/wp\/v2\/pages\/2207","targetHints":{"allow":["GET"]}}],"collection":[{"href":"https:\/\/zbsa.eu\/en\/wp-json\/wp\/v2\/pages"}],"about":[{"href":"https:\/\/zbsa.eu\/en\/wp-json\/wp\/v2\/types\/page"}],"author":[{"embeddable":true,"href":"https:\/\/zbsa.eu\/en\/wp-json\/wp\/v2\/users\/1"}],"replies":[{"embeddable":true,"href":"https:\/\/zbsa.eu\/en\/wp-json\/wp\/v2\/comments?post=2207"}],"version-history":[{"count":15,"href":"https:\/\/zbsa.eu\/en\/wp-json\/wp\/v2\/pages\/2207\/revisions"}],"predecessor-version":[{"id":7909,"href":"https:\/\/zbsa.eu\/en\/wp-json\/wp\/v2\/pages\/2207\/revisions\/7909"}],"wp:attachment":[{"href":"https:\/\/zbsa.eu\/en\/wp-json\/wp\/v2\/media?parent=2207"}],"curies":[{"name":"wp","href":"https:\/\/api.w.org\/{rel}","templated":true}]}}