{"id":246,"date":"2021-01-29T09:26:33","date_gmt":"2021-01-29T08:26:33","guid":{"rendered":"https:\/\/zbsa.eu\/?page_id=246"},"modified":"2021-04-28T07:20:32","modified_gmt":"2021-04-28T05:20:32","slug":"archaeozoologische-sammlung","status":"publish","type":"page","link":"https:\/\/zbsa.eu\/en\/archaeozoologische-sammlung\/","title":{"rendered":"Archaeozoological collection"},"content":{"rendered":"<div class=\"wp-block-image\"><figure class=\"alignright size-large\"><img fetchpriority=\"high\" decoding=\"async\" width=\"454\" height=\"302\" src=\"https:\/\/zbsa.eu\/wp-content\/uploads\/2021\/01\/image_content.jpeg\" alt=\"\" class=\"wp-image-249\"\/><figcaption>Ein Blick in die Arbeitsr\u00e4ume der Arch\u00e4ozoologie (Foto: Wolfgang Lage, ALM).<\/figcaption><\/figure><\/div>\n\n\n\n<p class=\"has-text-align-left\">The methodological base for this work is a reference collection comprising more than 30 000 skeletons, amassed and curated in collaboration with the Zoological Institute at Christian-Albrechts-Universit\u00e4t in Kiel. This collection enables the identification to species of the remains of mammals, birds and fish as well as bones of reptiles and amphibians.<\/p>\n\n\n\n<p class=\"has-text-align-left\">At present, department staff are engaged in particular with research into the Mesolithic food economy and hunting, Late Mesolithic transformation processes and Late Iron Age and Holocene landscape changes in the Baltic Sea area with their profound influence on inter-cultural communication.  Furthermore, investigations are carried out on finds of animal bones from the first millennium AD. Investigations follow both culture-historical\/archaeological and scientific angles and are carried out in collaboration with both national and international partners, enabling a comprehensive picture to be obtained of the causes and consequences of social and spatial change. Our research partners are Kieler Graduiertenschule (The Postgraduate School of Kiel) \u201cHuman Development in Landscapes,\u201d the Deutsche Arch\u00e4eologische Institut (The German Archaeological Institute) in Berlin, Nieders\u00e4chische Institut f\u00fcr historische K\u00fcstenforschung (The Institute for Historical Coastal Research, Niedersachsen) in Wilhelmshaven, Moesg\u00e5rd Museum, H\u00f8jbjerg, in Denmark, the Universities of York and Bradford in the UK and R\u00f6misch-Germanische Kommission (Roman-Germanic Commission) in Frankfurt\/M.<\/p>\n\n\n\n<p><a href=\"https:\/\/zbsa.eu\/en\/geschichte-der-archaozoologie\/\" data-type=\"page\" data-id=\"251\">More about the history of archaeozoology in Schleswig<\/a><\/p>\n\n\n\n<p><a href=\"https:\/\/zbsa.eu\/wp-content\/uploads\/2021\/03\/AZA-Folder-deutsch.pdf\" target=\"_blank\" rel=\"noreferrer noopener\">Download info flyer Archaeozoology and History of Fauna (PDF)<\/a><\/p>\n\n\n\n<p><a rel=\"noreferrer noopener\" href=\"https:\/\/zbsa.eu\/wp-content\/uploads\/2021\/03\/publikationen-der-aza-1966-bis-2008.pdf\" target=\"_blank\">List of publications 1966 to 2008<\/a><\/p>","protected":false},"excerpt":{"rendered":"<p>Die methodische Grundlage bildet eine mehr als 30.000 Skelette umfassende Vergleichssammlung, die in Kooperation mit dem Zoologischen Institut der Christian-Albrechts-Universit\u00e4t Kiel entstand und unterhalten wird. Diese Sammlung erm\u00f6glicht die artgenaue Bestimmung von S\u00e4ugetier-, Vogel- und Fischresten, sowie von Reptilien und Amphibienknochen. Aktuell besch\u00e4ftigen sich die Mitarbeiter der Abteilung insbesondere mit der mesolithischen Nahrungswirtschaft und Jagd, den endmesolithischen Transformationsprozessen und den sp\u00e4teiszeitlichen und holoz\u00e4nen Landschaftsver\u00e4nderungen im Ostseeraum mit ihren tiefgreifenden Auswirkungen auf die interkulturelle Kommunikation. Dar\u00fcber hinaus werden Tierknochenfunde aus dem 1. Jahrtausend n. Chr. untersucht. Die Bearbeitung erfolgt sowohl unter kulturgeschichtlich-arch\u00e4ologischen als auch unter naturwissenschaftlichen Gesichtspunkten und in Kooperation mit in- und ausl\u00e4ndischen Partnern, wodurch eine ganzheitliche Sicht auf die Ursachen und Folgen von gesellschaftlichen und kulturr\u00e4umlichen Ver\u00e4nderungen gelingt. Mehr zur Geschichte der Arch\u00e4ozoologie in Schleswig Informationsfaltblatt zur Arch\u00e4ozoologie am ZBSA (PDF) Publikationsliste der Jahre 1966 bis 2008 (PDF)<\/p>","protected":false},"author":1,"featured_media":0,"parent":0,"menu_order":0,"comment_status":"closed","ping_status":"closed","template":"","meta":{"_eb_attr":"","inline_featured_image":false,"footnotes":""},"class_list":["post-246","page","type-page","status-publish","hentry"],"yoast_head":"<!-- This site is optimized with the Yoast SEO plugin v24.4 - https:\/\/yoast.com\/wordpress\/plugins\/seo\/ -->\n<title>Arch\u00e4ozoologische Sammlung - Zentrum f\u00fcr Baltische und Skandinavische Arch\u00e4ologie (ZBSA) \u2014 Zentrum f\u00fcr Baltische und Skandinavische Arch\u00e4ologie<\/title>\n<meta name=\"robots\" content=\"index, follow, max-snippet:-1, max-image-preview:large, max-video-preview:-1\" \/>\n<link rel=\"canonical\" href=\"https:\/\/zbsa.eu\/en\/archaeozoologische-sammlung\/\" \/>\n<meta property=\"og:locale\" content=\"en_GB\" \/>\n<meta property=\"og:type\" content=\"article\" \/>\n<meta property=\"og:title\" content=\"Arch\u00e4ozoologische Sammlung - Zentrum f\u00fcr Baltische und Skandinavische Arch\u00e4ologie (ZBSA) \u2014 Zentrum f\u00fcr Baltische und Skandinavische Arch\u00e4ologie\" \/>\n<meta property=\"og:description\" content=\"Die methodische Grundlage bildet eine mehr als 30.000 Skelette umfassende Vergleichssammlung, die in Kooperation mit dem Zoologischen Institut der Christian-Albrechts-Universit\u00e4t Kiel entstand und unterhalten wird. Diese Sammlung erm\u00f6glicht die artgenaue Bestimmung von S\u00e4ugetier-, Vogel- und Fischresten, sowie von Reptilien und Amphibienknochen. Aktuell besch\u00e4ftigen sich die Mitarbeiter der Abteilung insbesondere mit der mesolithischen Nahrungswirtschaft und Jagd, den endmesolithischen Transformationsprozessen und den sp\u00e4teiszeitlichen und holoz\u00e4nen Landschaftsver\u00e4nderungen im Ostseeraum mit ihren tiefgreifenden Auswirkungen auf die interkulturelle Kommunikation. Dar\u00fcber hinaus werden Tierknochenfunde aus dem 1. Jahrtausend n. Chr. untersucht. Die Bearbeitung erfolgt sowohl unter kulturgeschichtlich-arch\u00e4ologischen als auch unter naturwissenschaftlichen Gesichtspunkten und in Kooperation mit in- und ausl\u00e4ndischen Partnern, wodurch eine ganzheitliche Sicht auf die Ursachen und Folgen von gesellschaftlichen und kulturr\u00e4umlichen Ver\u00e4nderungen gelingt. Mehr zur Geschichte der Arch\u00e4ozoologie in Schleswig Informationsfaltblatt zur Arch\u00e4ozoologie am ZBSA (PDF) Publikationsliste der Jahre 1966 bis 2008 (PDF)\" \/>\n<meta property=\"og:url\" content=\"https:\/\/zbsa.eu\/en\/archaeozoologische-sammlung\/\" \/>\n<meta property=\"og:site_name\" content=\"Zentrum f\u00fcr Baltische und Skandinavische Arch\u00e4ologie (ZBSA) \u2014 Zentrum f\u00fcr Baltische und Skandinavische Arch\u00e4ologie\" \/>\n<meta property=\"article:modified_time\" content=\"2021-04-28T05:20:32+00:00\" \/>\n<meta property=\"og:image\" content=\"https:\/\/zbsa.eu\/wp-content\/uploads\/2021\/01\/image_content.jpeg\" \/>\n<meta name=\"twitter:card\" content=\"summary_large_image\" \/>\n<meta name=\"twitter:label1\" content=\"Estimated reading time\" \/>\n\t<meta name=\"twitter:data1\" content=\"1 minute\" \/>\n<script type=\"application\/ld+json\" class=\"yoast-schema-graph\">{\"@context\":\"https:\/\/schema.org\",\"@graph\":[{\"@type\":\"WebPage\",\"@id\":\"https:\/\/zbsa.eu\/en\/archaeozoologische-sammlung\/\",\"url\":\"https:\/\/zbsa.eu\/en\/archaeozoologische-sammlung\/\",\"name\":\"Arch\u00e4ozoologische Sammlung - Zentrum f\u00fcr Baltische und Skandinavische Arch\u00e4ologie (ZBSA) \u2014 Zentrum f\u00fcr Baltische und Skandinavische Arch\u00e4ologie\",\"isPartOf\":{\"@id\":\"https:\/\/zbsa.eu\/#website\"},\"primaryImageOfPage\":{\"@id\":\"https:\/\/zbsa.eu\/en\/archaeozoologische-sammlung\/#primaryimage\"},\"image\":{\"@id\":\"https:\/\/zbsa.eu\/en\/archaeozoologische-sammlung\/#primaryimage\"},\"thumbnailUrl\":\"https:\/\/zbsa.eu\/wp-content\/uploads\/2021\/01\/image_content.jpeg\",\"datePublished\":\"2021-01-29T08:26:33+00:00\",\"dateModified\":\"2021-04-28T05:20:32+00:00\",\"breadcrumb\":{\"@id\":\"https:\/\/zbsa.eu\/en\/archaeozoologische-sammlung\/#breadcrumb\"},\"inLanguage\":\"en-GB\",\"potentialAction\":[{\"@type\":\"ReadAction\",\"target\":[\"https:\/\/zbsa.eu\/en\/archaeozoologische-sammlung\/\"]}]},{\"@type\":\"ImageObject\",\"inLanguage\":\"en-GB\",\"@id\":\"https:\/\/zbsa.eu\/en\/archaeozoologische-sammlung\/#primaryimage\",\"url\":\"https:\/\/zbsa.eu\/wp-content\/uploads\/2021\/01\/image_content.jpeg\",\"contentUrl\":\"https:\/\/zbsa.eu\/wp-content\/uploads\/2021\/01\/image_content.jpeg\"},{\"@type\":\"BreadcrumbList\",\"@id\":\"https:\/\/zbsa.eu\/en\/archaeozoologische-sammlung\/#breadcrumb\",\"itemListElement\":[{\"@type\":\"ListItem\",\"position\":1,\"name\":\"Startseite\",\"item\":\"https:\/\/zbsa.eu\/\"},{\"@type\":\"ListItem\",\"position\":2,\"name\":\"Arch\u00e4ozoologische Sammlung\"}]},{\"@type\":\"WebSite\",\"@id\":\"https:\/\/zbsa.eu\/#website\",\"url\":\"https:\/\/zbsa.eu\/\",\"name\":\"Zentrum f\u00fcr Baltische und Skandinavische Arch\u00e4ologie (ZBSA) \u2014 Zentrum f\u00fcr Baltische und Skandinavische Arch\u00e4ologie\",\"description\":\"\",\"potentialAction\":[{\"@type\":\"SearchAction\",\"target\":{\"@type\":\"EntryPoint\",\"urlTemplate\":\"https:\/\/zbsa.eu\/?s={search_term_string}\"},\"query-input\":{\"@type\":\"PropertyValueSpecification\",\"valueRequired\":true,\"valueName\":\"search_term_string\"}}],\"inLanguage\":\"en-GB\"}]}<\/script>\n<!-- \/ Yoast SEO plugin. -->","yoast_head_json":{"title":"Arch\u00e4ozoologische Sammlung - Zentrum f\u00fcr Baltische und Skandinavische Arch\u00e4ologie (ZBSA) \u2014 Zentrum f\u00fcr Baltische und Skandinavische Arch\u00e4ologie","robots":{"index":"index","follow":"follow","max-snippet":"max-snippet:-1","max-image-preview":"max-image-preview:large","max-video-preview":"max-video-preview:-1"},"canonical":"https:\/\/zbsa.eu\/en\/archaeozoologische-sammlung\/","og_locale":"en_GB","og_type":"article","og_title":"Arch\u00e4ozoologische Sammlung - Zentrum f\u00fcr Baltische und Skandinavische Arch\u00e4ologie (ZBSA) \u2014 Zentrum f\u00fcr Baltische und Skandinavische Arch\u00e4ologie","og_description":"Die methodische Grundlage bildet eine mehr als 30.000 Skelette umfassende Vergleichssammlung, die in Kooperation mit dem Zoologischen Institut der Christian-Albrechts-Universit\u00e4t Kiel entstand und unterhalten wird. Diese Sammlung erm\u00f6glicht die artgenaue Bestimmung von S\u00e4ugetier-, Vogel- und Fischresten, sowie von Reptilien und Amphibienknochen. Aktuell besch\u00e4ftigen sich die Mitarbeiter der Abteilung insbesondere mit der mesolithischen Nahrungswirtschaft und Jagd, den endmesolithischen Transformationsprozessen und den sp\u00e4teiszeitlichen und holoz\u00e4nen Landschaftsver\u00e4nderungen im Ostseeraum mit ihren tiefgreifenden Auswirkungen auf die interkulturelle Kommunikation. Dar\u00fcber hinaus werden Tierknochenfunde aus dem 1. Jahrtausend n. Chr. untersucht. Die Bearbeitung erfolgt sowohl unter kulturgeschichtlich-arch\u00e4ologischen als auch unter naturwissenschaftlichen Gesichtspunkten und in Kooperation mit in- und ausl\u00e4ndischen Partnern, wodurch eine ganzheitliche Sicht auf die Ursachen und Folgen von gesellschaftlichen und kulturr\u00e4umlichen Ver\u00e4nderungen gelingt. Mehr zur Geschichte der Arch\u00e4ozoologie in Schleswig Informationsfaltblatt zur Arch\u00e4ozoologie am ZBSA (PDF) Publikationsliste der Jahre 1966 bis 2008 (PDF)","og_url":"https:\/\/zbsa.eu\/en\/archaeozoologische-sammlung\/","og_site_name":"Zentrum f\u00fcr Baltische und Skandinavische Arch\u00e4ologie (ZBSA) \u2014 Zentrum f\u00fcr Baltische und Skandinavische Arch\u00e4ologie","article_modified_time":"2021-04-28T05:20:32+00:00","og_image":[{"url":"https:\/\/zbsa.eu\/wp-content\/uploads\/2021\/01\/image_content.jpeg","type":"","width":"","height":""}],"twitter_card":"summary_large_image","twitter_misc":{"Estimated reading time":"1 minute"},"schema":{"@context":"https:\/\/schema.org","@graph":[{"@type":"WebPage","@id":"https:\/\/zbsa.eu\/en\/archaeozoologische-sammlung\/","url":"https:\/\/zbsa.eu\/en\/archaeozoologische-sammlung\/","name":"Arch\u00e4ozoologische Sammlung - Zentrum f\u00fcr Baltische und Skandinavische Arch\u00e4ologie (ZBSA) \u2014 Zentrum f\u00fcr Baltische und Skandinavische Arch\u00e4ologie","isPartOf":{"@id":"https:\/\/zbsa.eu\/#website"},"primaryImageOfPage":{"@id":"https:\/\/zbsa.eu\/en\/archaeozoologische-sammlung\/#primaryimage"},"image":{"@id":"https:\/\/zbsa.eu\/en\/archaeozoologische-sammlung\/#primaryimage"},"thumbnailUrl":"https:\/\/zbsa.eu\/wp-content\/uploads\/2021\/01\/image_content.jpeg","datePublished":"2021-01-29T08:26:33+00:00","dateModified":"2021-04-28T05:20:32+00:00","breadcrumb":{"@id":"https:\/\/zbsa.eu\/en\/archaeozoologische-sammlung\/#breadcrumb"},"inLanguage":"en-GB","potentialAction":[{"@type":"ReadAction","target":["https:\/\/zbsa.eu\/en\/archaeozoologische-sammlung\/"]}]},{"@type":"ImageObject","inLanguage":"en-GB","@id":"https:\/\/zbsa.eu\/en\/archaeozoologische-sammlung\/#primaryimage","url":"https:\/\/zbsa.eu\/wp-content\/uploads\/2021\/01\/image_content.jpeg","contentUrl":"https:\/\/zbsa.eu\/wp-content\/uploads\/2021\/01\/image_content.jpeg"},{"@type":"BreadcrumbList","@id":"https:\/\/zbsa.eu\/en\/archaeozoologische-sammlung\/#breadcrumb","itemListElement":[{"@type":"ListItem","position":1,"name":"Startseite","item":"https:\/\/zbsa.eu\/"},{"@type":"ListItem","position":2,"name":"Arch\u00e4ozoologische Sammlung"}]},{"@type":"WebSite","@id":"https:\/\/zbsa.eu\/#website","url":"https:\/\/zbsa.eu\/","name":"Zentrum f\u00fcr Baltische und Skandinavische Arch\u00e4ologie (ZBSA) \u2014 Zentrum f\u00fcr Baltische und Skandinavische Arch\u00e4ologie","description":"","potentialAction":[{"@type":"SearchAction","target":{"@type":"EntryPoint","urlTemplate":"https:\/\/zbsa.eu\/?s={search_term_string}"},"query-input":{"@type":"PropertyValueSpecification","valueRequired":true,"valueName":"search_term_string"}}],"inLanguage":"en-GB"}]}},"acf":[],"_links":{"self":[{"href":"https:\/\/zbsa.eu\/en\/wp-json\/wp\/v2\/pages\/246","targetHints":{"allow":["GET"]}}],"collection":[{"href":"https:\/\/zbsa.eu\/en\/wp-json\/wp\/v2\/pages"}],"about":[{"href":"https:\/\/zbsa.eu\/en\/wp-json\/wp\/v2\/types\/page"}],"author":[{"embeddable":true,"href":"https:\/\/zbsa.eu\/en\/wp-json\/wp\/v2\/users\/1"}],"replies":[{"embeddable":true,"href":"https:\/\/zbsa.eu\/en\/wp-json\/wp\/v2\/comments?post=246"}],"version-history":[{"count":20,"href":"https:\/\/zbsa.eu\/en\/wp-json\/wp\/v2\/pages\/246\/revisions"}],"predecessor-version":[{"id":6284,"href":"https:\/\/zbsa.eu\/en\/wp-json\/wp\/v2\/pages\/246\/revisions\/6284"}],"wp:attachment":[{"href":"https:\/\/zbsa.eu\/en\/wp-json\/wp\/v2\/media?parent=246"}],"curies":[{"name":"wp","href":"https:\/\/api.w.org\/{rel}","templated":true}]}}