{"id":286,"date":"2021-01-29T09:54:53","date_gmt":"2021-01-29T08:54:53","guid":{"rendered":"https:\/\/zbsa.eu\/?page_id=286"},"modified":"2023-01-24T14:41:38","modified_gmt":"2023-01-24T13:41:38","slug":"kuratorium","status":"publish","type":"page","link":"https:\/\/zbsa.eu\/en\/kuratorium\/","title":{"rendered":"Kuratorium des ZBSA"},"content":{"rendered":"<p>Das Kuratorium ist das Aufsichtsorgan des ZBSA und beschlie\u00dft \u00fcber alle wissenschaftlichen und wirtschaftlichen Angelegenheiten mit erheblichen Auswirkungen.<\/p>\n\n\n\n<h4 class=\"wp-block-heading\">Members<\/h4>\n\n\n\n<p>Staatssekret\u00e4r Guido Wendt<br>Ministerium f\u00fcr Allgemeine und Berufiche Bildung, Wissenschaft, Forschung und Kultur des Landes Schleswig-Holstein (Vorsitzender)<\/p>\n\n\n\n<p>Prof. Dr. Dr. h.c. mult. Hermann Parzinger<br>Pr\u00e4sident der Stiftung Preu\u00dfischer Kulturbesitz, Berlin<br>(Vorsitzender des Wissenschaftlichen Beirats des ZBSA)<\/p>\n\n\n\n<p>Prof. Dr. Simone Fulda<br>Pr\u00e4sidentin der Christian-Albrechts-Universit\u00e4t zu Kiel<br>(Vertreterin des Pr\u00e4sidiums der Christian-Albrechts-Universit\u00e4t zu Kiel)<\/p>\n\n\n\n<p>Prof. Dr. Ulrich M\u00fcller<br>Dekan der Philosophischen Fakult\u00e4t der Christian-Albrechts-Universit\u00e4t zu Kiel (Vertreter des Dekanats)<\/p>\n\n\n\n<h4 class=\"wp-block-heading\">In an advisory capacity<\/h4>\n\n\n\n<p>Karen Nissen<br>(Equal opportunity commissioner of the Foundation Schleswig-Holsteinische Landesmuseen Schloss Gottorf)<\/p>\n\n\n\n<p>Maike Tessars<br>Chairman of the employee representation of the Foundation Schleswig-Holsteinische Landesmuseen Schloss Gottorf<\/p>","protected":false},"excerpt":{"rendered":"<p>Das Kuratorium ist das Aufsichtsorgan des ZBSA und beschlie\u00dft \u00fcber alle wissenschaftlichen und wirtschaftlichen Angelegenheiten mit erheblichen Auswirkungen. Mitglieder Staatssekret\u00e4r Guido WendtMinisterium f\u00fcr Allgemeine und Berufiche Bildung, Wissenschaft, Forschung und Kultur des Landes Schleswig-Holstein (Vorsitzender) Prof. Dr. Dr. h.c. mult. Hermann ParzingerPr\u00e4sident der Stiftung Preu\u00dfischer Kulturbesitz, Berlin(Vorsitzender des Wissenschaftlichen Beirats des ZBSA) Prof. Dr. Simone FuldaPr\u00e4sidentin der Christian-Albrechts-Universit\u00e4t zu Kiel(Vertreterin des Pr\u00e4sidiums der Christian-Albrechts-Universit\u00e4t zu Kiel) Prof. Dr. Ulrich M\u00fcllerDekan der Philosophischen Fakult\u00e4t der Christian-Albrechts-Universit\u00e4t zu Kiel (Vertreter des Dekanats) Mit beratender Stimme Karen Nissen(Gleichstellungsbeauftragte der Stiftung Schleswig-Holsteinische Landesmuseen Schloss Gottorf) Maike Tessars(Vorsitzende der Personalvertretung der Stiftung Schleswig-Holsteinische Landesmuseen Schloss Gottorf)<\/p>","protected":false},"author":1,"featured_media":0,"parent":0,"menu_order":0,"comment_status":"closed","ping_status":"closed","template":"","meta":{"_eb_attr":"","inline_featured_image":false,"footnotes":""},"class_list":["post-286","page","type-page","status-publish","hentry"],"yoast_head":"<!-- This site is optimized with the Yoast SEO plugin v24.4 - https:\/\/yoast.com\/wordpress\/plugins\/seo\/ -->\n<title>Kuratorium des ZBSA - Zentrum f\u00fcr Baltische und Skandinavische Arch\u00e4ologie (ZBSA) \u2014 Zentrum f\u00fcr Baltische und Skandinavische Arch\u00e4ologie<\/title>\n<meta name=\"robots\" content=\"index, follow, max-snippet:-1, max-image-preview:large, max-video-preview:-1\" \/>\n<link rel=\"canonical\" href=\"https:\/\/zbsa.eu\/en\/kuratorium\/\" \/>\n<meta property=\"og:locale\" content=\"en_GB\" \/>\n<meta property=\"og:type\" content=\"article\" \/>\n<meta property=\"og:title\" content=\"Kuratorium des ZBSA - Zentrum f\u00fcr Baltische und Skandinavische Arch\u00e4ologie (ZBSA) \u2014 Zentrum f\u00fcr Baltische und Skandinavische Arch\u00e4ologie\" \/>\n<meta property=\"og:description\" content=\"Das Kuratorium ist das Aufsichtsorgan des ZBSA und beschlie\u00dft \u00fcber alle wissenschaftlichen und wirtschaftlichen Angelegenheiten mit erheblichen Auswirkungen. Mitglieder Staatssekret\u00e4r Guido WendtMinisterium f\u00fcr Allgemeine und Berufiche Bildung, Wissenschaft, Forschung und Kultur des Landes Schleswig-Holstein (Vorsitzender) Prof. Dr. Dr. h.c. mult. Hermann ParzingerPr\u00e4sident der Stiftung Preu\u00dfischer Kulturbesitz, Berlin(Vorsitzender des Wissenschaftlichen Beirats des ZBSA) Prof. Dr. Simone FuldaPr\u00e4sidentin der Christian-Albrechts-Universit\u00e4t zu Kiel(Vertreterin des Pr\u00e4sidiums der Christian-Albrechts-Universit\u00e4t zu Kiel) Prof. Dr. Ulrich M\u00fcllerDekan der Philosophischen Fakult\u00e4t der Christian-Albrechts-Universit\u00e4t zu Kiel (Vertreter des Dekanats) Mit beratender Stimme Karen Nissen(Gleichstellungsbeauftragte der Stiftung Schleswig-Holsteinische Landesmuseen Schloss Gottorf) Maike Tessars(Vorsitzende der Personalvertretung der Stiftung Schleswig-Holsteinische Landesmuseen Schloss Gottorf)\" \/>\n<meta property=\"og:url\" content=\"https:\/\/zbsa.eu\/en\/kuratorium\/\" \/>\n<meta property=\"og:site_name\" content=\"Zentrum f\u00fcr Baltische und Skandinavische Arch\u00e4ologie (ZBSA) \u2014 Zentrum f\u00fcr Baltische und Skandinavische Arch\u00e4ologie\" \/>\n<meta property=\"article:modified_time\" content=\"2023-01-24T13:41:38+00:00\" \/>\n<meta name=\"twitter:card\" content=\"summary_large_image\" \/>\n<meta name=\"twitter:label1\" content=\"Estimated reading time\" \/>\n\t<meta name=\"twitter:data1\" content=\"1 minute\" \/>\n<script type=\"application\/ld+json\" class=\"yoast-schema-graph\">{\"@context\":\"https:\/\/schema.org\",\"@graph\":[{\"@type\":\"WebPage\",\"@id\":\"https:\/\/zbsa.eu\/kuratorium\/\",\"url\":\"https:\/\/zbsa.eu\/kuratorium\/\",\"name\":\"Kuratorium des ZBSA - Zentrum f\u00fcr Baltische und Skandinavische Arch\u00e4ologie (ZBSA) \u2014 Zentrum f\u00fcr Baltische und Skandinavische Arch\u00e4ologie\",\"isPartOf\":{\"@id\":\"https:\/\/zbsa.eu\/#website\"},\"datePublished\":\"2021-01-29T08:54:53+00:00\",\"dateModified\":\"2023-01-24T13:41:38+00:00\",\"breadcrumb\":{\"@id\":\"https:\/\/zbsa.eu\/kuratorium\/#breadcrumb\"},\"inLanguage\":\"en-GB\",\"potentialAction\":[{\"@type\":\"ReadAction\",\"target\":[\"https:\/\/zbsa.eu\/kuratorium\/\"]}]},{\"@type\":\"BreadcrumbList\",\"@id\":\"https:\/\/zbsa.eu\/kuratorium\/#breadcrumb\",\"itemListElement\":[{\"@type\":\"ListItem\",\"position\":1,\"name\":\"Startseite\",\"item\":\"https:\/\/zbsa.eu\/\"},{\"@type\":\"ListItem\",\"position\":2,\"name\":\"Kuratorium des ZBSA\"}]},{\"@type\":\"WebSite\",\"@id\":\"https:\/\/zbsa.eu\/#website\",\"url\":\"https:\/\/zbsa.eu\/\",\"name\":\"Zentrum f\u00fcr Baltische und Skandinavische Arch\u00e4ologie (ZBSA) \u2014 Zentrum f\u00fcr Baltische und Skandinavische Arch\u00e4ologie\",\"description\":\"\",\"potentialAction\":[{\"@type\":\"SearchAction\",\"target\":{\"@type\":\"EntryPoint\",\"urlTemplate\":\"https:\/\/zbsa.eu\/?s={search_term_string}\"},\"query-input\":{\"@type\":\"PropertyValueSpecification\",\"valueRequired\":true,\"valueName\":\"search_term_string\"}}],\"inLanguage\":\"en-GB\"}]}<\/script>\n<!-- \/ Yoast SEO plugin. -->","yoast_head_json":{"title":"Kuratorium des ZBSA - Zentrum f\u00fcr Baltische und Skandinavische Arch\u00e4ologie (ZBSA) \u2014 Zentrum f\u00fcr Baltische und Skandinavische Arch\u00e4ologie","robots":{"index":"index","follow":"follow","max-snippet":"max-snippet:-1","max-image-preview":"max-image-preview:large","max-video-preview":"max-video-preview:-1"},"canonical":"https:\/\/zbsa.eu\/en\/kuratorium\/","og_locale":"en_GB","og_type":"article","og_title":"Kuratorium des ZBSA - Zentrum f\u00fcr Baltische und Skandinavische Arch\u00e4ologie (ZBSA) \u2014 Zentrum f\u00fcr Baltische und Skandinavische Arch\u00e4ologie","og_description":"Das Kuratorium ist das Aufsichtsorgan des ZBSA und beschlie\u00dft \u00fcber alle wissenschaftlichen und wirtschaftlichen Angelegenheiten mit erheblichen Auswirkungen. Mitglieder Staatssekret\u00e4r Guido WendtMinisterium f\u00fcr Allgemeine und Berufiche Bildung, Wissenschaft, Forschung und Kultur des Landes Schleswig-Holstein (Vorsitzender) Prof. Dr. Dr. h.c. mult. Hermann ParzingerPr\u00e4sident der Stiftung Preu\u00dfischer Kulturbesitz, Berlin(Vorsitzender des Wissenschaftlichen Beirats des ZBSA) Prof. Dr. Simone FuldaPr\u00e4sidentin der Christian-Albrechts-Universit\u00e4t zu Kiel(Vertreterin des Pr\u00e4sidiums der Christian-Albrechts-Universit\u00e4t zu Kiel) Prof. Dr. Ulrich M\u00fcllerDekan der Philosophischen Fakult\u00e4t der Christian-Albrechts-Universit\u00e4t zu Kiel (Vertreter des Dekanats) Mit beratender Stimme Karen Nissen(Gleichstellungsbeauftragte der Stiftung Schleswig-Holsteinische Landesmuseen Schloss Gottorf) Maike Tessars(Vorsitzende der Personalvertretung der Stiftung Schleswig-Holsteinische Landesmuseen Schloss Gottorf)","og_url":"https:\/\/zbsa.eu\/en\/kuratorium\/","og_site_name":"Zentrum f\u00fcr Baltische und Skandinavische Arch\u00e4ologie (ZBSA) \u2014 Zentrum f\u00fcr Baltische und Skandinavische Arch\u00e4ologie","article_modified_time":"2023-01-24T13:41:38+00:00","twitter_card":"summary_large_image","twitter_misc":{"Estimated reading time":"1 minute"},"schema":{"@context":"https:\/\/schema.org","@graph":[{"@type":"WebPage","@id":"https:\/\/zbsa.eu\/kuratorium\/","url":"https:\/\/zbsa.eu\/kuratorium\/","name":"Kuratorium des ZBSA - Zentrum f\u00fcr Baltische und Skandinavische Arch\u00e4ologie (ZBSA) \u2014 Zentrum f\u00fcr Baltische und Skandinavische Arch\u00e4ologie","isPartOf":{"@id":"https:\/\/zbsa.eu\/#website"},"datePublished":"2021-01-29T08:54:53+00:00","dateModified":"2023-01-24T13:41:38+00:00","breadcrumb":{"@id":"https:\/\/zbsa.eu\/kuratorium\/#breadcrumb"},"inLanguage":"en-GB","potentialAction":[{"@type":"ReadAction","target":["https:\/\/zbsa.eu\/kuratorium\/"]}]},{"@type":"BreadcrumbList","@id":"https:\/\/zbsa.eu\/kuratorium\/#breadcrumb","itemListElement":[{"@type":"ListItem","position":1,"name":"Startseite","item":"https:\/\/zbsa.eu\/"},{"@type":"ListItem","position":2,"name":"Kuratorium des ZBSA"}]},{"@type":"WebSite","@id":"https:\/\/zbsa.eu\/#website","url":"https:\/\/zbsa.eu\/","name":"Zentrum f\u00fcr Baltische und Skandinavische Arch\u00e4ologie (ZBSA) \u2014 Zentrum f\u00fcr Baltische und Skandinavische Arch\u00e4ologie","description":"","potentialAction":[{"@type":"SearchAction","target":{"@type":"EntryPoint","urlTemplate":"https:\/\/zbsa.eu\/?s={search_term_string}"},"query-input":{"@type":"PropertyValueSpecification","valueRequired":true,"valueName":"search_term_string"}}],"inLanguage":"en-GB"}]}},"acf":[],"_links":{"self":[{"href":"https:\/\/zbsa.eu\/en\/wp-json\/wp\/v2\/pages\/286","targetHints":{"allow":["GET"]}}],"collection":[{"href":"https:\/\/zbsa.eu\/en\/wp-json\/wp\/v2\/pages"}],"about":[{"href":"https:\/\/zbsa.eu\/en\/wp-json\/wp\/v2\/types\/page"}],"author":[{"embeddable":true,"href":"https:\/\/zbsa.eu\/en\/wp-json\/wp\/v2\/users\/1"}],"replies":[{"embeddable":true,"href":"https:\/\/zbsa.eu\/en\/wp-json\/wp\/v2\/comments?post=286"}],"version-history":[{"count":9,"href":"https:\/\/zbsa.eu\/en\/wp-json\/wp\/v2\/pages\/286\/revisions"}],"predecessor-version":[{"id":10248,"href":"https:\/\/zbsa.eu\/en\/wp-json\/wp\/v2\/pages\/286\/revisions\/10248"}],"wp:attachment":[{"href":"https:\/\/zbsa.eu\/en\/wp-json\/wp\/v2\/media?parent=286"}],"curies":[{"name":"wp","href":"https:\/\/api.w.org\/{rel}","templated":true}]}}