{"id":3373,"date":"2021-03-18T12:24:18","date_gmt":"2021-03-18T11:24:18","guid":{"rendered":"https:\/\/zbsa.eu\/?page_id=3373"},"modified":"2022-11-08T07:37:55","modified_gmt":"2022-11-08T06:37:55","slug":"untersuchungen-und-materialien-zur-steinzeit-in-schleswig-holstein-und-im-ostseeraum","status":"publish","type":"page","link":"https:\/\/zbsa.eu\/en\/untersuchungen-und-materialien-zur-steinzeit-in-schleswig-holstein-und-im-ostseeraum\/","title":{"rendered":"Untersuchungen und Materialien zur Steinzeit in Schleswig-Holstein und im Ostseeraum"},"content":{"rendered":"<ul class=\"wp-block-latest-posts__list wp-block-latest-posts\"><li><a class=\"wp-block-latest-posts__post-title\" href=\"https:\/\/zbsa.eu\/en\/coping-with-risk-through-seasonal-behavioral-strategies\/\">Markus Wild: Coping with risk through seasonal behavioral strategies (Band 12)<\/a><\/li>\n<li><a class=\"wp-block-latest-posts__post-title\" href=\"https:\/\/zbsa.eu\/en\/ahrensburgien-und-swiderien-im-mittleren-oderraum\/\">Katja Winkler: Ahrensburgien und Swiderien im mittleren Oderraum (Band 11)<\/a><\/li>\n<li><a class=\"wp-block-latest-posts__post-title\" href=\"https:\/\/zbsa.eu\/en\/working-at-the-sharp-end\/\">Working at the Sharp End: From Bone and Antler to Early Mesolithic Life in Northern Europe (Band 10)<\/a><\/li>\n<li><a class=\"wp-block-latest-posts__post-title\" href=\"https:\/\/zbsa.eu\/en\/persistant-practices\/\">Mari T\u00f5rv: Persistant Practices (Band 9)<\/a><\/li>\n<li><a class=\"wp-block-latest-posts__post-title\" href=\"https:\/\/zbsa.eu\/en\/welt-und-umwelt-fruehmesolithischer-jaeger-und-sammler\/\">Daniel Gro\u00df: Welt und Umwelt fr\u00fchmesolithischer J\u00e4ger und Sammler (Band 8)<\/a><\/li>\n<li><a class=\"wp-block-latest-posts__post-title\" href=\"https:\/\/zbsa.eu\/en\/neustadt-la-156\/\">Aikaterini Glykou: Neustadt LA 156. Ein submariner Fundplatz des sp\u00e4ten Mesolithikums und des fr\u00fchesten Neolithikums in Schleswig-Holstein (Band 7)<\/a><\/li>\n<li><a class=\"wp-block-latest-posts__post-title\" href=\"https:\/\/zbsa.eu\/en\/mit-einbaum-und-paddel-zum-fischfang\/\">Stefanie Kloo\u00df: Mit Einbaum und Paddel zum Fischfang (Band 6)<\/a><\/li>\n<li><a class=\"wp-block-latest-posts__post-title\" href=\"https:\/\/zbsa.eu\/en\/from-technology-to-tradition\/\">Mara-Julia Weber: From technology to tradition \u2013 Re-evaluating the Hamburgian-Magdalenian relationship (Band 5)<\/a><\/li>\n<\/ul>","protected":false},"excerpt":{"rendered":"","protected":false},"author":3,"featured_media":0,"parent":0,"menu_order":0,"comment_status":"closed","ping_status":"closed","template":"","meta":{"_eb_attr":"","inline_featured_image":false,"footnotes":""},"class_list":["post-3373","page","type-page","status-publish","hentry"],"yoast_head":"<!-- This site is optimized with the Yoast SEO plugin v24.4 - https:\/\/yoast.com\/wordpress\/plugins\/seo\/ -->\n<title>Untersuchungen und Materialien zur Steinzeit in Schleswig-Holstein und im Ostseeraum - Zentrum f\u00fcr Baltische und Skandinavische Arch\u00e4ologie (ZBSA) \u2014 Zentrum f\u00fcr Baltische und Skandinavische Arch\u00e4ologie<\/title>\n<meta name=\"robots\" content=\"index, follow, max-snippet:-1, max-image-preview:large, max-video-preview:-1\" \/>\n<link rel=\"canonical\" href=\"https:\/\/zbsa.eu\/en\/untersuchungen-und-materialien-zur-steinzeit-in-schleswig-holstein-und-im-ostseeraum\/\" \/>\n<meta property=\"og:locale\" content=\"en_GB\" \/>\n<meta property=\"og:type\" content=\"article\" \/>\n<meta property=\"og:title\" content=\"Untersuchungen und Materialien zur Steinzeit in Schleswig-Holstein und im Ostseeraum - Zentrum f\u00fcr Baltische und Skandinavische Arch\u00e4ologie (ZBSA) \u2014 Zentrum f\u00fcr Baltische und Skandinavische Arch\u00e4ologie\" \/>\n<meta property=\"og:url\" content=\"https:\/\/zbsa.eu\/en\/untersuchungen-und-materialien-zur-steinzeit-in-schleswig-holstein-und-im-ostseeraum\/\" \/>\n<meta property=\"og:site_name\" content=\"Zentrum f\u00fcr Baltische und Skandinavische Arch\u00e4ologie (ZBSA) \u2014 Zentrum f\u00fcr Baltische und Skandinavische Arch\u00e4ologie\" \/>\n<meta property=\"article:modified_time\" content=\"2022-11-08T06:37:55+00:00\" \/>\n<meta name=\"twitter:card\" content=\"summary_large_image\" \/>\n<script type=\"application\/ld+json\" class=\"yoast-schema-graph\">{\"@context\":\"https:\/\/schema.org\",\"@graph\":[{\"@type\":\"WebPage\",\"@id\":\"https:\/\/zbsa.eu\/untersuchungen-und-materialien-zur-steinzeit-in-schleswig-holstein-und-im-ostseeraum\/\",\"url\":\"https:\/\/zbsa.eu\/untersuchungen-und-materialien-zur-steinzeit-in-schleswig-holstein-und-im-ostseeraum\/\",\"name\":\"Untersuchungen und Materialien zur Steinzeit in Schleswig-Holstein und im Ostseeraum - Zentrum f\u00fcr Baltische und Skandinavische Arch\u00e4ologie (ZBSA) \u2014 Zentrum f\u00fcr Baltische und Skandinavische Arch\u00e4ologie\",\"isPartOf\":{\"@id\":\"https:\/\/zbsa.eu\/#website\"},\"datePublished\":\"2021-03-18T11:24:18+00:00\",\"dateModified\":\"2022-11-08T06:37:55+00:00\",\"breadcrumb\":{\"@id\":\"https:\/\/zbsa.eu\/untersuchungen-und-materialien-zur-steinzeit-in-schleswig-holstein-und-im-ostseeraum\/#breadcrumb\"},\"inLanguage\":\"en-GB\",\"potentialAction\":[{\"@type\":\"ReadAction\",\"target\":[\"https:\/\/zbsa.eu\/untersuchungen-und-materialien-zur-steinzeit-in-schleswig-holstein-und-im-ostseeraum\/\"]}]},{\"@type\":\"BreadcrumbList\",\"@id\":\"https:\/\/zbsa.eu\/untersuchungen-und-materialien-zur-steinzeit-in-schleswig-holstein-und-im-ostseeraum\/#breadcrumb\",\"itemListElement\":[{\"@type\":\"ListItem\",\"position\":1,\"name\":\"Startseite\",\"item\":\"https:\/\/zbsa.eu\/\"},{\"@type\":\"ListItem\",\"position\":2,\"name\":\"Untersuchungen und Materialien zur Steinzeit in Schleswig-Holstein und im Ostseeraum\"}]},{\"@type\":\"WebSite\",\"@id\":\"https:\/\/zbsa.eu\/#website\",\"url\":\"https:\/\/zbsa.eu\/\",\"name\":\"Zentrum f\u00fcr Baltische und Skandinavische Arch\u00e4ologie (ZBSA) \u2014 Zentrum f\u00fcr Baltische und Skandinavische Arch\u00e4ologie\",\"description\":\"\",\"potentialAction\":[{\"@type\":\"SearchAction\",\"target\":{\"@type\":\"EntryPoint\",\"urlTemplate\":\"https:\/\/zbsa.eu\/?s={search_term_string}\"},\"query-input\":{\"@type\":\"PropertyValueSpecification\",\"valueRequired\":true,\"valueName\":\"search_term_string\"}}],\"inLanguage\":\"en-GB\"}]}<\/script>\n<!-- \/ Yoast SEO plugin. -->","yoast_head_json":{"title":"Untersuchungen und Materialien zur Steinzeit in Schleswig-Holstein und im Ostseeraum - Zentrum f\u00fcr Baltische und Skandinavische Arch\u00e4ologie (ZBSA) \u2014 Zentrum f\u00fcr Baltische und Skandinavische Arch\u00e4ologie","robots":{"index":"index","follow":"follow","max-snippet":"max-snippet:-1","max-image-preview":"max-image-preview:large","max-video-preview":"max-video-preview:-1"},"canonical":"https:\/\/zbsa.eu\/en\/untersuchungen-und-materialien-zur-steinzeit-in-schleswig-holstein-und-im-ostseeraum\/","og_locale":"en_GB","og_type":"article","og_title":"Untersuchungen und Materialien zur Steinzeit in Schleswig-Holstein und im Ostseeraum - Zentrum f\u00fcr Baltische und Skandinavische Arch\u00e4ologie (ZBSA) \u2014 Zentrum f\u00fcr Baltische und Skandinavische Arch\u00e4ologie","og_url":"https:\/\/zbsa.eu\/en\/untersuchungen-und-materialien-zur-steinzeit-in-schleswig-holstein-und-im-ostseeraum\/","og_site_name":"Zentrum f\u00fcr Baltische und Skandinavische Arch\u00e4ologie (ZBSA) \u2014 Zentrum f\u00fcr Baltische und Skandinavische Arch\u00e4ologie","article_modified_time":"2022-11-08T06:37:55+00:00","twitter_card":"summary_large_image","schema":{"@context":"https:\/\/schema.org","@graph":[{"@type":"WebPage","@id":"https:\/\/zbsa.eu\/untersuchungen-und-materialien-zur-steinzeit-in-schleswig-holstein-und-im-ostseeraum\/","url":"https:\/\/zbsa.eu\/untersuchungen-und-materialien-zur-steinzeit-in-schleswig-holstein-und-im-ostseeraum\/","name":"Untersuchungen und Materialien zur Steinzeit in Schleswig-Holstein und im Ostseeraum - Zentrum f\u00fcr Baltische und Skandinavische Arch\u00e4ologie (ZBSA) \u2014 Zentrum f\u00fcr Baltische und Skandinavische Arch\u00e4ologie","isPartOf":{"@id":"https:\/\/zbsa.eu\/#website"},"datePublished":"2021-03-18T11:24:18+00:00","dateModified":"2022-11-08T06:37:55+00:00","breadcrumb":{"@id":"https:\/\/zbsa.eu\/untersuchungen-und-materialien-zur-steinzeit-in-schleswig-holstein-und-im-ostseeraum\/#breadcrumb"},"inLanguage":"en-GB","potentialAction":[{"@type":"ReadAction","target":["https:\/\/zbsa.eu\/untersuchungen-und-materialien-zur-steinzeit-in-schleswig-holstein-und-im-ostseeraum\/"]}]},{"@type":"BreadcrumbList","@id":"https:\/\/zbsa.eu\/untersuchungen-und-materialien-zur-steinzeit-in-schleswig-holstein-und-im-ostseeraum\/#breadcrumb","itemListElement":[{"@type":"ListItem","position":1,"name":"Startseite","item":"https:\/\/zbsa.eu\/"},{"@type":"ListItem","position":2,"name":"Untersuchungen und Materialien zur Steinzeit in Schleswig-Holstein und im Ostseeraum"}]},{"@type":"WebSite","@id":"https:\/\/zbsa.eu\/#website","url":"https:\/\/zbsa.eu\/","name":"Zentrum f\u00fcr Baltische und Skandinavische Arch\u00e4ologie (ZBSA) \u2014 Zentrum f\u00fcr Baltische und Skandinavische Arch\u00e4ologie","description":"","potentialAction":[{"@type":"SearchAction","target":{"@type":"EntryPoint","urlTemplate":"https:\/\/zbsa.eu\/?s={search_term_string}"},"query-input":{"@type":"PropertyValueSpecification","valueRequired":true,"valueName":"search_term_string"}}],"inLanguage":"en-GB"}]}},"acf":[],"_links":{"self":[{"href":"https:\/\/zbsa.eu\/en\/wp-json\/wp\/v2\/pages\/3373","targetHints":{"allow":["GET"]}}],"collection":[{"href":"https:\/\/zbsa.eu\/en\/wp-json\/wp\/v2\/pages"}],"about":[{"href":"https:\/\/zbsa.eu\/en\/wp-json\/wp\/v2\/types\/page"}],"author":[{"embeddable":true,"href":"https:\/\/zbsa.eu\/en\/wp-json\/wp\/v2\/users\/3"}],"replies":[{"embeddable":true,"href":"https:\/\/zbsa.eu\/en\/wp-json\/wp\/v2\/comments?post=3373"}],"version-history":[{"count":7,"href":"https:\/\/zbsa.eu\/en\/wp-json\/wp\/v2\/pages\/3373\/revisions"}],"predecessor-version":[{"id":9881,"href":"https:\/\/zbsa.eu\/en\/wp-json\/wp\/v2\/pages\/3373\/revisions\/9881"}],"wp:attachment":[{"href":"https:\/\/zbsa.eu\/en\/wp-json\/wp\/v2\/media?parent=3373"}],"curies":[{"name":"wp","href":"https:\/\/api.w.org\/{rel}","templated":true}]}}