{"id":3398,"date":"2021-03-18T12:49:54","date_gmt":"2021-03-18T11:49:54","guid":{"rendered":"https:\/\/zbsa.eu\/?page_id=3398"},"modified":"2022-11-09T12:03:50","modified_gmt":"2022-11-09T11:03:50","slug":"studien-zur-siedlungsgeschichte-und-archaeologie-der-ostseegebiete","status":"publish","type":"page","link":"https:\/\/zbsa.eu\/en\/studien-zur-siedlungsgeschichte-und-archaeologie-der-ostseegebiete\/","title":{"rendered":"Studien zur Siedlungsgeschichte und Arch\u00e4ologie der Ostseegebiete"},"content":{"rendered":"<ul class=\"wp-block-latest-posts__list wp-block-latest-posts\"><li><a class=\"wp-block-latest-posts__post-title\" href=\"https:\/\/zbsa.eu\/en\/s-foermige-schliesshaken-im-europaeischen-barbaricum-von-der-vorroemischen-eisenzeit-bis-zur-merowingerzeit\/\">Krzysztof Miko\u0142aj Patalan: S-f\u00f6rmige Schlie\u00dfhaken im europ\u00e4ischen Barbaricum von der vorr\u00f6mischen Eisenzeit bis zur Merowingerzeit (Band 20)<\/a><\/li>\n<li><a class=\"wp-block-latest-posts__post-title\" href=\"https:\/\/zbsa.eu\/en\/adornment-self-definition-religion\/\">Tuuli Kurisoo: Adornment, self-definition, religion (Band 19)<\/a><\/li>\n<li><a class=\"wp-block-latest-posts__post-title\" href=\"https:\/\/zbsa.eu\/en\/fibel-tracht-und-interkulturalitaet\/\">Agata Chili\u0144ska-Fr\u00fcboes: Fibel, Tracht und Interkulturalit\u00e4t (Band 18,1\u20132)<\/a><\/li>\n<li><a class=\"wp-block-latest-posts__post-title\" href=\"https:\/\/zbsa.eu\/en\/die-memelkultur-in-der-roemischen-kaiserzeit\/\">Rasa Banyte-Rowell: Die Memelkultur in der R\u00f6mischen Kaiserzeit (Band 17)<\/a><\/li>\n<li><a class=\"wp-block-latest-posts__post-title\" href=\"https:\/\/zbsa.eu\/en\/wikinger-und-balten-an-der-memel\/\">Norbert Go\u00dfler, Christoph Jahn: Wikinger und Balten an der Memel (Band 16)<\/a><\/li>\n<li><a class=\"wp-block-latest-posts__post-title\" href=\"https:\/\/zbsa.eu\/en\/dolchmesser\/\">Jaroslaw Prassolow: Die v\u00f6lkerwanderungszeitlichen Dolchmesser der saml\u00e4ndisch-natangischen Kultur auf dem Gebiet des ehemaligen Ostpreu\u00dfens (Band 15)<\/a><\/li>\n<li><a class=\"wp-block-latest-posts__post-title\" href=\"https:\/\/zbsa.eu\/en\/die-rus-im-9-10-jahrhundert-ein-archaeologisches-panorama\/\">Nikolaj Makarov: Die Rus\u2019 im 9.\u201310. Jahrhundert. Ein arch\u00e4ologisches Panorama (Band 14)<\/a><\/li>\n<li><a class=\"wp-block-latest-posts__post-title\" href=\"https:\/\/zbsa.eu\/en\/die-fruehe-phase-der-urbanisierung-an-der-suedlichen-ostseekueste-im-ersten-nachchristlichen-jahrtausend\/\">Sunhild Kleing\u00e4rtner: Die fr\u00fche Phase der Urbanisierung an der s\u00fcdlichen Ostseek\u00fcste im ersten nachchristlichen Jahrtausend (Band 13)<\/a><\/li>\n<li><a class=\"wp-block-latest-posts__post-title\" href=\"https:\/\/zbsa.eu\/en\/masuren-in-der-roemischen-kaiserzeit\/\">Wojciech Nowakowski: Masuren in der R\u00f6mischen Kaiserzeit (Band 12)<\/a><\/li>\n<li><a class=\"wp-block-latest-posts__post-title\" href=\"https:\/\/zbsa.eu\/en\/pilgramsdorf\/\">Nina Lau: Pilgramsdorf \/ Pielgrzymowo. Ein Fundplatz der r\u00f6mischen Kaiserzeit in Nordmasowien. Eine Studie zu Archivalien, Grabsitten und Fundbestand (Band 11)<\/a><\/li>\n<\/ul>","protected":false},"excerpt":{"rendered":"","protected":false},"author":3,"featured_media":0,"parent":0,"menu_order":0,"comment_status":"closed","ping_status":"closed","template":"","meta":{"_eb_attr":"","inline_featured_image":false,"footnotes":""},"class_list":["post-3398","page","type-page","status-publish","hentry"],"yoast_head":"<!-- This site is optimized with the Yoast SEO plugin v24.4 - https:\/\/yoast.com\/wordpress\/plugins\/seo\/ -->\n<title>Studien zur Siedlungsgeschichte und Arch\u00e4ologie der Ostseegebiete - Zentrum f\u00fcr Baltische und Skandinavische Arch\u00e4ologie (ZBSA) \u2014 Zentrum f\u00fcr Baltische und Skandinavische Arch\u00e4ologie<\/title>\n<meta name=\"robots\" content=\"index, follow, max-snippet:-1, max-image-preview:large, max-video-preview:-1\" \/>\n<link rel=\"canonical\" href=\"https:\/\/zbsa.eu\/en\/studien-zur-siedlungsgeschichte-und-archaeologie-der-ostseegebiete\/\" \/>\n<meta property=\"og:locale\" content=\"en_GB\" \/>\n<meta property=\"og:type\" content=\"article\" \/>\n<meta property=\"og:title\" content=\"Studien zur Siedlungsgeschichte und Arch\u00e4ologie der Ostseegebiete - Zentrum f\u00fcr Baltische und Skandinavische Arch\u00e4ologie (ZBSA) \u2014 Zentrum f\u00fcr Baltische und Skandinavische Arch\u00e4ologie\" \/>\n<meta property=\"og:url\" content=\"https:\/\/zbsa.eu\/en\/studien-zur-siedlungsgeschichte-und-archaeologie-der-ostseegebiete\/\" \/>\n<meta property=\"og:site_name\" content=\"Zentrum f\u00fcr Baltische und Skandinavische Arch\u00e4ologie (ZBSA) \u2014 Zentrum f\u00fcr Baltische und Skandinavische Arch\u00e4ologie\" \/>\n<meta property=\"article:modified_time\" content=\"2022-11-09T11:03:50+00:00\" \/>\n<meta name=\"twitter:card\" content=\"summary_large_image\" \/>\n<script type=\"application\/ld+json\" class=\"yoast-schema-graph\">{\"@context\":\"https:\/\/schema.org\",\"@graph\":[{\"@type\":\"WebPage\",\"@id\":\"https:\/\/zbsa.eu\/studien-zur-siedlungsgeschichte-und-archaeologie-der-ostseegebiete\/\",\"url\":\"https:\/\/zbsa.eu\/studien-zur-siedlungsgeschichte-und-archaeologie-der-ostseegebiete\/\",\"name\":\"Studien zur Siedlungsgeschichte und Arch\u00e4ologie der Ostseegebiete - Zentrum f\u00fcr Baltische und Skandinavische Arch\u00e4ologie (ZBSA) \u2014 Zentrum f\u00fcr Baltische und Skandinavische Arch\u00e4ologie\",\"isPartOf\":{\"@id\":\"https:\/\/zbsa.eu\/#website\"},\"datePublished\":\"2021-03-18T11:49:54+00:00\",\"dateModified\":\"2022-11-09T11:03:50+00:00\",\"breadcrumb\":{\"@id\":\"https:\/\/zbsa.eu\/studien-zur-siedlungsgeschichte-und-archaeologie-der-ostseegebiete\/#breadcrumb\"},\"inLanguage\":\"en-GB\",\"potentialAction\":[{\"@type\":\"ReadAction\",\"target\":[\"https:\/\/zbsa.eu\/studien-zur-siedlungsgeschichte-und-archaeologie-der-ostseegebiete\/\"]}]},{\"@type\":\"BreadcrumbList\",\"@id\":\"https:\/\/zbsa.eu\/studien-zur-siedlungsgeschichte-und-archaeologie-der-ostseegebiete\/#breadcrumb\",\"itemListElement\":[{\"@type\":\"ListItem\",\"position\":1,\"name\":\"Startseite\",\"item\":\"https:\/\/zbsa.eu\/\"},{\"@type\":\"ListItem\",\"position\":2,\"name\":\"Studien zur Siedlungsgeschichte und Arch\u00e4ologie der Ostseegebiete\"}]},{\"@type\":\"WebSite\",\"@id\":\"https:\/\/zbsa.eu\/#website\",\"url\":\"https:\/\/zbsa.eu\/\",\"name\":\"Zentrum f\u00fcr Baltische und Skandinavische Arch\u00e4ologie (ZBSA) \u2014 Zentrum f\u00fcr Baltische und Skandinavische Arch\u00e4ologie\",\"description\":\"\",\"potentialAction\":[{\"@type\":\"SearchAction\",\"target\":{\"@type\":\"EntryPoint\",\"urlTemplate\":\"https:\/\/zbsa.eu\/?s={search_term_string}\"},\"query-input\":{\"@type\":\"PropertyValueSpecification\",\"valueRequired\":true,\"valueName\":\"search_term_string\"}}],\"inLanguage\":\"en-GB\"}]}<\/script>\n<!-- \/ Yoast SEO plugin. -->","yoast_head_json":{"title":"Studien zur Siedlungsgeschichte und Arch\u00e4ologie der Ostseegebiete - Zentrum f\u00fcr Baltische und Skandinavische Arch\u00e4ologie (ZBSA) \u2014 Zentrum f\u00fcr Baltische und Skandinavische Arch\u00e4ologie","robots":{"index":"index","follow":"follow","max-snippet":"max-snippet:-1","max-image-preview":"max-image-preview:large","max-video-preview":"max-video-preview:-1"},"canonical":"https:\/\/zbsa.eu\/en\/studien-zur-siedlungsgeschichte-und-archaeologie-der-ostseegebiete\/","og_locale":"en_GB","og_type":"article","og_title":"Studien zur Siedlungsgeschichte und Arch\u00e4ologie der Ostseegebiete - Zentrum f\u00fcr Baltische und Skandinavische Arch\u00e4ologie (ZBSA) \u2014 Zentrum f\u00fcr Baltische und Skandinavische Arch\u00e4ologie","og_url":"https:\/\/zbsa.eu\/en\/studien-zur-siedlungsgeschichte-und-archaeologie-der-ostseegebiete\/","og_site_name":"Zentrum f\u00fcr Baltische und Skandinavische Arch\u00e4ologie (ZBSA) \u2014 Zentrum f\u00fcr Baltische und Skandinavische Arch\u00e4ologie","article_modified_time":"2022-11-09T11:03:50+00:00","twitter_card":"summary_large_image","schema":{"@context":"https:\/\/schema.org","@graph":[{"@type":"WebPage","@id":"https:\/\/zbsa.eu\/studien-zur-siedlungsgeschichte-und-archaeologie-der-ostseegebiete\/","url":"https:\/\/zbsa.eu\/studien-zur-siedlungsgeschichte-und-archaeologie-der-ostseegebiete\/","name":"Studien zur Siedlungsgeschichte und Arch\u00e4ologie der Ostseegebiete - Zentrum f\u00fcr Baltische und Skandinavische Arch\u00e4ologie (ZBSA) \u2014 Zentrum f\u00fcr Baltische und Skandinavische Arch\u00e4ologie","isPartOf":{"@id":"https:\/\/zbsa.eu\/#website"},"datePublished":"2021-03-18T11:49:54+00:00","dateModified":"2022-11-09T11:03:50+00:00","breadcrumb":{"@id":"https:\/\/zbsa.eu\/studien-zur-siedlungsgeschichte-und-archaeologie-der-ostseegebiete\/#breadcrumb"},"inLanguage":"en-GB","potentialAction":[{"@type":"ReadAction","target":["https:\/\/zbsa.eu\/studien-zur-siedlungsgeschichte-und-archaeologie-der-ostseegebiete\/"]}]},{"@type":"BreadcrumbList","@id":"https:\/\/zbsa.eu\/studien-zur-siedlungsgeschichte-und-archaeologie-der-ostseegebiete\/#breadcrumb","itemListElement":[{"@type":"ListItem","position":1,"name":"Startseite","item":"https:\/\/zbsa.eu\/"},{"@type":"ListItem","position":2,"name":"Studien zur Siedlungsgeschichte und Arch\u00e4ologie der Ostseegebiete"}]},{"@type":"WebSite","@id":"https:\/\/zbsa.eu\/#website","url":"https:\/\/zbsa.eu\/","name":"Zentrum f\u00fcr Baltische und Skandinavische Arch\u00e4ologie (ZBSA) \u2014 Zentrum f\u00fcr Baltische und Skandinavische Arch\u00e4ologie","description":"","potentialAction":[{"@type":"SearchAction","target":{"@type":"EntryPoint","urlTemplate":"https:\/\/zbsa.eu\/?s={search_term_string}"},"query-input":{"@type":"PropertyValueSpecification","valueRequired":true,"valueName":"search_term_string"}}],"inLanguage":"en-GB"}]}},"acf":[],"_links":{"self":[{"href":"https:\/\/zbsa.eu\/en\/wp-json\/wp\/v2\/pages\/3398","targetHints":{"allow":["GET"]}}],"collection":[{"href":"https:\/\/zbsa.eu\/en\/wp-json\/wp\/v2\/pages"}],"about":[{"href":"https:\/\/zbsa.eu\/en\/wp-json\/wp\/v2\/types\/page"}],"author":[{"embeddable":true,"href":"https:\/\/zbsa.eu\/en\/wp-json\/wp\/v2\/users\/3"}],"replies":[{"embeddable":true,"href":"https:\/\/zbsa.eu\/en\/wp-json\/wp\/v2\/comments?post=3398"}],"version-history":[{"count":2,"href":"https:\/\/zbsa.eu\/en\/wp-json\/wp\/v2\/pages\/3398\/revisions"}],"predecessor-version":[{"id":10037,"href":"https:\/\/zbsa.eu\/en\/wp-json\/wp\/v2\/pages\/3398\/revisions\/10037"}],"wp:attachment":[{"href":"https:\/\/zbsa.eu\/en\/wp-json\/wp\/v2\/media?parent=3398"}],"curies":[{"name":"wp","href":"https:\/\/api.w.org\/{rel}","templated":true}]}}