{"id":349,"date":"2021-02-14T15:22:28","date_gmt":"2021-02-14T14:22:28","guid":{"rendered":"https:\/\/zbsa.eu\/?page_id=349"},"modified":"2021-05-12T10:11:50","modified_gmt":"2021-05-12T08:11:50","slug":"themenbereiche","status":"publish","type":"page","link":"https:\/\/zbsa.eu\/en\/themenbereiche\/","title":{"rendered":"Research clusters"},"content":{"rendered":"<div data-elementor-type=\"wp-page\" data-elementor-id=\"349\" class=\"elementor elementor-349\" data-elementor-post-type=\"page\">\n\t\t\t\t\t\t<section data-particle_enable=\"false\" data-particle-mobile-disabled=\"false\" class=\"elementor-section elementor-top-section elementor-element elementor-element-01d13f4 elementor-section-boxed elementor-section-height-default elementor-section-height-default\" data-id=\"01d13f4\" data-element_type=\"section\">\n\t\t\t\t\t\t<div class=\"elementor-container elementor-column-gap-default\">\n\t\t\t\t\t<div class=\"elementor-column elementor-col-33 elementor-top-column elementor-element elementor-element-2d701fa\" data-id=\"2d701fa\" data-element_type=\"column\">\n\t\t\t<div class=\"elementor-widget-wrap elementor-element-populated\">\n\t\t\t\t\t\t<div class=\"elementor-element elementor-element-2d0c96e elementor-widget elementor-widget-text-editor\" data-id=\"2d0c96e\" data-element_type=\"widget\" data-widget_type=\"text-editor.default\">\n\t\t\t\t<div class=\"elementor-widget-container\">\n\t\t\t\t\t\t\t\t\t<h6><strong>Man and Artefact<\/strong><\/h6><p>The North Sea and Baltic region is frequently reflected in the archaeological finds as an autonomous and interconnected area of social interaction throughout the ages. From the Stone Age hunters and gatherers to the Germanic cultures of the early Middle Ages, the inhabitants created their own special artefacts, which can be classified in the functional, technological, typological, chronological and cultural categories that form the traditional foundation of all archaeological research.<\/p><p><a href=\"https:\/\/zbsa.eu\/en\/mensch-und-artefakt\/\">\u25ba Zum Themenbereich<\/a><\/p>\t\t\t\t\t\t\t\t<\/div>\n\t\t\t\t<\/div>\n\t\t\t\t\t<\/div>\n\t\t<\/div>\n\t\t\t\t<div class=\"elementor-column elementor-col-33 elementor-top-column elementor-element elementor-element-cf959bc\" data-id=\"cf959bc\" data-element_type=\"column\">\n\t\t\t<div class=\"elementor-widget-wrap elementor-element-populated\">\n\t\t\t\t\t\t<div class=\"elementor-element elementor-element-f8bebc1 elementor-widget elementor-widget-text-editor\" data-id=\"f8bebc1\" data-element_type=\"widget\" data-widget_type=\"text-editor.default\">\n\t\t\t\t<div class=\"elementor-widget-container\">\n\t\t\t\t\t\t\t\t\t<h6><strong>Man and Society<\/strong><\/h6><p>The Strategic Research Area \u201cMan and Society\u201d covers a large number of different, archaeologically identifiable, individuals and groups that fall within the range of the ZBSA\u2019s geographical and chronological remit. However, these have to be considered against the background of certain specific features of the area under study.<\/p><p><a href=\"https:\/\/zbsa.eu\/en\/mensch-und-gesellschaft\/\">\u25ba Zum Themenbereich<\/a><\/p>\t\t\t\t\t\t\t\t<\/div>\n\t\t\t\t<\/div>\n\t\t\t\t\t<\/div>\n\t\t<\/div>\n\t\t\t\t<div class=\"elementor-column elementor-col-33 elementor-top-column elementor-element elementor-element-90a8e6e\" data-id=\"90a8e6e\" data-element_type=\"column\">\n\t\t\t<div class=\"elementor-widget-wrap elementor-element-populated\">\n\t\t\t\t\t\t<div class=\"elementor-element elementor-element-52a95f0 elementor-widget elementor-widget-text-editor\" data-id=\"52a95f0\" data-element_type=\"widget\" data-widget_type=\"text-editor.default\">\n\t\t\t\t<div class=\"elementor-widget-container\">\n\t\t\t\t\t\t\t\t\t<h6><strong>Man and Environment<\/strong><\/h6><p>This Strategic Research Area encompass projects that use different methodologies to study the interaction between man and the natural environment of the Baltic Sea region from a historical perspective.<\/p><p><a href=\"https:\/\/zbsa.eu\/en\/mensch-und-umwelt\/\">\u25ba Zum Themenbereich<\/a><\/p>\t\t\t\t\t\t\t\t<\/div>\n\t\t\t\t<\/div>\n\t\t\t\t\t<\/div>\n\t\t<\/div>\n\t\t\t\t\t<\/div>\n\t\t<\/section>\n\t\t\t\t<\/div>","protected":false},"excerpt":{"rendered":"<p>Mensch und Artefakt Der Nord- und Ostseeraum l\u00e4sst sich durch die Zeiten vielfach als eigenst\u00e4ndiger und zusammengeh\u00f6riger Kommunikationsraum erkennen. Von den steinzeitlichen J\u00e4gern und Sammlern bis zu den germanischen Kulturen des Fr\u00fchmittelalters schufen die Menschen spezielle Artefakte, deren funktionale, technologische, typologische, zeitliche und kulturelle Eigenschaften in diesem Themenbereich untersucht werden. \u25ba Zum Themenbereich Mensch und Gesellschaft Dieser Themenbereich behandelt im geographischen und zeitlichen Rahmen des ZBSA eine Vielzahl unterschiedlicher arch\u00e4ologisch fassbarer Individuen und Gruppen. Diese sind vor dem Hintergrund der besonderen historischen Charakteristika des Arbeitsgebietes zu betrachten. \u25ba Zum Themenbereich Mensch und Umwelt Dieser Themenbereich umfasst Projekte, die sich auf methodologisch unterschiedliche Weise in historischer Perspektive dem Studium von Interaktionen zwischen Menschen und der nat\u00fcrlichen Umwelt des Ostseeraumes widmen. \u25ba Zum Themenbereich<\/p>","protected":false},"author":1,"featured_media":0,"parent":0,"menu_order":0,"comment_status":"closed","ping_status":"closed","template":"","meta":{"_eb_attr":"","inline_featured_image":false,"footnotes":""},"class_list":["post-349","page","type-page","status-publish","hentry"],"yoast_head":"<!-- This site is optimized with the Yoast SEO plugin v24.4 - https:\/\/yoast.com\/wordpress\/plugins\/seo\/ -->\n<title>Themenbereiche - Zentrum f\u00fcr Baltische und Skandinavische Arch\u00e4ologie (ZBSA) \u2014 Zentrum f\u00fcr Baltische und Skandinavische Arch\u00e4ologie<\/title>\n<meta name=\"robots\" content=\"index, follow, max-snippet:-1, max-image-preview:large, max-video-preview:-1\" \/>\n<link rel=\"canonical\" href=\"https:\/\/zbsa.eu\/en\/themenbereiche\/\" \/>\n<meta property=\"og:locale\" content=\"en_GB\" \/>\n<meta property=\"og:type\" content=\"article\" \/>\n<meta property=\"og:title\" content=\"Themenbereiche - Zentrum f\u00fcr Baltische und Skandinavische Arch\u00e4ologie (ZBSA) \u2014 Zentrum f\u00fcr Baltische und Skandinavische Arch\u00e4ologie\" \/>\n<meta property=\"og:description\" content=\"Mensch und Artefakt Der Nord- und Ostseeraum l\u00e4sst sich durch die Zeiten vielfach als eigenst\u00e4ndiger und zusammengeh\u00f6riger Kommunikationsraum erkennen. Von den steinzeitlichen J\u00e4gern und Sammlern bis zu den germanischen Kulturen des Fr\u00fchmittelalters schufen die Menschen spezielle Artefakte, deren funktionale, technologische, typologische, zeitliche und kulturelle Eigenschaften in diesem Themenbereich untersucht werden. \u25ba Zum Themenbereich Mensch und Gesellschaft Dieser Themenbereich behandelt im geographischen und zeitlichen Rahmen des ZBSA eine Vielzahl unterschiedlicher arch\u00e4ologisch fassbarer Individuen und Gruppen. Diese sind vor dem Hintergrund der besonderen historischen Charakteristika des Arbeitsgebietes zu betrachten. \u25ba Zum Themenbereich Mensch und Umwelt Dieser Themenbereich umfasst Projekte, die sich auf methodologisch unterschiedliche Weise in historischer Perspektive dem Studium von Interaktionen zwischen Menschen und der nat\u00fcrlichen Umwelt des Ostseeraumes widmen. \u25ba Zum Themenbereich\" \/>\n<meta property=\"og:url\" content=\"https:\/\/zbsa.eu\/en\/themenbereiche\/\" \/>\n<meta property=\"og:site_name\" content=\"Zentrum f\u00fcr Baltische und Skandinavische Arch\u00e4ologie (ZBSA) \u2014 Zentrum f\u00fcr Baltische und Skandinavische Arch\u00e4ologie\" \/>\n<meta property=\"article:modified_time\" content=\"2021-05-12T08:11:50+00:00\" \/>\n<meta name=\"twitter:card\" content=\"summary_large_image\" \/>\n<meta name=\"twitter:label1\" content=\"Estimated reading time\" \/>\n\t<meta name=\"twitter:data1\" content=\"1 minute\" \/>\n<script type=\"application\/ld+json\" class=\"yoast-schema-graph\">{\"@context\":\"https:\/\/schema.org\",\"@graph\":[{\"@type\":\"WebPage\",\"@id\":\"https:\/\/zbsa.eu\/themenbereiche\/\",\"url\":\"https:\/\/zbsa.eu\/themenbereiche\/\",\"name\":\"Themenbereiche - Zentrum f\u00fcr Baltische und Skandinavische Arch\u00e4ologie (ZBSA) \u2014 Zentrum f\u00fcr Baltische und Skandinavische Arch\u00e4ologie\",\"isPartOf\":{\"@id\":\"https:\/\/zbsa.eu\/#website\"},\"datePublished\":\"2021-02-14T14:22:28+00:00\",\"dateModified\":\"2021-05-12T08:11:50+00:00\",\"breadcrumb\":{\"@id\":\"https:\/\/zbsa.eu\/themenbereiche\/#breadcrumb\"},\"inLanguage\":\"en-GB\",\"potentialAction\":[{\"@type\":\"ReadAction\",\"target\":[\"https:\/\/zbsa.eu\/themenbereiche\/\"]}]},{\"@type\":\"BreadcrumbList\",\"@id\":\"https:\/\/zbsa.eu\/themenbereiche\/#breadcrumb\",\"itemListElement\":[{\"@type\":\"ListItem\",\"position\":1,\"name\":\"Startseite\",\"item\":\"https:\/\/zbsa.eu\/\"},{\"@type\":\"ListItem\",\"position\":2,\"name\":\"Themenbereiche\"}]},{\"@type\":\"WebSite\",\"@id\":\"https:\/\/zbsa.eu\/#website\",\"url\":\"https:\/\/zbsa.eu\/\",\"name\":\"Zentrum f\u00fcr Baltische und Skandinavische Arch\u00e4ologie (ZBSA) \u2014 Zentrum f\u00fcr Baltische und Skandinavische Arch\u00e4ologie\",\"description\":\"\",\"potentialAction\":[{\"@type\":\"SearchAction\",\"target\":{\"@type\":\"EntryPoint\",\"urlTemplate\":\"https:\/\/zbsa.eu\/?s={search_term_string}\"},\"query-input\":{\"@type\":\"PropertyValueSpecification\",\"valueRequired\":true,\"valueName\":\"search_term_string\"}}],\"inLanguage\":\"en-GB\"}]}<\/script>\n<!-- \/ Yoast SEO plugin. -->","yoast_head_json":{"title":"Themenbereiche - Zentrum f\u00fcr Baltische und Skandinavische Arch\u00e4ologie (ZBSA) \u2014 Zentrum f\u00fcr Baltische und Skandinavische Arch\u00e4ologie","robots":{"index":"index","follow":"follow","max-snippet":"max-snippet:-1","max-image-preview":"max-image-preview:large","max-video-preview":"max-video-preview:-1"},"canonical":"https:\/\/zbsa.eu\/en\/themenbereiche\/","og_locale":"en_GB","og_type":"article","og_title":"Themenbereiche - Zentrum f\u00fcr Baltische und Skandinavische Arch\u00e4ologie (ZBSA) \u2014 Zentrum f\u00fcr Baltische und Skandinavische Arch\u00e4ologie","og_description":"Mensch und Artefakt Der Nord- und Ostseeraum l\u00e4sst sich durch die Zeiten vielfach als eigenst\u00e4ndiger und zusammengeh\u00f6riger Kommunikationsraum erkennen. Von den steinzeitlichen J\u00e4gern und Sammlern bis zu den germanischen Kulturen des Fr\u00fchmittelalters schufen die Menschen spezielle Artefakte, deren funktionale, technologische, typologische, zeitliche und kulturelle Eigenschaften in diesem Themenbereich untersucht werden. \u25ba Zum Themenbereich Mensch und Gesellschaft Dieser Themenbereich behandelt im geographischen und zeitlichen Rahmen des ZBSA eine Vielzahl unterschiedlicher arch\u00e4ologisch fassbarer Individuen und Gruppen. Diese sind vor dem Hintergrund der besonderen historischen Charakteristika des Arbeitsgebietes zu betrachten. \u25ba Zum Themenbereich Mensch und Umwelt Dieser Themenbereich umfasst Projekte, die sich auf methodologisch unterschiedliche Weise in historischer Perspektive dem Studium von Interaktionen zwischen Menschen und der nat\u00fcrlichen Umwelt des Ostseeraumes widmen. \u25ba Zum Themenbereich","og_url":"https:\/\/zbsa.eu\/en\/themenbereiche\/","og_site_name":"Zentrum f\u00fcr Baltische und Skandinavische Arch\u00e4ologie (ZBSA) \u2014 Zentrum f\u00fcr Baltische und Skandinavische Arch\u00e4ologie","article_modified_time":"2021-05-12T08:11:50+00:00","twitter_card":"summary_large_image","twitter_misc":{"Estimated reading time":"1 minute"},"schema":{"@context":"https:\/\/schema.org","@graph":[{"@type":"WebPage","@id":"https:\/\/zbsa.eu\/themenbereiche\/","url":"https:\/\/zbsa.eu\/themenbereiche\/","name":"Themenbereiche - Zentrum f\u00fcr Baltische und Skandinavische Arch\u00e4ologie (ZBSA) \u2014 Zentrum f\u00fcr Baltische und Skandinavische Arch\u00e4ologie","isPartOf":{"@id":"https:\/\/zbsa.eu\/#website"},"datePublished":"2021-02-14T14:22:28+00:00","dateModified":"2021-05-12T08:11:50+00:00","breadcrumb":{"@id":"https:\/\/zbsa.eu\/themenbereiche\/#breadcrumb"},"inLanguage":"en-GB","potentialAction":[{"@type":"ReadAction","target":["https:\/\/zbsa.eu\/themenbereiche\/"]}]},{"@type":"BreadcrumbList","@id":"https:\/\/zbsa.eu\/themenbereiche\/#breadcrumb","itemListElement":[{"@type":"ListItem","position":1,"name":"Startseite","item":"https:\/\/zbsa.eu\/"},{"@type":"ListItem","position":2,"name":"Themenbereiche"}]},{"@type":"WebSite","@id":"https:\/\/zbsa.eu\/#website","url":"https:\/\/zbsa.eu\/","name":"Zentrum f\u00fcr Baltische und Skandinavische Arch\u00e4ologie (ZBSA) \u2014 Zentrum f\u00fcr Baltische und Skandinavische Arch\u00e4ologie","description":"","potentialAction":[{"@type":"SearchAction","target":{"@type":"EntryPoint","urlTemplate":"https:\/\/zbsa.eu\/?s={search_term_string}"},"query-input":{"@type":"PropertyValueSpecification","valueRequired":true,"valueName":"search_term_string"}}],"inLanguage":"en-GB"}]}},"acf":[],"_links":{"self":[{"href":"https:\/\/zbsa.eu\/en\/wp-json\/wp\/v2\/pages\/349","targetHints":{"allow":["GET"]}}],"collection":[{"href":"https:\/\/zbsa.eu\/en\/wp-json\/wp\/v2\/pages"}],"about":[{"href":"https:\/\/zbsa.eu\/en\/wp-json\/wp\/v2\/types\/page"}],"author":[{"embeddable":true,"href":"https:\/\/zbsa.eu\/en\/wp-json\/wp\/v2\/users\/1"}],"replies":[{"embeddable":true,"href":"https:\/\/zbsa.eu\/en\/wp-json\/wp\/v2\/comments?post=349"}],"version-history":[{"count":151,"href":"https:\/\/zbsa.eu\/en\/wp-json\/wp\/v2\/pages\/349\/revisions"}],"predecessor-version":[{"id":6503,"href":"https:\/\/zbsa.eu\/en\/wp-json\/wp\/v2\/pages\/349\/revisions\/6503"}],"wp:attachment":[{"href":"https:\/\/zbsa.eu\/en\/wp-json\/wp\/v2\/media?parent=349"}],"curies":[{"name":"wp","href":"https:\/\/api.w.org\/{rel}","templated":true}]}}