{"id":3567,"date":"2021-03-22T11:27:24","date_gmt":"2021-03-22T10:27:24","guid":{"rendered":"https:\/\/zbsa.eu\/?page_id=3567"},"modified":"2021-05-27T14:22:57","modified_gmt":"2021-05-27T12:22:57","slug":"anfahrt","status":"publish","type":"page","link":"https:\/\/zbsa.eu\/en\/anfahrt\/","title":{"rendered":"How to find us"},"content":{"rendered":"<p class=\"has-text-align-left translation-block\"><strong>By car:<\/strong><br>Motorway A7, exit Schleswig-Jagel or Schleswig-Schuby.<\/p>\n\n\n\n<p class=\"has-text-align-left\"><strong>By train<\/strong><br>Railway station Schleswig, IC-connection between Hamburg and Copenhagen, 15 min walk to Gottorf Castle<\/p>\n\n\n\n<div class=\"wp-block-image\"><figure class=\"alignleft size-large is-resized\"><a href=\"https:\/\/zbsa.eu\/wp-content\/uploads\/2021\/03\/anfahrtsskizze.jpg\" target=\"_blank\" rel=\"noopener\"><img fetchpriority=\"high\" decoding=\"async\" src=\"https:\/\/zbsa.eu\/wp-content\/uploads\/2021\/03\/anfahrtsskizze-838x1024.jpg\" alt=\"Anfahrtsskizze\" class=\"wp-image-3570\" width=\"419\" height=\"512\" srcset=\"https:\/\/zbsa.eu\/wp-content\/uploads\/2021\/03\/anfahrtsskizze-838x1024.jpg 838w, https:\/\/zbsa.eu\/wp-content\/uploads\/2021\/03\/anfahrtsskizze-246x300.jpg 246w, https:\/\/zbsa.eu\/wp-content\/uploads\/2021\/03\/anfahrtsskizze-768x938.jpg 768w, https:\/\/zbsa.eu\/wp-content\/uploads\/2021\/03\/anfahrtsskizze-10x12.jpg 10w, https:\/\/zbsa.eu\/wp-content\/uploads\/2021\/03\/anfahrtsskizze.jpg 866w\" sizes=\"(max-width: 419px) 100vw, 419px\" \/><\/a><\/figure><\/div>","protected":false},"excerpt":{"rendered":"<p>Mit dem Auto:Auf der A7 von S\u00fcden kommend Ausfahrt 6 Schleswig\/Jagel,A7 von Norden kommend Ausfahrt 5 Schleswig\/Schuby, Ausschilderung Schloss Gottorf\/Landesmuseen. Kostenlose Parkpl\u00e4tze direkt vor dem Schloss. Mit der Bahn:Bahnhof Schleswig mit IC-Anbindung zwischen Hamburg und Kopenhagen, Schloss Gottorf ist zu Fu\u00df in 15 Minuten erreichbar.<\/p>","protected":false},"author":3,"featured_media":0,"parent":0,"menu_order":0,"comment_status":"closed","ping_status":"closed","template":"","meta":{"_eb_attr":"","inline_featured_image":false,"footnotes":""},"class_list":["post-3567","page","type-page","status-publish","hentry"],"yoast_head":"<!-- This site is optimized with the Yoast SEO plugin v24.4 - https:\/\/yoast.com\/wordpress\/plugins\/seo\/ -->\n<title>Anfahrt - Zentrum f\u00fcr Baltische und Skandinavische Arch\u00e4ologie (ZBSA) \u2014 Zentrum f\u00fcr Baltische und Skandinavische Arch\u00e4ologie<\/title>\n<meta name=\"robots\" content=\"index, follow, max-snippet:-1, max-image-preview:large, max-video-preview:-1\" \/>\n<link rel=\"canonical\" href=\"https:\/\/zbsa.eu\/en\/anfahrt\/\" \/>\n<meta property=\"og:locale\" content=\"en_GB\" \/>\n<meta property=\"og:type\" content=\"article\" \/>\n<meta property=\"og:title\" content=\"Anfahrt - Zentrum f\u00fcr Baltische und Skandinavische Arch\u00e4ologie (ZBSA) \u2014 Zentrum f\u00fcr Baltische und Skandinavische Arch\u00e4ologie\" \/>\n<meta property=\"og:description\" content=\"Mit dem Auto:Auf der A7 von S\u00fcden kommend Ausfahrt 6 Schleswig\/Jagel,A7 von Norden kommend Ausfahrt 5 Schleswig\/Schuby, Ausschilderung Schloss Gottorf\/Landesmuseen. Kostenlose Parkpl\u00e4tze direkt vor dem Schloss. Mit der Bahn:Bahnhof Schleswig mit IC-Anbindung zwischen Hamburg und Kopenhagen, Schloss Gottorf ist zu Fu\u00df in 15 Minuten erreichbar.\" \/>\n<meta property=\"og:url\" content=\"https:\/\/zbsa.eu\/en\/anfahrt\/\" \/>\n<meta property=\"og:site_name\" content=\"Zentrum f\u00fcr Baltische und Skandinavische Arch\u00e4ologie (ZBSA) \u2014 Zentrum f\u00fcr Baltische und Skandinavische Arch\u00e4ologie\" \/>\n<meta property=\"article:modified_time\" content=\"2021-05-27T12:22:57+00:00\" \/>\n<meta property=\"og:image\" content=\"https:\/\/zbsa.eu\/wp-content\/uploads\/2021\/03\/anfahrtsskizze-838x1024.jpg\" \/>\n<meta name=\"twitter:card\" content=\"summary_large_image\" \/>\n<script type=\"application\/ld+json\" class=\"yoast-schema-graph\">{\"@context\":\"https:\/\/schema.org\",\"@graph\":[{\"@type\":\"WebPage\",\"@id\":\"https:\/\/zbsa.eu\/anfahrt\/\",\"url\":\"https:\/\/zbsa.eu\/anfahrt\/\",\"name\":\"Anfahrt - Zentrum f\u00fcr Baltische und Skandinavische Arch\u00e4ologie (ZBSA) \u2014 Zentrum f\u00fcr Baltische und Skandinavische Arch\u00e4ologie\",\"isPartOf\":{\"@id\":\"https:\/\/zbsa.eu\/#website\"},\"primaryImageOfPage\":{\"@id\":\"https:\/\/zbsa.eu\/anfahrt\/#primaryimage\"},\"image\":{\"@id\":\"https:\/\/zbsa.eu\/anfahrt\/#primaryimage\"},\"thumbnailUrl\":\"https:\/\/zbsa.eu\/wp-content\/uploads\/2021\/03\/anfahrtsskizze-838x1024.jpg\",\"datePublished\":\"2021-03-22T10:27:24+00:00\",\"dateModified\":\"2021-05-27T12:22:57+00:00\",\"breadcrumb\":{\"@id\":\"https:\/\/zbsa.eu\/anfahrt\/#breadcrumb\"},\"inLanguage\":\"en-GB\",\"potentialAction\":[{\"@type\":\"ReadAction\",\"target\":[\"https:\/\/zbsa.eu\/anfahrt\/\"]}]},{\"@type\":\"ImageObject\",\"inLanguage\":\"en-GB\",\"@id\":\"https:\/\/zbsa.eu\/anfahrt\/#primaryimage\",\"url\":\"https:\/\/zbsa.eu\/wp-content\/uploads\/2021\/03\/anfahrtsskizze-838x1024.jpg\",\"contentUrl\":\"https:\/\/zbsa.eu\/wp-content\/uploads\/2021\/03\/anfahrtsskizze-838x1024.jpg\"},{\"@type\":\"BreadcrumbList\",\"@id\":\"https:\/\/zbsa.eu\/anfahrt\/#breadcrumb\",\"itemListElement\":[{\"@type\":\"ListItem\",\"position\":1,\"name\":\"Startseite\",\"item\":\"https:\/\/zbsa.eu\/\"},{\"@type\":\"ListItem\",\"position\":2,\"name\":\"Anfahrt\"}]},{\"@type\":\"WebSite\",\"@id\":\"https:\/\/zbsa.eu\/#website\",\"url\":\"https:\/\/zbsa.eu\/\",\"name\":\"Zentrum f\u00fcr Baltische und Skandinavische Arch\u00e4ologie (ZBSA) \u2014 Zentrum f\u00fcr Baltische und Skandinavische Arch\u00e4ologie\",\"description\":\"\",\"potentialAction\":[{\"@type\":\"SearchAction\",\"target\":{\"@type\":\"EntryPoint\",\"urlTemplate\":\"https:\/\/zbsa.eu\/?s={search_term_string}\"},\"query-input\":{\"@type\":\"PropertyValueSpecification\",\"valueRequired\":true,\"valueName\":\"search_term_string\"}}],\"inLanguage\":\"en-GB\"}]}<\/script>\n<!-- \/ Yoast SEO plugin. -->","yoast_head_json":{"title":"Anfahrt - Zentrum f\u00fcr Baltische und Skandinavische Arch\u00e4ologie (ZBSA) \u2014 Zentrum f\u00fcr Baltische und Skandinavische Arch\u00e4ologie","robots":{"index":"index","follow":"follow","max-snippet":"max-snippet:-1","max-image-preview":"max-image-preview:large","max-video-preview":"max-video-preview:-1"},"canonical":"https:\/\/zbsa.eu\/en\/anfahrt\/","og_locale":"en_GB","og_type":"article","og_title":"Anfahrt - Zentrum f\u00fcr Baltische und Skandinavische Arch\u00e4ologie (ZBSA) \u2014 Zentrum f\u00fcr Baltische und Skandinavische Arch\u00e4ologie","og_description":"Mit dem Auto:Auf der A7 von S\u00fcden kommend Ausfahrt 6 Schleswig\/Jagel,A7 von Norden kommend Ausfahrt 5 Schleswig\/Schuby, Ausschilderung Schloss Gottorf\/Landesmuseen. Kostenlose Parkpl\u00e4tze direkt vor dem Schloss. Mit der Bahn:Bahnhof Schleswig mit IC-Anbindung zwischen Hamburg und Kopenhagen, Schloss Gottorf ist zu Fu\u00df in 15 Minuten erreichbar.","og_url":"https:\/\/zbsa.eu\/en\/anfahrt\/","og_site_name":"Zentrum f\u00fcr Baltische und Skandinavische Arch\u00e4ologie (ZBSA) \u2014 Zentrum f\u00fcr Baltische und Skandinavische Arch\u00e4ologie","article_modified_time":"2021-05-27T12:22:57+00:00","og_image":[{"url":"https:\/\/zbsa.eu\/wp-content\/uploads\/2021\/03\/anfahrtsskizze-838x1024.jpg","type":"","width":"","height":""}],"twitter_card":"summary_large_image","schema":{"@context":"https:\/\/schema.org","@graph":[{"@type":"WebPage","@id":"https:\/\/zbsa.eu\/anfahrt\/","url":"https:\/\/zbsa.eu\/anfahrt\/","name":"Anfahrt - Zentrum f\u00fcr Baltische und Skandinavische Arch\u00e4ologie (ZBSA) \u2014 Zentrum f\u00fcr Baltische und Skandinavische Arch\u00e4ologie","isPartOf":{"@id":"https:\/\/zbsa.eu\/#website"},"primaryImageOfPage":{"@id":"https:\/\/zbsa.eu\/anfahrt\/#primaryimage"},"image":{"@id":"https:\/\/zbsa.eu\/anfahrt\/#primaryimage"},"thumbnailUrl":"https:\/\/zbsa.eu\/wp-content\/uploads\/2021\/03\/anfahrtsskizze-838x1024.jpg","datePublished":"2021-03-22T10:27:24+00:00","dateModified":"2021-05-27T12:22:57+00:00","breadcrumb":{"@id":"https:\/\/zbsa.eu\/anfahrt\/#breadcrumb"},"inLanguage":"en-GB","potentialAction":[{"@type":"ReadAction","target":["https:\/\/zbsa.eu\/anfahrt\/"]}]},{"@type":"ImageObject","inLanguage":"en-GB","@id":"https:\/\/zbsa.eu\/anfahrt\/#primaryimage","url":"https:\/\/zbsa.eu\/wp-content\/uploads\/2021\/03\/anfahrtsskizze-838x1024.jpg","contentUrl":"https:\/\/zbsa.eu\/wp-content\/uploads\/2021\/03\/anfahrtsskizze-838x1024.jpg"},{"@type":"BreadcrumbList","@id":"https:\/\/zbsa.eu\/anfahrt\/#breadcrumb","itemListElement":[{"@type":"ListItem","position":1,"name":"Startseite","item":"https:\/\/zbsa.eu\/"},{"@type":"ListItem","position":2,"name":"Anfahrt"}]},{"@type":"WebSite","@id":"https:\/\/zbsa.eu\/#website","url":"https:\/\/zbsa.eu\/","name":"Zentrum f\u00fcr Baltische und Skandinavische Arch\u00e4ologie (ZBSA) \u2014 Zentrum f\u00fcr Baltische und Skandinavische Arch\u00e4ologie","description":"","potentialAction":[{"@type":"SearchAction","target":{"@type":"EntryPoint","urlTemplate":"https:\/\/zbsa.eu\/?s={search_term_string}"},"query-input":{"@type":"PropertyValueSpecification","valueRequired":true,"valueName":"search_term_string"}}],"inLanguage":"en-GB"}]}},"acf":[],"_links":{"self":[{"href":"https:\/\/zbsa.eu\/en\/wp-json\/wp\/v2\/pages\/3567","targetHints":{"allow":["GET"]}}],"collection":[{"href":"https:\/\/zbsa.eu\/en\/wp-json\/wp\/v2\/pages"}],"about":[{"href":"https:\/\/zbsa.eu\/en\/wp-json\/wp\/v2\/types\/page"}],"author":[{"embeddable":true,"href":"https:\/\/zbsa.eu\/en\/wp-json\/wp\/v2\/users\/3"}],"replies":[{"embeddable":true,"href":"https:\/\/zbsa.eu\/en\/wp-json\/wp\/v2\/comments?post=3567"}],"version-history":[{"count":6,"href":"https:\/\/zbsa.eu\/en\/wp-json\/wp\/v2\/pages\/3567\/revisions"}],"predecessor-version":[{"id":5464,"href":"https:\/\/zbsa.eu\/en\/wp-json\/wp\/v2\/pages\/3567\/revisions\/5464"}],"wp:attachment":[{"href":"https:\/\/zbsa.eu\/en\/wp-json\/wp\/v2\/media?parent=3567"}],"curies":[{"name":"wp","href":"https:\/\/api.w.org\/{rel}","templated":true}]}}