{"id":3582,"date":"2021-03-22T13:09:15","date_gmt":"2021-03-22T12:09:15","guid":{"rendered":"https:\/\/zbsa.eu\/?page_id=3582"},"modified":"2021-03-22T13:13:39","modified_gmt":"2021-03-22T12:13:39","slug":"schriften-mfa-zbsa","status":"publish","type":"page","link":"https:\/\/zbsa.eu\/en\/schriften-mfa-zbsa\/","title":{"rendered":"Schriften des Museums f\u00fcr Arch\u00e4ologie und des Zentrums f\u00fcr Baltische und Skandinavische Arch\u00e4ologie"},"content":{"rendered":"<ul class=\"wp-block-latest-posts__list wp-block-latest-posts\"><li><a class=\"wp-block-latest-posts__post-title\" href=\"https:\/\/zbsa.eu\/en\/fortifications-in-their-natural-and-cultural-landscape-from-controlling-space-to-the-creation-of-power\/\">Fortifications in their Natural and Cultural Landscape. From Controlling Space to the Creation of Power<\/a><\/li>\n<li><a class=\"wp-block-latest-posts__post-title\" href=\"https:\/\/zbsa.eu\/en\/die-kraft-der-tiere\/\">Alexandra Pesch: Die Kraft der Tiere<\/a><\/li>\n<li><a class=\"wp-block-latest-posts__post-title\" href=\"https:\/\/zbsa.eu\/en\/ein-anderes-frauenleben\/\">Dagmar Unverhau: Ein anderes Frauenleben<\/a><\/li>\n<li><a class=\"wp-block-latest-posts__post-title\" href=\"https:\/\/zbsa.eu\/en\/die-fruehmittelalterlichen-ringwaelle-im-westlichen-und-mittleren-holstein\/\">Thorsten Lemm: Die fr\u00fchmittelalterlichen Ringw\u00e4lle im westlichen und mittleren Holstein<\/a><\/li>\n<li><a class=\"wp-block-latest-posts__post-title\" href=\"https:\/\/zbsa.eu\/en\/daumen-und-kellaren\/\">Volker Hilberg\/Felix Jacobson: Daumen und Kellaren &#8211; Tumiany i Kielary<\/a><\/li>\n<\/ul>","protected":false},"excerpt":{"rendered":"","protected":false},"author":3,"featured_media":0,"parent":0,"menu_order":0,"comment_status":"closed","ping_status":"closed","template":"","meta":{"_eb_attr":"","inline_featured_image":false,"footnotes":""},"class_list":["post-3582","page","type-page","status-publish","hentry"],"yoast_head":"<!-- This site is optimized with the Yoast SEO plugin v24.4 - https:\/\/yoast.com\/wordpress\/plugins\/seo\/ -->\n<title>Schriften des Museums f\u00fcr Arch\u00e4ologie und des Zentrums f\u00fcr Baltische und Skandinavische Arch\u00e4ologie - Zentrum f\u00fcr Baltische und Skandinavische Arch\u00e4ologie (ZBSA) \u2014 Zentrum f\u00fcr Baltische und Skandinavische Arch\u00e4ologie<\/title>\n<meta name=\"robots\" content=\"index, follow, max-snippet:-1, max-image-preview:large, max-video-preview:-1\" \/>\n<link rel=\"canonical\" href=\"https:\/\/zbsa.eu\/en\/schriften-mfa-zbsa\/\" \/>\n<meta property=\"og:locale\" content=\"en_GB\" \/>\n<meta property=\"og:type\" content=\"article\" \/>\n<meta property=\"og:title\" content=\"Schriften des Museums f\u00fcr Arch\u00e4ologie und des Zentrums f\u00fcr Baltische und Skandinavische Arch\u00e4ologie - Zentrum f\u00fcr Baltische und Skandinavische Arch\u00e4ologie (ZBSA) \u2014 Zentrum f\u00fcr Baltische und Skandinavische Arch\u00e4ologie\" \/>\n<meta property=\"og:url\" content=\"https:\/\/zbsa.eu\/en\/schriften-mfa-zbsa\/\" \/>\n<meta property=\"og:site_name\" content=\"Zentrum f\u00fcr Baltische und Skandinavische Arch\u00e4ologie (ZBSA) \u2014 Zentrum f\u00fcr Baltische und Skandinavische Arch\u00e4ologie\" \/>\n<meta property=\"article:modified_time\" content=\"2021-03-22T12:13:39+00:00\" \/>\n<meta name=\"twitter:card\" content=\"summary_large_image\" \/>\n<script type=\"application\/ld+json\" class=\"yoast-schema-graph\">{\"@context\":\"https:\/\/schema.org\",\"@graph\":[{\"@type\":\"WebPage\",\"@id\":\"https:\/\/zbsa.eu\/schriften-mfa-zbsa\/\",\"url\":\"https:\/\/zbsa.eu\/schriften-mfa-zbsa\/\",\"name\":\"Schriften des Museums f\u00fcr Arch\u00e4ologie und des Zentrums f\u00fcr Baltische und Skandinavische Arch\u00e4ologie - Zentrum f\u00fcr Baltische und Skandinavische Arch\u00e4ologie (ZBSA) \u2014 Zentrum f\u00fcr Baltische und Skandinavische Arch\u00e4ologie\",\"isPartOf\":{\"@id\":\"https:\/\/zbsa.eu\/#website\"},\"datePublished\":\"2021-03-22T12:09:15+00:00\",\"dateModified\":\"2021-03-22T12:13:39+00:00\",\"breadcrumb\":{\"@id\":\"https:\/\/zbsa.eu\/schriften-mfa-zbsa\/#breadcrumb\"},\"inLanguage\":\"en-GB\",\"potentialAction\":[{\"@type\":\"ReadAction\",\"target\":[\"https:\/\/zbsa.eu\/schriften-mfa-zbsa\/\"]}]},{\"@type\":\"BreadcrumbList\",\"@id\":\"https:\/\/zbsa.eu\/schriften-mfa-zbsa\/#breadcrumb\",\"itemListElement\":[{\"@type\":\"ListItem\",\"position\":1,\"name\":\"Startseite\",\"item\":\"https:\/\/zbsa.eu\/\"},{\"@type\":\"ListItem\",\"position\":2,\"name\":\"Schriften des Museums f\u00fcr Arch\u00e4ologie und des Zentrums f\u00fcr Baltische und Skandinavische Arch\u00e4ologie\"}]},{\"@type\":\"WebSite\",\"@id\":\"https:\/\/zbsa.eu\/#website\",\"url\":\"https:\/\/zbsa.eu\/\",\"name\":\"Zentrum f\u00fcr Baltische und Skandinavische Arch\u00e4ologie (ZBSA) \u2014 Zentrum f\u00fcr Baltische und Skandinavische Arch\u00e4ologie\",\"description\":\"\",\"potentialAction\":[{\"@type\":\"SearchAction\",\"target\":{\"@type\":\"EntryPoint\",\"urlTemplate\":\"https:\/\/zbsa.eu\/?s={search_term_string}\"},\"query-input\":{\"@type\":\"PropertyValueSpecification\",\"valueRequired\":true,\"valueName\":\"search_term_string\"}}],\"inLanguage\":\"en-GB\"}]}<\/script>\n<!-- \/ Yoast SEO plugin. -->","yoast_head_json":{"title":"Schriften des Museums f\u00fcr Arch\u00e4ologie und des Zentrums f\u00fcr Baltische und Skandinavische Arch\u00e4ologie - Zentrum f\u00fcr Baltische und Skandinavische Arch\u00e4ologie (ZBSA) \u2014 Zentrum f\u00fcr Baltische und Skandinavische Arch\u00e4ologie","robots":{"index":"index","follow":"follow","max-snippet":"max-snippet:-1","max-image-preview":"max-image-preview:large","max-video-preview":"max-video-preview:-1"},"canonical":"https:\/\/zbsa.eu\/en\/schriften-mfa-zbsa\/","og_locale":"en_GB","og_type":"article","og_title":"Schriften des Museums f\u00fcr Arch\u00e4ologie und des Zentrums f\u00fcr Baltische und Skandinavische Arch\u00e4ologie - Zentrum f\u00fcr Baltische und Skandinavische Arch\u00e4ologie (ZBSA) \u2014 Zentrum f\u00fcr Baltische und Skandinavische Arch\u00e4ologie","og_url":"https:\/\/zbsa.eu\/en\/schriften-mfa-zbsa\/","og_site_name":"Zentrum f\u00fcr Baltische und Skandinavische Arch\u00e4ologie (ZBSA) \u2014 Zentrum f\u00fcr Baltische und Skandinavische Arch\u00e4ologie","article_modified_time":"2021-03-22T12:13:39+00:00","twitter_card":"summary_large_image","schema":{"@context":"https:\/\/schema.org","@graph":[{"@type":"WebPage","@id":"https:\/\/zbsa.eu\/schriften-mfa-zbsa\/","url":"https:\/\/zbsa.eu\/schriften-mfa-zbsa\/","name":"Schriften des Museums f\u00fcr Arch\u00e4ologie und des Zentrums f\u00fcr Baltische und Skandinavische Arch\u00e4ologie - Zentrum f\u00fcr Baltische und Skandinavische Arch\u00e4ologie (ZBSA) \u2014 Zentrum f\u00fcr Baltische und Skandinavische Arch\u00e4ologie","isPartOf":{"@id":"https:\/\/zbsa.eu\/#website"},"datePublished":"2021-03-22T12:09:15+00:00","dateModified":"2021-03-22T12:13:39+00:00","breadcrumb":{"@id":"https:\/\/zbsa.eu\/schriften-mfa-zbsa\/#breadcrumb"},"inLanguage":"en-GB","potentialAction":[{"@type":"ReadAction","target":["https:\/\/zbsa.eu\/schriften-mfa-zbsa\/"]}]},{"@type":"BreadcrumbList","@id":"https:\/\/zbsa.eu\/schriften-mfa-zbsa\/#breadcrumb","itemListElement":[{"@type":"ListItem","position":1,"name":"Startseite","item":"https:\/\/zbsa.eu\/"},{"@type":"ListItem","position":2,"name":"Schriften des Museums f\u00fcr Arch\u00e4ologie und des Zentrums f\u00fcr Baltische und Skandinavische Arch\u00e4ologie"}]},{"@type":"WebSite","@id":"https:\/\/zbsa.eu\/#website","url":"https:\/\/zbsa.eu\/","name":"Zentrum f\u00fcr Baltische und Skandinavische Arch\u00e4ologie (ZBSA) \u2014 Zentrum f\u00fcr Baltische und Skandinavische Arch\u00e4ologie","description":"","potentialAction":[{"@type":"SearchAction","target":{"@type":"EntryPoint","urlTemplate":"https:\/\/zbsa.eu\/?s={search_term_string}"},"query-input":{"@type":"PropertyValueSpecification","valueRequired":true,"valueName":"search_term_string"}}],"inLanguage":"en-GB"}]}},"acf":[],"_links":{"self":[{"href":"https:\/\/zbsa.eu\/en\/wp-json\/wp\/v2\/pages\/3582","targetHints":{"allow":["GET"]}}],"collection":[{"href":"https:\/\/zbsa.eu\/en\/wp-json\/wp\/v2\/pages"}],"about":[{"href":"https:\/\/zbsa.eu\/en\/wp-json\/wp\/v2\/types\/page"}],"author":[{"embeddable":true,"href":"https:\/\/zbsa.eu\/en\/wp-json\/wp\/v2\/users\/3"}],"replies":[{"embeddable":true,"href":"https:\/\/zbsa.eu\/en\/wp-json\/wp\/v2\/comments?post=3582"}],"version-history":[{"count":2,"href":"https:\/\/zbsa.eu\/en\/wp-json\/wp\/v2\/pages\/3582\/revisions"}],"predecessor-version":[{"id":3585,"href":"https:\/\/zbsa.eu\/en\/wp-json\/wp\/v2\/pages\/3582\/revisions\/3585"}],"wp:attachment":[{"href":"https:\/\/zbsa.eu\/en\/wp-json\/wp\/v2\/media?parent=3582"}],"curies":[{"name":"wp","href":"https:\/\/api.w.org\/{rel}","templated":true}]}}