{"id":3586,"date":"2021-03-22T13:14:57","date_gmt":"2021-03-22T12:14:57","guid":{"rendered":"https:\/\/zbsa.eu\/?page_id=3586"},"modified":"2021-03-24T07:31:25","modified_gmt":"2021-03-24T06:31:25","slug":"schriften-mfa-zbsa-ergaenzungsreihe","status":"publish","type":"page","link":"https:\/\/zbsa.eu\/en\/schriften-mfa-zbsa-ergaenzungsreihe\/","title":{"rendered":"Schriften des Museums f\u00fcr Arch\u00e4ologie und des Zentrums f\u00fcr Baltische und Skandinavische Arch\u00e4ologie\/Erg\u00e4nzungsreihe"},"content":{"rendered":"<ul class=\"wp-block-latest-posts__list wp-block-latest-posts\"><li><a class=\"wp-block-latest-posts__post-title\" href=\"https:\/\/zbsa.eu\/en\/publikation-gold-foil-figures-in-focus\/\">Gold foil figures in focus. A Scandinavian find group and related objects and images from ancient and medieval Europe. (Band 14)<\/a><\/li>\n<li><a class=\"wp-block-latest-posts__post-title\" href=\"https:\/\/zbsa.eu\/en\/the-final-palaeolithic-of-northern-eurasia\/\">The Final Palaeolithic of Northern Eurasia. Proceedings of the Amersfoort, Schleswig and Burgos UISPP Commission Meetings (Band 13)<\/a><\/li>\n<li><a class=\"wp-block-latest-posts__post-title\" href=\"https:\/\/zbsa.eu\/en\/viele-funde-grosse-bedeutung\/\">Viele Funde &#8211; gro\u00dfe Bedeutung? (Band 12)<\/a><\/li>\n<li><a class=\"wp-block-latest-posts__post-title\" href=\"https:\/\/zbsa.eu\/en\/archaeologie-und-runen\/\">Arch\u00e4ologie und Runen (Band 11)<\/a><\/li>\n<li><a class=\"wp-block-latest-posts__post-title\" href=\"https:\/\/zbsa.eu\/en\/quo-vadis\/\">Quo vadis? Status and Future Perspectives of Long-Term Excavations in Europe (Band 10)<\/a><\/li>\n<li><a class=\"wp-block-latest-posts__post-title\" href=\"https:\/\/zbsa.eu\/en\/kammergraeber-im-barbaricum\/\">Kammergr\u00e4ber im Barbaricum (Band 9)<\/a><\/li>\n<li><a class=\"wp-block-latest-posts__post-title\" href=\"https:\/\/zbsa.eu\/en\/goldsmith-mysteries\/\">Goldsmith Mysteries (Band 8)<\/a><\/li>\n<li><a class=\"wp-block-latest-posts__post-title\" href=\"https:\/\/zbsa.eu\/en\/hunting-in-northern-europe\/\">Hunting in northern Europe until 1500 AD (Band 7)<\/a><\/li>\n<li><a class=\"wp-block-latest-posts__post-title\" href=\"https:\/\/zbsa.eu\/en\/the-gudme-phenomenon\/\">The Gudme\/Gudhem Phenomenon (Band 6)<\/a><\/li>\n<\/ul>","protected":false},"excerpt":{"rendered":"","protected":false},"author":3,"featured_media":0,"parent":0,"menu_order":0,"comment_status":"closed","ping_status":"closed","template":"","meta":{"_eb_attr":"","inline_featured_image":false,"footnotes":""},"class_list":["post-3586","page","type-page","status-publish","hentry"],"yoast_head":"<!-- This site is optimized with the Yoast SEO plugin v24.4 - https:\/\/yoast.com\/wordpress\/plugins\/seo\/ -->\n<title>Schriften des Museums f\u00fcr Arch\u00e4ologie und des Zentrums f\u00fcr Baltische und Skandinavische Arch\u00e4ologie\/Erg\u00e4nzungsreihe - Zentrum f\u00fcr Baltische und Skandinavische Arch\u00e4ologie (ZBSA) \u2014 Zentrum f\u00fcr Baltische und Skandinavische Arch\u00e4ologie<\/title>\n<meta name=\"robots\" content=\"index, follow, max-snippet:-1, max-image-preview:large, max-video-preview:-1\" \/>\n<link rel=\"canonical\" href=\"https:\/\/zbsa.eu\/en\/schriften-mfa-zbsa-ergaenzungsreihe\/\" \/>\n<meta property=\"og:locale\" content=\"en_GB\" \/>\n<meta property=\"og:type\" content=\"article\" \/>\n<meta property=\"og:title\" content=\"Schriften des Museums f\u00fcr Arch\u00e4ologie und des Zentrums f\u00fcr Baltische und Skandinavische Arch\u00e4ologie\/Erg\u00e4nzungsreihe - Zentrum f\u00fcr Baltische und Skandinavische Arch\u00e4ologie (ZBSA) \u2014 Zentrum f\u00fcr Baltische und Skandinavische Arch\u00e4ologie\" \/>\n<meta property=\"og:url\" content=\"https:\/\/zbsa.eu\/en\/schriften-mfa-zbsa-ergaenzungsreihe\/\" \/>\n<meta property=\"og:site_name\" content=\"Zentrum f\u00fcr Baltische und Skandinavische Arch\u00e4ologie (ZBSA) \u2014 Zentrum f\u00fcr Baltische und Skandinavische Arch\u00e4ologie\" \/>\n<meta property=\"article:modified_time\" content=\"2021-03-24T06:31:25+00:00\" \/>\n<meta name=\"twitter:card\" content=\"summary_large_image\" \/>\n<script type=\"application\/ld+json\" class=\"yoast-schema-graph\">{\"@context\":\"https:\/\/schema.org\",\"@graph\":[{\"@type\":\"WebPage\",\"@id\":\"https:\/\/zbsa.eu\/schriften-mfa-zbsa-ergaenzungsreihe\/\",\"url\":\"https:\/\/zbsa.eu\/schriften-mfa-zbsa-ergaenzungsreihe\/\",\"name\":\"Schriften des Museums f\u00fcr Arch\u00e4ologie und des Zentrums f\u00fcr Baltische und Skandinavische Arch\u00e4ologie\/Erg\u00e4nzungsreihe - Zentrum f\u00fcr Baltische und Skandinavische Arch\u00e4ologie (ZBSA) \u2014 Zentrum f\u00fcr Baltische und Skandinavische Arch\u00e4ologie\",\"isPartOf\":{\"@id\":\"https:\/\/zbsa.eu\/#website\"},\"datePublished\":\"2021-03-22T12:14:57+00:00\",\"dateModified\":\"2021-03-24T06:31:25+00:00\",\"breadcrumb\":{\"@id\":\"https:\/\/zbsa.eu\/schriften-mfa-zbsa-ergaenzungsreihe\/#breadcrumb\"},\"inLanguage\":\"en-GB\",\"potentialAction\":[{\"@type\":\"ReadAction\",\"target\":[\"https:\/\/zbsa.eu\/schriften-mfa-zbsa-ergaenzungsreihe\/\"]}]},{\"@type\":\"BreadcrumbList\",\"@id\":\"https:\/\/zbsa.eu\/schriften-mfa-zbsa-ergaenzungsreihe\/#breadcrumb\",\"itemListElement\":[{\"@type\":\"ListItem\",\"position\":1,\"name\":\"Startseite\",\"item\":\"https:\/\/zbsa.eu\/\"},{\"@type\":\"ListItem\",\"position\":2,\"name\":\"Schriften des Museums f\u00fcr Arch\u00e4ologie und des Zentrums f\u00fcr Baltische und Skandinavische Arch\u00e4ologie\/Erg\u00e4nzungsreihe\"}]},{\"@type\":\"WebSite\",\"@id\":\"https:\/\/zbsa.eu\/#website\",\"url\":\"https:\/\/zbsa.eu\/\",\"name\":\"Zentrum f\u00fcr Baltische und Skandinavische Arch\u00e4ologie (ZBSA) \u2014 Zentrum f\u00fcr Baltische und Skandinavische Arch\u00e4ologie\",\"description\":\"\",\"potentialAction\":[{\"@type\":\"SearchAction\",\"target\":{\"@type\":\"EntryPoint\",\"urlTemplate\":\"https:\/\/zbsa.eu\/?s={search_term_string}\"},\"query-input\":{\"@type\":\"PropertyValueSpecification\",\"valueRequired\":true,\"valueName\":\"search_term_string\"}}],\"inLanguage\":\"en-GB\"}]}<\/script>\n<!-- \/ Yoast SEO plugin. -->","yoast_head_json":{"title":"Schriften des Museums f\u00fcr Arch\u00e4ologie und des Zentrums f\u00fcr Baltische und Skandinavische Arch\u00e4ologie\/Erg\u00e4nzungsreihe - Zentrum f\u00fcr Baltische und Skandinavische Arch\u00e4ologie (ZBSA) \u2014 Zentrum f\u00fcr Baltische und Skandinavische Arch\u00e4ologie","robots":{"index":"index","follow":"follow","max-snippet":"max-snippet:-1","max-image-preview":"max-image-preview:large","max-video-preview":"max-video-preview:-1"},"canonical":"https:\/\/zbsa.eu\/en\/schriften-mfa-zbsa-ergaenzungsreihe\/","og_locale":"en_GB","og_type":"article","og_title":"Schriften des Museums f\u00fcr Arch\u00e4ologie und des Zentrums f\u00fcr Baltische und Skandinavische Arch\u00e4ologie\/Erg\u00e4nzungsreihe - Zentrum f\u00fcr Baltische und Skandinavische Arch\u00e4ologie (ZBSA) \u2014 Zentrum f\u00fcr Baltische und Skandinavische Arch\u00e4ologie","og_url":"https:\/\/zbsa.eu\/en\/schriften-mfa-zbsa-ergaenzungsreihe\/","og_site_name":"Zentrum f\u00fcr Baltische und Skandinavische Arch\u00e4ologie (ZBSA) \u2014 Zentrum f\u00fcr Baltische und Skandinavische Arch\u00e4ologie","article_modified_time":"2021-03-24T06:31:25+00:00","twitter_card":"summary_large_image","schema":{"@context":"https:\/\/schema.org","@graph":[{"@type":"WebPage","@id":"https:\/\/zbsa.eu\/schriften-mfa-zbsa-ergaenzungsreihe\/","url":"https:\/\/zbsa.eu\/schriften-mfa-zbsa-ergaenzungsreihe\/","name":"Schriften des Museums f\u00fcr Arch\u00e4ologie und des Zentrums f\u00fcr Baltische und Skandinavische Arch\u00e4ologie\/Erg\u00e4nzungsreihe - Zentrum f\u00fcr Baltische und Skandinavische Arch\u00e4ologie (ZBSA) \u2014 Zentrum f\u00fcr Baltische und Skandinavische Arch\u00e4ologie","isPartOf":{"@id":"https:\/\/zbsa.eu\/#website"},"datePublished":"2021-03-22T12:14:57+00:00","dateModified":"2021-03-24T06:31:25+00:00","breadcrumb":{"@id":"https:\/\/zbsa.eu\/schriften-mfa-zbsa-ergaenzungsreihe\/#breadcrumb"},"inLanguage":"en-GB","potentialAction":[{"@type":"ReadAction","target":["https:\/\/zbsa.eu\/schriften-mfa-zbsa-ergaenzungsreihe\/"]}]},{"@type":"BreadcrumbList","@id":"https:\/\/zbsa.eu\/schriften-mfa-zbsa-ergaenzungsreihe\/#breadcrumb","itemListElement":[{"@type":"ListItem","position":1,"name":"Startseite","item":"https:\/\/zbsa.eu\/"},{"@type":"ListItem","position":2,"name":"Schriften des Museums f\u00fcr Arch\u00e4ologie und des Zentrums f\u00fcr Baltische und Skandinavische Arch\u00e4ologie\/Erg\u00e4nzungsreihe"}]},{"@type":"WebSite","@id":"https:\/\/zbsa.eu\/#website","url":"https:\/\/zbsa.eu\/","name":"Zentrum f\u00fcr Baltische und Skandinavische Arch\u00e4ologie (ZBSA) \u2014 Zentrum f\u00fcr Baltische und Skandinavische Arch\u00e4ologie","description":"","potentialAction":[{"@type":"SearchAction","target":{"@type":"EntryPoint","urlTemplate":"https:\/\/zbsa.eu\/?s={search_term_string}"},"query-input":{"@type":"PropertyValueSpecification","valueRequired":true,"valueName":"search_term_string"}}],"inLanguage":"en-GB"}]}},"acf":[],"_links":{"self":[{"href":"https:\/\/zbsa.eu\/en\/wp-json\/wp\/v2\/pages\/3586","targetHints":{"allow":["GET"]}}],"collection":[{"href":"https:\/\/zbsa.eu\/en\/wp-json\/wp\/v2\/pages"}],"about":[{"href":"https:\/\/zbsa.eu\/en\/wp-json\/wp\/v2\/types\/page"}],"author":[{"embeddable":true,"href":"https:\/\/zbsa.eu\/en\/wp-json\/wp\/v2\/users\/3"}],"replies":[{"embeddable":true,"href":"https:\/\/zbsa.eu\/en\/wp-json\/wp\/v2\/comments?post=3586"}],"version-history":[{"count":3,"href":"https:\/\/zbsa.eu\/en\/wp-json\/wp\/v2\/pages\/3586\/revisions"}],"predecessor-version":[{"id":4040,"href":"https:\/\/zbsa.eu\/en\/wp-json\/wp\/v2\/pages\/3586\/revisions\/4040"}],"wp:attachment":[{"href":"https:\/\/zbsa.eu\/en\/wp-json\/wp\/v2\/media?parent=3586"}],"curies":[{"name":"wp","href":"https:\/\/api.w.org\/{rel}","templated":true}]}}