{"id":4132,"date":"2021-03-24T12:59:57","date_gmt":"2021-03-24T11:59:57","guid":{"rendered":"https:\/\/zbsa.eu\/?page_id=4132"},"modified":"2022-02-21T16:05:52","modified_gmt":"2022-02-21T15:05:52","slug":"nachrichten","status":"publish","type":"page","link":"https:\/\/zbsa.eu\/en\/nachrichten\/","title":{"rendered":"News"},"content":{"rendered":"<div data-elementor-type=\"wp-page\" data-elementor-id=\"4132\" class=\"elementor elementor-4132\" data-elementor-post-type=\"page\">\n\t\t\t\t\t\t<section data-particle_enable=\"false\" data-particle-mobile-disabled=\"false\" class=\"elementor-section elementor-top-section elementor-element elementor-element-9886e3b elementor-section-boxed elementor-section-height-default elementor-section-height-default\" data-id=\"9886e3b\" data-element_type=\"section\">\n\t\t\t\t\t\t<div class=\"elementor-container elementor-column-gap-default\">\n\t\t\t\t\t<div class=\"elementor-column elementor-col-100 elementor-top-column elementor-element elementor-element-ed0b5b9\" data-id=\"ed0b5b9\" data-element_type=\"column\">\n\t\t\t<div class=\"elementor-widget-wrap elementor-element-populated\">\n\t\t\t\t\t\t<div class=\"elementor-element elementor-element-3a4ffb5 elementor-grid-3 elementor-grid-tablet-2 elementor-grid-mobile-1 elementor-posts--thumbnail-top elementor-card-shadow-yes elementor-posts__hover-gradient elementor-widget elementor-widget-posts\" data-id=\"3a4ffb5\" data-element_type=\"widget\" data-settings=\"{&quot;pagination_type&quot;:&quot;numbers&quot;,&quot;cards_columns&quot;:&quot;3&quot;,&quot;cards_columns_tablet&quot;:&quot;2&quot;,&quot;cards_columns_mobile&quot;:&quot;1&quot;,&quot;cards_row_gap&quot;:{&quot;unit&quot;:&quot;px&quot;,&quot;size&quot;:35,&quot;sizes&quot;:[]},&quot;cards_row_gap_tablet&quot;:{&quot;unit&quot;:&quot;px&quot;,&quot;size&quot;:&quot;&quot;,&quot;sizes&quot;:[]},&quot;cards_row_gap_mobile&quot;:{&quot;unit&quot;:&quot;px&quot;,&quot;size&quot;:&quot;&quot;,&quot;sizes&quot;:[]}}\" data-widget_type=\"posts.cards\">\n\t\t\t\t<div class=\"elementor-widget-container\">\n\t\t\t\t\t\t\t<div class=\"elementor-posts-container elementor-posts elementor-posts--skin-cards elementor-grid\">\n\t\t\t\t<article class=\"elementor-post elementor-grid-item post-10962 post type-post status-publish format-standard has-post-thumbnail hentry category-86 category-news\">\n\t\t\t<div class=\"elementor-post__card\">\n\t\t\t\t<a class=\"elementor-post__thumbnail__link\" href=\"https:\/\/zbsa.eu\/en\/publication-of-the-zbsa-book-on-bear-and-human\/\" tabindex=\"-1\" ><div class=\"elementor-post__thumbnail\"><img decoding=\"async\" width=\"300\" height=\"141\" src=\"https:\/\/zbsa.eu\/wp-content\/uploads\/2023\/11\/bear_cover-300x141.jpg\" class=\"attachment-medium size-medium wp-image-10970\" alt=\"Cover Bear And Human\" srcset=\"https:\/\/zbsa.eu\/wp-content\/uploads\/2023\/11\/bear_cover-300x141.jpg 300w, https:\/\/zbsa.eu\/wp-content\/uploads\/2023\/11\/bear_cover-768x360.jpg 768w, https:\/\/zbsa.eu\/wp-content\/uploads\/2023\/11\/bear_cover-18x8.jpg 18w, https:\/\/zbsa.eu\/wp-content\/uploads\/2023\/11\/bear_cover.jpg 960w\" sizes=\"(max-width: 300px) 100vw, 300px\" \/><\/div><\/a>\n\t\t\t\t<div class=\"elementor-post__badge\">2023<\/div>\n\t\t\t\t<div class=\"elementor-post__text\">\n\t\t\t\t<h3 class=\"elementor-post__title\">\n\t\t\t<a href=\"https:\/\/zbsa.eu\/en\/publication-of-the-zbsa-book-on-bear-and-human\/\" >\n\t\t\t\tPublication of the ZBSA-book on \u2018bear and human\u2018\t\t\t<\/a>\n\t\t<\/h3>\n\t\t\n\t\t<a class=\"elementor-post__read-more\" href=\"https:\/\/zbsa.eu\/en\/publication-of-the-zbsa-book-on-bear-and-human\/\" aria-label=\"Read more about Publication of the ZBSA-book on \u2018bear and human\u2018\" tabindex=\"-1\" >\n\t\t\tRead more  \u00bb\t\t<\/a>\n\n\t\t\t\t<\/div>\n\t\t\t\t<div class=\"elementor-post__meta-data\">\n\t\t\t\t\t<span class=\"elementor-post-date\">\n\t\t\t6. November 2023\t\t<\/span>\n\t\t\t\t<\/div>\n\t\t\t\t\t<\/div>\n\t\t<\/article>\n\t\t\t\t<article class=\"elementor-post elementor-grid-item post-10894 post type-post status-publish format-standard has-post-thumbnail hentry category-86 category-news\">\n\t\t\t<div class=\"elementor-post__card\">\n\t\t\t\t<a class=\"elementor-post__thumbnail__link\" href=\"https:\/\/zbsa.eu\/en\/ministerin-karin-prien-informiert-sich-uber-forschungen-im-nordfriesischen-wattenmeer\/\" tabindex=\"-1\" ><div class=\"elementor-post__thumbnail\"><img fetchpriority=\"high\" decoding=\"async\" width=\"300\" height=\"200\" src=\"https:\/\/zbsa.eu\/wp-content\/uploads\/2023\/08\/2023-08-09_Sommerreise-Karin-Prien_Jan-Steffen-Cluster-ROOTS-12-300x200.jpg\" class=\"attachment-medium size-medium wp-image-10895\" alt=\"Ministerin Prien im Gespr\u00e4ch.\" srcset=\"https:\/\/zbsa.eu\/wp-content\/uploads\/2023\/08\/2023-08-09_Sommerreise-Karin-Prien_Jan-Steffen-Cluster-ROOTS-12-300x200.jpg 300w, https:\/\/zbsa.eu\/wp-content\/uploads\/2023\/08\/2023-08-09_Sommerreise-Karin-Prien_Jan-Steffen-Cluster-ROOTS-12-1024x683.jpg 1024w, https:\/\/zbsa.eu\/wp-content\/uploads\/2023\/08\/2023-08-09_Sommerreise-Karin-Prien_Jan-Steffen-Cluster-ROOTS-12-768x512.jpg 768w, https:\/\/zbsa.eu\/wp-content\/uploads\/2023\/08\/2023-08-09_Sommerreise-Karin-Prien_Jan-Steffen-Cluster-ROOTS-12-1536x1024.jpg 1536w, https:\/\/zbsa.eu\/wp-content\/uploads\/2023\/08\/2023-08-09_Sommerreise-Karin-Prien_Jan-Steffen-Cluster-ROOTS-12-2048x1365.jpg 2048w, https:\/\/zbsa.eu\/wp-content\/uploads\/2023\/08\/2023-08-09_Sommerreise-Karin-Prien_Jan-Steffen-Cluster-ROOTS-12-18x12.jpg 18w, https:\/\/zbsa.eu\/wp-content\/uploads\/2023\/08\/2023-08-09_Sommerreise-Karin-Prien_Jan-Steffen-Cluster-ROOTS-12-600x400.jpg 600w, https:\/\/zbsa.eu\/wp-content\/uploads\/2023\/08\/2023-08-09_Sommerreise-Karin-Prien_Jan-Steffen-Cluster-ROOTS-12-1140x760.jpg 1140w\" sizes=\"(max-width: 300px) 100vw, 300px\" \/><\/div><\/a>\n\t\t\t\t<div class=\"elementor-post__badge\">2023<\/div>\n\t\t\t\t<div class=\"elementor-post__text\">\n\t\t\t\t<h3 class=\"elementor-post__title\">\n\t\t\t<a href=\"https:\/\/zbsa.eu\/en\/ministerin-karin-prien-informiert-sich-uber-forschungen-im-nordfriesischen-wattenmeer\/\" >\n\t\t\t\tMinisterin Karin Prien informiert sich \u00fcber Forschungen im Nordfriesischen Wattenmeer\t\t\t<\/a>\n\t\t<\/h3>\n\t\t\n\t\t<a class=\"elementor-post__read-more\" href=\"https:\/\/zbsa.eu\/en\/ministerin-karin-prien-informiert-sich-uber-forschungen-im-nordfriesischen-wattenmeer\/\" aria-label=\"Read more about Ministerin Karin Prien informiert sich \u00fcber Forschungen im Nordfriesischen Wattenmeer\" tabindex=\"-1\" >\n\t\t\tRead more  \u00bb\t\t<\/a>\n\n\t\t\t\t<\/div>\n\t\t\t\t<div class=\"elementor-post__meta-data\">\n\t\t\t\t\t<span class=\"elementor-post-date\">\n\t\t\t14. August 2023\t\t<\/span>\n\t\t\t\t<\/div>\n\t\t\t\t\t<\/div>\n\t\t<\/article>\n\t\t\t\t<article class=\"elementor-post elementor-grid-item post-10852 post type-post status-publish format-standard has-post-thumbnail hentry category-86 category-news\">\n\t\t\t<div class=\"elementor-post__card\">\n\t\t\t\t<a class=\"elementor-post__thumbnail__link\" href=\"https:\/\/zbsa.eu\/en\/kirche-von-rungholt\/\" tabindex=\"-1\" ><div class=\"elementor-post__thumbnail\"><img decoding=\"async\" width=\"300\" height=\"200\" src=\"https:\/\/zbsa.eu\/wp-content\/uploads\/2023\/05\/grabungskasten_rungholt_presse-300x200.jpg\" class=\"attachment-medium size-medium wp-image-10855\" alt=\"Ein spezieller Metallrahmen erm\u00f6glicht im Watt arch\u00e4ologische Grabungen von einem Quadratmeter Gr\u00f6\u00dfe, die w\u00e4hrend einer Ebbe ausgegraben und dokumentiert werden k\u00f6nnen Abb.\/\u00a9: Ruth Blankenfeldt, Schleswig\" srcset=\"https:\/\/zbsa.eu\/wp-content\/uploads\/2023\/05\/grabungskasten_rungholt_presse-300x200.jpg 300w, https:\/\/zbsa.eu\/wp-content\/uploads\/2023\/05\/grabungskasten_rungholt_presse-768x512.jpg 768w, https:\/\/zbsa.eu\/wp-content\/uploads\/2023\/05\/grabungskasten_rungholt_presse-18x12.jpg 18w, https:\/\/zbsa.eu\/wp-content\/uploads\/2023\/05\/grabungskasten_rungholt_presse-600x400.jpg 600w, https:\/\/zbsa.eu\/wp-content\/uploads\/2023\/05\/grabungskasten_rungholt_presse.jpg 1000w\" sizes=\"(max-width: 300px) 100vw, 300px\" \/><\/div><\/a>\n\t\t\t\t<div class=\"elementor-post__badge\">2023<\/div>\n\t\t\t\t<div class=\"elementor-post__text\">\n\t\t\t\t<h3 class=\"elementor-post__title\">\n\t\t\t<a href=\"https:\/\/zbsa.eu\/en\/kirche-von-rungholt\/\" >\n\t\t\t\tWissenschaftliches Gemeinschaftsprojekt lokalisiert die untergegangene Kirche von Rungholt im nordfriesischen Wattenmeer\t\t\t<\/a>\n\t\t<\/h3>\n\t\t\n\t\t<a class=\"elementor-post__read-more\" href=\"https:\/\/zbsa.eu\/en\/kirche-von-rungholt\/\" aria-label=\"Read more about Wissenschaftliches Gemeinschaftsprojekt lokalisiert die untergegangene Kirche von Rungholt im nordfriesischen Wattenmeer\" tabindex=\"-1\" >\n\t\t\tRead more  \u00bb\t\t<\/a>\n\n\t\t\t\t<\/div>\n\t\t\t\t<div class=\"elementor-post__meta-data\">\n\t\t\t\t\t<span class=\"elementor-post-date\">\n\t\t\t23. May 2023\t\t<\/span>\n\t\t\t\t<\/div>\n\t\t\t\t\t<\/div>\n\t\t<\/article>\n\t\t\t\t<article class=\"elementor-post elementor-grid-item post-10769 post type-post status-publish format-standard has-post-thumbnail hentry category-86 category-news\">\n\t\t\t<div class=\"elementor-post__card\">\n\t\t\t\t<a class=\"elementor-post__thumbnail__link\" href=\"https:\/\/zbsa.eu\/en\/conference-architecture-of-power\/\" tabindex=\"-1\" ><div class=\"elementor-post__thumbnail\"><img loading=\"lazy\" decoding=\"async\" width=\"300\" height=\"225\" src=\"https:\/\/zbsa.eu\/wp-content\/uploads\/2023\/05\/townhall_schleswig-300x225.jpg\" class=\"attachment-medium size-medium wp-image-10776\" alt=\"Rathaus Schleswig\" srcset=\"https:\/\/zbsa.eu\/wp-content\/uploads\/2023\/05\/townhall_schleswig-300x225.jpg 300w, https:\/\/zbsa.eu\/wp-content\/uploads\/2023\/05\/townhall_schleswig-768x576.jpg 768w, https:\/\/zbsa.eu\/wp-content\/uploads\/2023\/05\/townhall_schleswig-16x12.jpg 16w, https:\/\/zbsa.eu\/wp-content\/uploads\/2023\/05\/townhall_schleswig.jpg 1000w\" sizes=\"(max-width: 300px) 100vw, 300px\" \/><\/div><\/a>\n\t\t\t\t<div class=\"elementor-post__badge\">2023<\/div>\n\t\t\t\t<div class=\"elementor-post__text\">\n\t\t\t\t<h3 class=\"elementor-post__title\">\n\t\t\t<a href=\"https:\/\/zbsa.eu\/en\/conference-architecture-of-power\/\" >\n\t\t\t\tConference on \u2018Architecture of Power\u2019 in Uppsala (June 2023): a German-Swedish cooperation\t\t\t<\/a>\n\t\t<\/h3>\n\t\t\n\t\t<a class=\"elementor-post__read-more\" href=\"https:\/\/zbsa.eu\/en\/conference-architecture-of-power\/\" aria-label=\"Read more about Conference on \u2018Architecture of Power\u2019 in Uppsala (June 2023): a German-Swedish cooperation\" tabindex=\"-1\" >\n\t\t\tRead more  \u00bb\t\t<\/a>\n\n\t\t\t\t<\/div>\n\t\t\t\t<div class=\"elementor-post__meta-data\">\n\t\t\t\t\t<span class=\"elementor-post-date\">\n\t\t\t16. May 2023\t\t<\/span>\n\t\t\t\t<\/div>\n\t\t\t\t\t<\/div>\n\t\t<\/article>\n\t\t\t\t<article class=\"elementor-post elementor-grid-item post-10703 post type-post status-publish format-standard has-post-thumbnail hentry category-86 category-news\">\n\t\t\t<div class=\"elementor-post__card\">\n\t\t\t\t<a class=\"elementor-post__thumbnail__link\" href=\"https:\/\/zbsa.eu\/en\/jahrestreffen-der-arbeitsgemeinschaft-mesolithikum-in-duvensee\/\" tabindex=\"-1\" ><div class=\"elementor-post__thumbnail\"><img loading=\"lazy\" decoding=\"async\" width=\"300\" height=\"146\" src=\"https:\/\/zbsa.eu\/wp-content\/uploads\/2023\/03\/duvensee_zelt_ausgrabung-300x146.jpg\" class=\"attachment-medium size-medium wp-image-10715\" alt=\"\" srcset=\"https:\/\/zbsa.eu\/wp-content\/uploads\/2023\/03\/duvensee_zelt_ausgrabung-300x146.jpg 300w, https:\/\/zbsa.eu\/wp-content\/uploads\/2023\/03\/duvensee_zelt_ausgrabung-768x373.jpg 768w, https:\/\/zbsa.eu\/wp-content\/uploads\/2023\/03\/duvensee_zelt_ausgrabung-18x9.jpg 18w, https:\/\/zbsa.eu\/wp-content\/uploads\/2023\/03\/duvensee_zelt_ausgrabung.jpg 1000w\" sizes=\"(max-width: 300px) 100vw, 300px\" \/><\/div><\/a>\n\t\t\t\t<div class=\"elementor-post__badge\">2023<\/div>\n\t\t\t\t<div class=\"elementor-post__text\">\n\t\t\t\t<h3 class=\"elementor-post__title\">\n\t\t\t<a href=\"https:\/\/zbsa.eu\/en\/jahrestreffen-der-arbeitsgemeinschaft-mesolithikum-in-duvensee\/\" >\n\t\t\t\tJahrestreffen der Arbeitsgemeinschaft Mesolithikum (MesoAG) 2023 in Duvensee\t\t\t<\/a>\n\t\t<\/h3>\n\t\t\n\t\t<a class=\"elementor-post__read-more\" href=\"https:\/\/zbsa.eu\/en\/jahrestreffen-der-arbeitsgemeinschaft-mesolithikum-in-duvensee\/\" aria-label=\"Read more about Jahrestreffen der Arbeitsgemeinschaft Mesolithikum (MesoAG) 2023 in Duvensee\" tabindex=\"-1\" >\n\t\t\tRead more  \u00bb\t\t<\/a>\n\n\t\t\t\t<\/div>\n\t\t\t\t<div class=\"elementor-post__meta-data\">\n\t\t\t\t\t<span class=\"elementor-post-date\">\n\t\t\t7. March 2023\t\t<\/span>\n\t\t\t\t<\/div>\n\t\t\t\t\t<\/div>\n\t\t<\/article>\n\t\t\t\t<article class=\"elementor-post elementor-grid-item post-10331 post type-post status-publish format-standard has-post-thumbnail hentry category-86 category-news\">\n\t\t\t<div class=\"elementor-post__card\">\n\t\t\t\t<a class=\"elementor-post__thumbnail__link\" href=\"https:\/\/zbsa.eu\/en\/workshop-mit-dem-leiza\/\" tabindex=\"-1\" ><div class=\"elementor-post__thumbnail\"><img loading=\"lazy\" decoding=\"async\" width=\"300\" height=\"179\" src=\"https:\/\/zbsa.eu\/wp-content\/uploads\/2023\/01\/leiza_workshop-300x179.jpg\" class=\"attachment-medium size-medium wp-image-10338\" alt=\"Teilnehmer des gemeinsamens Workshops LEIZA und ZBSA.\" srcset=\"https:\/\/zbsa.eu\/wp-content\/uploads\/2023\/01\/leiza_workshop-300x179.jpg 300w, https:\/\/zbsa.eu\/wp-content\/uploads\/2023\/01\/leiza_workshop-768x459.jpg 768w, https:\/\/zbsa.eu\/wp-content\/uploads\/2023\/01\/leiza_workshop-18x12.jpg 18w, https:\/\/zbsa.eu\/wp-content\/uploads\/2023\/01\/leiza_workshop.jpg 1000w\" sizes=\"(max-width: 300px) 100vw, 300px\" \/><\/div><\/a>\n\t\t\t\t<div class=\"elementor-post__badge\">2023<\/div>\n\t\t\t\t<div class=\"elementor-post__text\">\n\t\t\t\t<h3 class=\"elementor-post__title\">\n\t\t\t<a href=\"https:\/\/zbsa.eu\/en\/workshop-mit-dem-leiza\/\" >\n\t\t\t\tWorkshop \u201eOtherness und Arch\u00e4ologie? Disziplin\u00e4re Perspektiven und ihre Schnittstellen\u201c im Zuge gemeinsamer Forschungen des ZBSA und des LEIZA\t\t\t<\/a>\n\t\t<\/h3>\n\t\t\n\t\t<a class=\"elementor-post__read-more\" href=\"https:\/\/zbsa.eu\/en\/workshop-mit-dem-leiza\/\" aria-label=\"Read more about Workshop \u201eOtherness und Arch\u00e4ologie? Disziplin\u00e4re Perspektiven und ihre Schnittstellen\u201c im Zuge gemeinsamer Forschungen des ZBSA und des LEIZA\" tabindex=\"-1\" >\n\t\t\tRead more  \u00bb\t\t<\/a>\n\n\t\t\t\t<\/div>\n\t\t\t\t<div class=\"elementor-post__meta-data\">\n\t\t\t\t\t<span class=\"elementor-post-date\">\n\t\t\t30. January 2023\t\t<\/span>\n\t\t\t\t<\/div>\n\t\t\t\t\t<\/div>\n\t\t<\/article>\n\t\t\t\t<\/div>\n\t\t\n\t\t\t\t<div class=\"e-load-more-anchor\" data-page=\"1\" data-max-page=\"12\" data-next-page=\"https:\/\/zbsa.eu\/en\/wp-json\/wp\/v2\/pages\/4132\/page\/2\/\"><\/div>\n\t\t\t\t<nav class=\"elementor-pagination\" aria-label=\"Pagination\">\n\t\t\t<span aria-current=\"page\" class=\"page-numbers current\"><span class=\"elementor-screen-only\">Page<\/span>1<\/span>\n<a class=\"page-numbers\" href=\"https:\/\/zbsa.eu\/en\/wp-json\/wp\/v2\/pages\/4132\/page\/2\/\"><span class=\"elementor-screen-only\">Page<\/span>2<\/a>\n<a class=\"page-numbers\" href=\"https:\/\/zbsa.eu\/en\/wp-json\/wp\/v2\/pages\/4132\/page\/3\/\"><span class=\"elementor-screen-only\">Page<\/span>3<\/a>\n<a class=\"page-numbers\" href=\"https:\/\/zbsa.eu\/en\/wp-json\/wp\/v2\/pages\/4132\/page\/4\/\"><span class=\"elementor-screen-only\">Page<\/span>4<\/a>\n<a class=\"page-numbers\" href=\"https:\/\/zbsa.eu\/en\/wp-json\/wp\/v2\/pages\/4132\/page\/5\/\"><span class=\"elementor-screen-only\">Page<\/span>5<\/a>\n<a class=\"page-numbers\" href=\"https:\/\/zbsa.eu\/en\/wp-json\/wp\/v2\/pages\/4132\/page\/6\/\"><span class=\"elementor-screen-only\">Page<\/span>6<\/a>\n<a class=\"page-numbers\" href=\"https:\/\/zbsa.eu\/en\/wp-json\/wp\/v2\/pages\/4132\/page\/7\/\"><span class=\"elementor-screen-only\">Page<\/span>7<\/a>\n<a class=\"page-numbers\" href=\"https:\/\/zbsa.eu\/en\/wp-json\/wp\/v2\/pages\/4132\/page\/8\/\"><span class=\"elementor-screen-only\">Page<\/span>8<\/a>\n<a class=\"page-numbers\" href=\"https:\/\/zbsa.eu\/en\/wp-json\/wp\/v2\/pages\/4132\/page\/9\/\"><span class=\"elementor-screen-only\">Page<\/span>9<\/a>\n<a class=\"page-numbers\" href=\"https:\/\/zbsa.eu\/en\/wp-json\/wp\/v2\/pages\/4132\/page\/10\/\"><span class=\"elementor-screen-only\">Page<\/span>10<\/a>\n<a class=\"page-numbers\" href=\"https:\/\/zbsa.eu\/en\/wp-json\/wp\/v2\/pages\/4132\/page\/11\/\"><span class=\"elementor-screen-only\">Page<\/span>11<\/a>\n<a class=\"page-numbers\" href=\"https:\/\/zbsa.eu\/en\/wp-json\/wp\/v2\/pages\/4132\/page\/12\/\"><span class=\"elementor-screen-only\">Page<\/span>12<\/a>\t\t<\/nav>\n\t\t\t\t\t\t<\/div>\n\t\t\t\t<\/div>\n\t\t\t\t\t<\/div>\n\t\t<\/div>\n\t\t\t\t\t<\/div>\n\t\t<\/section>\n\t\t\t\t<\/div>","protected":false},"excerpt":{"rendered":"","protected":false},"author":3,"featured_media":0,"parent":0,"menu_order":0,"comment_status":"closed","ping_status":"closed","template":"","meta":{"_eb_attr":"","inline_featured_image":false,"footnotes":""},"class_list":["post-4132","page","type-page","status-publish","hentry"],"yoast_head":"<!-- This site is optimized with the Yoast SEO plugin v24.4 - https:\/\/yoast.com\/wordpress\/plugins\/seo\/ -->\n<title>Nachrichten - Zentrum f\u00fcr Baltische und Skandinavische Arch\u00e4ologie (ZBSA) \u2014 Zentrum f\u00fcr Baltische und Skandinavische Arch\u00e4ologie<\/title>\n<meta name=\"robots\" content=\"index, follow, max-snippet:-1, max-image-preview:large, max-video-preview:-1\" \/>\n<link rel=\"canonical\" href=\"https:\/\/zbsa.eu\/en\/nachrichten\/\" \/>\n<meta property=\"og:locale\" content=\"en_GB\" \/>\n<meta property=\"og:type\" content=\"article\" \/>\n<meta property=\"og:title\" content=\"Nachrichten - Zentrum f\u00fcr Baltische und Skandinavische Arch\u00e4ologie (ZBSA) \u2014 Zentrum f\u00fcr Baltische und Skandinavische Arch\u00e4ologie\" \/>\n<meta property=\"og:url\" content=\"https:\/\/zbsa.eu\/en\/nachrichten\/\" \/>\n<meta property=\"og:site_name\" content=\"Zentrum f\u00fcr Baltische und Skandinavische Arch\u00e4ologie (ZBSA) \u2014 Zentrum f\u00fcr Baltische und Skandinavische Arch\u00e4ologie\" \/>\n<meta property=\"article:modified_time\" content=\"2022-02-21T15:05:52+00:00\" \/>\n<meta name=\"twitter:card\" content=\"summary_large_image\" \/>\n<meta name=\"twitter:label1\" content=\"Estimated reading time\" \/>\n\t<meta name=\"twitter:data1\" content=\"2 minutes\" \/>\n<script type=\"application\/ld+json\" class=\"yoast-schema-graph\">{\"@context\":\"https:\/\/schema.org\",\"@graph\":[{\"@type\":\"WebPage\",\"@id\":\"https:\/\/zbsa.eu\/nachrichten\/\",\"url\":\"https:\/\/zbsa.eu\/nachrichten\/\",\"name\":\"Nachrichten - Zentrum f\u00fcr Baltische und Skandinavische Arch\u00e4ologie (ZBSA) \u2014 Zentrum f\u00fcr Baltische und Skandinavische Arch\u00e4ologie\",\"isPartOf\":{\"@id\":\"https:\/\/zbsa.eu\/#website\"},\"datePublished\":\"2021-03-24T11:59:57+00:00\",\"dateModified\":\"2022-02-21T15:05:52+00:00\",\"breadcrumb\":{\"@id\":\"https:\/\/zbsa.eu\/nachrichten\/#breadcrumb\"},\"inLanguage\":\"en-GB\",\"potentialAction\":[{\"@type\":\"ReadAction\",\"target\":[\"https:\/\/zbsa.eu\/nachrichten\/\"]}]},{\"@type\":\"BreadcrumbList\",\"@id\":\"https:\/\/zbsa.eu\/nachrichten\/#breadcrumb\",\"itemListElement\":[{\"@type\":\"ListItem\",\"position\":1,\"name\":\"Startseite\",\"item\":\"https:\/\/zbsa.eu\/\"},{\"@type\":\"ListItem\",\"position\":2,\"name\":\"Nachrichten\"}]},{\"@type\":\"WebSite\",\"@id\":\"https:\/\/zbsa.eu\/#website\",\"url\":\"https:\/\/zbsa.eu\/\",\"name\":\"Zentrum f\u00fcr Baltische und Skandinavische Arch\u00e4ologie (ZBSA) \u2014 Zentrum f\u00fcr Baltische und Skandinavische Arch\u00e4ologie\",\"description\":\"\",\"potentialAction\":[{\"@type\":\"SearchAction\",\"target\":{\"@type\":\"EntryPoint\",\"urlTemplate\":\"https:\/\/zbsa.eu\/?s={search_term_string}\"},\"query-input\":{\"@type\":\"PropertyValueSpecification\",\"valueRequired\":true,\"valueName\":\"search_term_string\"}}],\"inLanguage\":\"en-GB\"}]}<\/script>\n<!-- \/ Yoast SEO plugin. -->","yoast_head_json":{"title":"Nachrichten - Zentrum f\u00fcr Baltische und Skandinavische Arch\u00e4ologie (ZBSA) \u2014 Zentrum f\u00fcr Baltische und Skandinavische Arch\u00e4ologie","robots":{"index":"index","follow":"follow","max-snippet":"max-snippet:-1","max-image-preview":"max-image-preview:large","max-video-preview":"max-video-preview:-1"},"canonical":"https:\/\/zbsa.eu\/en\/nachrichten\/","og_locale":"en_GB","og_type":"article","og_title":"Nachrichten - Zentrum f\u00fcr Baltische und Skandinavische Arch\u00e4ologie (ZBSA) \u2014 Zentrum f\u00fcr Baltische und Skandinavische Arch\u00e4ologie","og_url":"https:\/\/zbsa.eu\/en\/nachrichten\/","og_site_name":"Zentrum f\u00fcr Baltische und Skandinavische Arch\u00e4ologie (ZBSA) \u2014 Zentrum f\u00fcr Baltische und Skandinavische Arch\u00e4ologie","article_modified_time":"2022-02-21T15:05:52+00:00","twitter_card":"summary_large_image","twitter_misc":{"Estimated reading time":"2 minutes"},"schema":{"@context":"https:\/\/schema.org","@graph":[{"@type":"WebPage","@id":"https:\/\/zbsa.eu\/nachrichten\/","url":"https:\/\/zbsa.eu\/nachrichten\/","name":"Nachrichten - Zentrum f\u00fcr Baltische und Skandinavische Arch\u00e4ologie (ZBSA) \u2014 Zentrum f\u00fcr Baltische und Skandinavische Arch\u00e4ologie","isPartOf":{"@id":"https:\/\/zbsa.eu\/#website"},"datePublished":"2021-03-24T11:59:57+00:00","dateModified":"2022-02-21T15:05:52+00:00","breadcrumb":{"@id":"https:\/\/zbsa.eu\/nachrichten\/#breadcrumb"},"inLanguage":"en-GB","potentialAction":[{"@type":"ReadAction","target":["https:\/\/zbsa.eu\/nachrichten\/"]}]},{"@type":"BreadcrumbList","@id":"https:\/\/zbsa.eu\/nachrichten\/#breadcrumb","itemListElement":[{"@type":"ListItem","position":1,"name":"Startseite","item":"https:\/\/zbsa.eu\/"},{"@type":"ListItem","position":2,"name":"Nachrichten"}]},{"@type":"WebSite","@id":"https:\/\/zbsa.eu\/#website","url":"https:\/\/zbsa.eu\/","name":"Zentrum f\u00fcr Baltische und Skandinavische Arch\u00e4ologie (ZBSA) \u2014 Zentrum f\u00fcr Baltische und Skandinavische Arch\u00e4ologie","description":"","potentialAction":[{"@type":"SearchAction","target":{"@type":"EntryPoint","urlTemplate":"https:\/\/zbsa.eu\/?s={search_term_string}"},"query-input":{"@type":"PropertyValueSpecification","valueRequired":true,"valueName":"search_term_string"}}],"inLanguage":"en-GB"}]}},"acf":[],"_links":{"self":[{"href":"https:\/\/zbsa.eu\/en\/wp-json\/wp\/v2\/pages\/4132","targetHints":{"allow":["GET"]}}],"collection":[{"href":"https:\/\/zbsa.eu\/en\/wp-json\/wp\/v2\/pages"}],"about":[{"href":"https:\/\/zbsa.eu\/en\/wp-json\/wp\/v2\/types\/page"}],"author":[{"embeddable":true,"href":"https:\/\/zbsa.eu\/en\/wp-json\/wp\/v2\/users\/3"}],"replies":[{"embeddable":true,"href":"https:\/\/zbsa.eu\/en\/wp-json\/wp\/v2\/comments?post=4132"}],"version-history":[{"count":16,"href":"https:\/\/zbsa.eu\/en\/wp-json\/wp\/v2\/pages\/4132\/revisions"}],"predecessor-version":[{"id":9479,"href":"https:\/\/zbsa.eu\/en\/wp-json\/wp\/v2\/pages\/4132\/revisions\/9479"}],"wp:attachment":[{"href":"https:\/\/zbsa.eu\/en\/wp-json\/wp\/v2\/media?parent=4132"}],"curies":[{"name":"wp","href":"https:\/\/api.w.org\/{rel}","templated":true}]}}