{"id":835,"date":"2021-02-24T12:09:11","date_gmt":"2021-02-24T11:09:11","guid":{"rendered":"https:\/\/zbsa.eu\/?page_id=835"},"modified":"2021-04-12T08:25:12","modified_gmt":"2021-04-12T06:25:12","slug":"peer-review-verfahren","status":"publish","type":"page","link":"https:\/\/zbsa.eu\/en\/peer-review-verfahren\/","title":{"rendered":"Peer-Review-Verfahren bei Monografien des ZBSA"},"content":{"rendered":"<p class=\"has-text-align-left\">Die monographischen Publikationen des ZBSA unterliegen einem Peer-Review-Verfahren, das mit den jeweiligen Herausgebern bzw. Verlagen abgestimmt wird.<\/p>\n\n\n\n<p class=\"has-text-align-left\">Die Pflichten der Gutachter<em>innen<\/em> sind:<\/p>\n\n\n\n<p class=\"has-text-align-left\">1) Gleichbehandlung der Autor<em>innen<\/em><br>Peer-Reviewer sind zur Gleichbehandlung verpflichtet. Sie d\u00fcrfen in ihre Beurteilungen weder ethnische Herkunft, Geschlecht, sexuelle Orientierung, Religion oder Weltanschauung und dergl. einflie\u00dfen lassen.<\/p>\n\n\n\n<p class=\"has-text-align-left\">2) Fairness, Objektivit\u00e4t und Sachlichkeit<br>Peer-Reviewer sind zur Objektivit\u00e4t und sachlichen Beurteilung der Texte verpflichtet. Fehler sowie korrektur-und erg\u00e4nzungsbed\u00fcrftige Stellen sind eindeutig, aber in freundlichem Ton zu benennen.<\/p>\n\n\n\n<p class=\"has-text-align-left\">3) Informationspflicht<br>Gutachter<em>innen<\/em> m\u00fcssen die Herausgeber<em>innen<\/em> umgehend informieren, wenn Interessenskonflikte bestehen, ein Gutachten nicht entsprechend der Vereinbarung m\u00f6glich ist (z. B. aus zeitlichen\/fachlichen Gr\u00fcnden) und der Verdacht auf Verst\u00f6\u00dfe gegen die ethischen Verlagsrichtlinien besteht (z. B. Verdacht auf Plagiat, falsche Informationswidergabe etc.).<\/p>","protected":false},"excerpt":{"rendered":"<p>Die monographischen Publikationen des ZBSA unterliegen einem Peer-Review-Verfahren, das mit den jeweiligen Herausgebern bzw. Verlagen abgestimmt wird. Die Pflichten der Gutachterinnen sind: 1) Gleichbehandlung der AutorinnenPeer-Reviewer sind zur Gleichbehandlung verpflichtet. Sie d\u00fcrfen in ihre Beurteilungen weder ethnische Herkunft, Geschlecht, sexuelle Orientierung, Religion oder Weltanschauung und dergl. einflie\u00dfen lassen. 2) Fairness, Objektivit\u00e4t und SachlichkeitPeer-Reviewer sind zur Objektivit\u00e4t und sachlichen Beurteilung der Texte verpflichtet. Fehler sowie korrektur-und erg\u00e4nzungsbed\u00fcrftige Stellen sind eindeutig, aber in freundlichem Ton zu benennen. 3) InformationspflichtGutachterinnen m\u00fcssen die Herausgeberinnen umgehend informieren, wenn Interessenskonflikte bestehen, ein Gutachten nicht entsprechend der Vereinbarung m\u00f6glich ist (z. B. aus zeitlichen\/fachlichen Gr\u00fcnden) und der Verdacht auf Verst\u00f6\u00dfe gegen die ethischen Verlagsrichtlinien besteht (z. B. Verdacht auf Plagiat, falsche Informationswidergabe etc.).<\/p>","protected":false},"author":3,"featured_media":0,"parent":0,"menu_order":0,"comment_status":"closed","ping_status":"closed","template":"","meta":{"_eb_attr":"","inline_featured_image":false,"footnotes":""},"class_list":["post-835","page","type-page","status-publish","hentry"],"yoast_head":"<!-- This site is optimized with the Yoast SEO plugin v24.4 - https:\/\/yoast.com\/wordpress\/plugins\/seo\/ -->\n<title>Peer-Review-Verfahren bei Monografien des ZBSA - Zentrum f\u00fcr Baltische und Skandinavische Arch\u00e4ologie (ZBSA) \u2014 Zentrum f\u00fcr Baltische und Skandinavische Arch\u00e4ologie<\/title>\n<meta name=\"robots\" content=\"index, follow, max-snippet:-1, max-image-preview:large, max-video-preview:-1\" \/>\n<link rel=\"canonical\" href=\"https:\/\/zbsa.eu\/en\/peer-review-verfahren\/\" \/>\n<meta property=\"og:locale\" content=\"en_GB\" \/>\n<meta property=\"og:type\" content=\"article\" \/>\n<meta property=\"og:title\" content=\"Peer-Review-Verfahren bei Monografien des ZBSA - Zentrum f\u00fcr Baltische und Skandinavische Arch\u00e4ologie (ZBSA) \u2014 Zentrum f\u00fcr Baltische und Skandinavische Arch\u00e4ologie\" \/>\n<meta property=\"og:description\" content=\"Die monographischen Publikationen des ZBSA unterliegen einem Peer-Review-Verfahren, das mit den jeweiligen Herausgebern bzw. Verlagen abgestimmt wird. Die Pflichten der Gutachterinnen sind: 1) Gleichbehandlung der AutorinnenPeer-Reviewer sind zur Gleichbehandlung verpflichtet. Sie d\u00fcrfen in ihre Beurteilungen weder ethnische Herkunft, Geschlecht, sexuelle Orientierung, Religion oder Weltanschauung und dergl. einflie\u00dfen lassen. 2) Fairness, Objektivit\u00e4t und SachlichkeitPeer-Reviewer sind zur Objektivit\u00e4t und sachlichen Beurteilung der Texte verpflichtet. Fehler sowie korrektur-und erg\u00e4nzungsbed\u00fcrftige Stellen sind eindeutig, aber in freundlichem Ton zu benennen. 3) InformationspflichtGutachterinnen m\u00fcssen die Herausgeberinnen umgehend informieren, wenn Interessenskonflikte bestehen, ein Gutachten nicht entsprechend der Vereinbarung m\u00f6glich ist (z. B. aus zeitlichen\/fachlichen Gr\u00fcnden) und der Verdacht auf Verst\u00f6\u00dfe gegen die ethischen Verlagsrichtlinien besteht (z. B. Verdacht auf Plagiat, falsche Informationswidergabe etc.).\" \/>\n<meta property=\"og:url\" content=\"https:\/\/zbsa.eu\/en\/peer-review-verfahren\/\" \/>\n<meta property=\"og:site_name\" content=\"Zentrum f\u00fcr Baltische und Skandinavische Arch\u00e4ologie (ZBSA) \u2014 Zentrum f\u00fcr Baltische und Skandinavische Arch\u00e4ologie\" \/>\n<meta property=\"article:modified_time\" content=\"2021-04-12T06:25:12+00:00\" \/>\n<meta name=\"twitter:card\" content=\"summary_large_image\" \/>\n<meta name=\"twitter:label1\" content=\"Estimated reading time\" \/>\n\t<meta name=\"twitter:data1\" content=\"1 minute\" \/>\n<script type=\"application\/ld+json\" class=\"yoast-schema-graph\">{\"@context\":\"https:\/\/schema.org\",\"@graph\":[{\"@type\":\"WebPage\",\"@id\":\"https:\/\/zbsa.eu\/peer-review-verfahren\/\",\"url\":\"https:\/\/zbsa.eu\/peer-review-verfahren\/\",\"name\":\"Peer-Review-Verfahren bei Monografien des ZBSA - Zentrum f\u00fcr Baltische und Skandinavische Arch\u00e4ologie (ZBSA) \u2014 Zentrum f\u00fcr Baltische und Skandinavische Arch\u00e4ologie\",\"isPartOf\":{\"@id\":\"https:\/\/zbsa.eu\/#website\"},\"datePublished\":\"2021-02-24T11:09:11+00:00\",\"dateModified\":\"2021-04-12T06:25:12+00:00\",\"breadcrumb\":{\"@id\":\"https:\/\/zbsa.eu\/peer-review-verfahren\/#breadcrumb\"},\"inLanguage\":\"en-GB\",\"potentialAction\":[{\"@type\":\"ReadAction\",\"target\":[\"https:\/\/zbsa.eu\/peer-review-verfahren\/\"]}]},{\"@type\":\"BreadcrumbList\",\"@id\":\"https:\/\/zbsa.eu\/peer-review-verfahren\/#breadcrumb\",\"itemListElement\":[{\"@type\":\"ListItem\",\"position\":1,\"name\":\"Startseite\",\"item\":\"https:\/\/zbsa.eu\/\"},{\"@type\":\"ListItem\",\"position\":2,\"name\":\"Peer-Review-Verfahren bei Monografien des ZBSA\"}]},{\"@type\":\"WebSite\",\"@id\":\"https:\/\/zbsa.eu\/#website\",\"url\":\"https:\/\/zbsa.eu\/\",\"name\":\"Zentrum f\u00fcr Baltische und Skandinavische Arch\u00e4ologie (ZBSA) \u2014 Zentrum f\u00fcr Baltische und Skandinavische Arch\u00e4ologie\",\"description\":\"\",\"potentialAction\":[{\"@type\":\"SearchAction\",\"target\":{\"@type\":\"EntryPoint\",\"urlTemplate\":\"https:\/\/zbsa.eu\/?s={search_term_string}\"},\"query-input\":{\"@type\":\"PropertyValueSpecification\",\"valueRequired\":true,\"valueName\":\"search_term_string\"}}],\"inLanguage\":\"en-GB\"}]}<\/script>\n<!-- \/ Yoast SEO plugin. -->","yoast_head_json":{"title":"Peer-Review-Verfahren bei Monografien des ZBSA - Zentrum f\u00fcr Baltische und Skandinavische Arch\u00e4ologie (ZBSA) \u2014 Zentrum f\u00fcr Baltische und Skandinavische Arch\u00e4ologie","robots":{"index":"index","follow":"follow","max-snippet":"max-snippet:-1","max-image-preview":"max-image-preview:large","max-video-preview":"max-video-preview:-1"},"canonical":"https:\/\/zbsa.eu\/en\/peer-review-verfahren\/","og_locale":"en_GB","og_type":"article","og_title":"Peer-Review-Verfahren bei Monografien des ZBSA - Zentrum f\u00fcr Baltische und Skandinavische Arch\u00e4ologie (ZBSA) \u2014 Zentrum f\u00fcr Baltische und Skandinavische Arch\u00e4ologie","og_description":"Die monographischen Publikationen des ZBSA unterliegen einem Peer-Review-Verfahren, das mit den jeweiligen Herausgebern bzw. Verlagen abgestimmt wird. Die Pflichten der Gutachterinnen sind: 1) Gleichbehandlung der AutorinnenPeer-Reviewer sind zur Gleichbehandlung verpflichtet. Sie d\u00fcrfen in ihre Beurteilungen weder ethnische Herkunft, Geschlecht, sexuelle Orientierung, Religion oder Weltanschauung und dergl. einflie\u00dfen lassen. 2) Fairness, Objektivit\u00e4t und SachlichkeitPeer-Reviewer sind zur Objektivit\u00e4t und sachlichen Beurteilung der Texte verpflichtet. Fehler sowie korrektur-und erg\u00e4nzungsbed\u00fcrftige Stellen sind eindeutig, aber in freundlichem Ton zu benennen. 3) InformationspflichtGutachterinnen m\u00fcssen die Herausgeberinnen umgehend informieren, wenn Interessenskonflikte bestehen, ein Gutachten nicht entsprechend der Vereinbarung m\u00f6glich ist (z. B. aus zeitlichen\/fachlichen Gr\u00fcnden) und der Verdacht auf Verst\u00f6\u00dfe gegen die ethischen Verlagsrichtlinien besteht (z. B. Verdacht auf Plagiat, falsche Informationswidergabe etc.).","og_url":"https:\/\/zbsa.eu\/en\/peer-review-verfahren\/","og_site_name":"Zentrum f\u00fcr Baltische und Skandinavische Arch\u00e4ologie (ZBSA) \u2014 Zentrum f\u00fcr Baltische und Skandinavische Arch\u00e4ologie","article_modified_time":"2021-04-12T06:25:12+00:00","twitter_card":"summary_large_image","twitter_misc":{"Estimated reading time":"1 minute"},"schema":{"@context":"https:\/\/schema.org","@graph":[{"@type":"WebPage","@id":"https:\/\/zbsa.eu\/peer-review-verfahren\/","url":"https:\/\/zbsa.eu\/peer-review-verfahren\/","name":"Peer-Review-Verfahren bei Monografien des ZBSA - Zentrum f\u00fcr Baltische und Skandinavische Arch\u00e4ologie (ZBSA) \u2014 Zentrum f\u00fcr Baltische und Skandinavische Arch\u00e4ologie","isPartOf":{"@id":"https:\/\/zbsa.eu\/#website"},"datePublished":"2021-02-24T11:09:11+00:00","dateModified":"2021-04-12T06:25:12+00:00","breadcrumb":{"@id":"https:\/\/zbsa.eu\/peer-review-verfahren\/#breadcrumb"},"inLanguage":"en-GB","potentialAction":[{"@type":"ReadAction","target":["https:\/\/zbsa.eu\/peer-review-verfahren\/"]}]},{"@type":"BreadcrumbList","@id":"https:\/\/zbsa.eu\/peer-review-verfahren\/#breadcrumb","itemListElement":[{"@type":"ListItem","position":1,"name":"Startseite","item":"https:\/\/zbsa.eu\/"},{"@type":"ListItem","position":2,"name":"Peer-Review-Verfahren bei Monografien des ZBSA"}]},{"@type":"WebSite","@id":"https:\/\/zbsa.eu\/#website","url":"https:\/\/zbsa.eu\/","name":"Zentrum f\u00fcr Baltische und Skandinavische Arch\u00e4ologie (ZBSA) \u2014 Zentrum f\u00fcr Baltische und Skandinavische Arch\u00e4ologie","description":"","potentialAction":[{"@type":"SearchAction","target":{"@type":"EntryPoint","urlTemplate":"https:\/\/zbsa.eu\/?s={search_term_string}"},"query-input":{"@type":"PropertyValueSpecification","valueRequired":true,"valueName":"search_term_string"}}],"inLanguage":"en-GB"}]}},"acf":[],"_links":{"self":[{"href":"https:\/\/zbsa.eu\/en\/wp-json\/wp\/v2\/pages\/835","targetHints":{"allow":["GET"]}}],"collection":[{"href":"https:\/\/zbsa.eu\/en\/wp-json\/wp\/v2\/pages"}],"about":[{"href":"https:\/\/zbsa.eu\/en\/wp-json\/wp\/v2\/types\/page"}],"author":[{"embeddable":true,"href":"https:\/\/zbsa.eu\/en\/wp-json\/wp\/v2\/users\/3"}],"replies":[{"embeddable":true,"href":"https:\/\/zbsa.eu\/en\/wp-json\/wp\/v2\/comments?post=835"}],"version-history":[{"count":8,"href":"https:\/\/zbsa.eu\/en\/wp-json\/wp\/v2\/pages\/835\/revisions"}],"predecessor-version":[{"id":5424,"href":"https:\/\/zbsa.eu\/en\/wp-json\/wp\/v2\/pages\/835\/revisions\/5424"}],"wp:attachment":[{"href":"https:\/\/zbsa.eu\/en\/wp-json\/wp\/v2\/media?parent=835"}],"curies":[{"name":"wp","href":"https:\/\/api.w.org\/{rel}","templated":true}]}}