{"id":837,"date":"2021-02-24T12:10:29","date_gmt":"2021-02-24T11:10:29","guid":{"rendered":"https:\/\/zbsa.eu\/?page_id=837"},"modified":"2021-03-04T09:52:15","modified_gmt":"2021-03-04T08:52:15","slug":"monographien","status":"publish","type":"page","link":"https:\/\/zbsa.eu\/en\/monographien\/","title":{"rendered":"Monographs"},"content":{"rendered":"<ul class=\"wp-block-latest-posts__list wp-block-latest-posts\"><li><a class=\"wp-block-latest-posts__post-title\" href=\"https:\/\/zbsa.eu\/en\/s-foermige-schliesshaken-im-europaeischen-barbaricum-von-der-vorroemischen-eisenzeit-bis-zur-merowingerzeit\/\">Krzysztof Miko\u0142aj Patalan: S-f\u00f6rmige Schlie\u00dfhaken im europ\u00e4ischen Barbaricum von der vorr\u00f6mischen Eisenzeit bis zur Merowingerzeit (Band 20)<\/a><\/li>\n<li><a class=\"wp-block-latest-posts__post-title\" href=\"https:\/\/zbsa.eu\/en\/adornment-self-definition-religion\/\">Tuuli Kurisoo: Adornment, self-definition, religion (Band 19)<\/a><\/li>\n<li><a class=\"wp-block-latest-posts__post-title\" href=\"https:\/\/zbsa.eu\/en\/birkas-black-earth-harbour-archaeological-investigations-2015-2016\/\">Sven Kalmring et al.: Birka\u2019s Black Earth Harbour: Archaeological Investigations 2015\u20132016<\/a><\/li>\n<li><a class=\"wp-block-latest-posts__post-title\" href=\"https:\/\/zbsa.eu\/en\/fibel-tracht-und-interkulturalitaet\/\">Agata Chili\u0144ska-Fr\u00fcboes: Fibel, Tracht und Interkulturalit\u00e4t (Band 18,1\u20132)<\/a><\/li>\n<li><a class=\"wp-block-latest-posts__post-title\" href=\"https:\/\/zbsa.eu\/en\/die-memelkultur-in-der-roemischen-kaiserzeit\/\">Rasa Banyte-Rowell: Die Memelkultur in der R\u00f6mischen Kaiserzeit (Band 17)<\/a><\/li>\n<li><a class=\"wp-block-latest-posts__post-title\" href=\"https:\/\/zbsa.eu\/en\/wikinger-und-balten-an-der-memel\/\">Norbert Go\u00dfler, Christoph Jahn: Wikinger und Balten an der Memel (Band 16)<\/a><\/li>\n<li><a class=\"wp-block-latest-posts__post-title\" href=\"https:\/\/zbsa.eu\/en\/bronze-age-settlement-and-land-use-in-thy\/\">Bronze Age Settlement and Land-Use in Thy, Northwest Denmark<\/a><\/li>\n<li><a class=\"wp-block-latest-posts__post-title\" href=\"https:\/\/zbsa.eu\/en\/das-thorsberger-moor-3\/\">Suzana Mate\u0161i\u0107: Das Thorsberger Moor Band 3<\/a><\/li>\n<li><a class=\"wp-block-latest-posts__post-title\" href=\"https:\/\/zbsa.eu\/en\/die-kraft-der-tiere\/\">Alexandra Pesch: Die Kraft der Tiere<\/a><\/li>\n<li><a class=\"wp-block-latest-posts__post-title\" href=\"https:\/\/zbsa.eu\/en\/das-thorsberger-moor-2\/\">Ruth Blankenfeldt: Das Thorsberger Moor Band 2<\/a><\/li>\n<li><a class=\"wp-block-latest-posts__post-title\" href=\"https:\/\/zbsa.eu\/en\/warft-elisenhof\/\">Petra Westphalen: Die H\u00e4user von der fr\u00fchgeschichtlichen Warft Elisenhof<\/a><\/li>\n<li><a class=\"wp-block-latest-posts__post-title\" href=\"https:\/\/zbsa.eu\/en\/mit-einbaum-und-paddel-zum-fischfang\/\">Stefanie Kloo\u00df: Mit Einbaum und Paddel zum Fischfang (Band 6)<\/a><\/li>\n<li><a class=\"wp-block-latest-posts__post-title\" href=\"https:\/\/zbsa.eu\/en\/das-thorsberger-moor-1\/\">Nina Lau: Das Thorsberger Moor Band 1<\/a><\/li>\n<li><a class=\"wp-block-latest-posts__post-title\" href=\"https:\/\/zbsa.eu\/en\/das-thorsberger-moor-4\/\">C. v. Carnap-Bornheim et al. (Hrsg.): Das Thorsberger Moor, Band 4<\/a><\/li>\n<li><a class=\"wp-block-latest-posts__post-title\" href=\"https:\/\/zbsa.eu\/en\/die-fruehmittelalterlichen-ringwaelle-im-westlichen-und-mittleren-holstein\/\">Thorsten Lemm: Die fr\u00fchmittelalterlichen Ringw\u00e4lle im westlichen und mittleren Holstein<\/a><\/li>\n<li><a class=\"wp-block-latest-posts__post-title\" href=\"https:\/\/zbsa.eu\/en\/die-einheimische-keramik-aus-dem-hafen-von-haithabu\/\">Hartwig L\u00fcdtke: Die einheimische Keramik aus dem Hafen von Haithabu (Band 17)<\/a><\/li>\n<li><a class=\"wp-block-latest-posts__post-title\" href=\"https:\/\/zbsa.eu\/en\/die-fruehe-phase-der-urbanisierung-an-der-suedlichen-ostseekueste-im-ersten-nachchristlichen-jahrtausend\/\">Sunhild Kleing\u00e4rtner: Die fr\u00fche Phase der Urbanisierung an der s\u00fcdlichen Ostseek\u00fcste im ersten nachchristlichen Jahrtausend (Band 13)<\/a><\/li>\n<li><a class=\"wp-block-latest-posts__post-title\" href=\"https:\/\/zbsa.eu\/en\/masuren-in-der-roemischen-kaiserzeit\/\">Wojciech Nowakowski: Masuren in der R\u00f6mischen Kaiserzeit (Band 12)<\/a><\/li>\n<li><a class=\"wp-block-latest-posts__post-title\" href=\"https:\/\/zbsa.eu\/en\/nydam-mose-die-schiffe\/\">Andreas Rau (Hrsg.): Nydam Mose Band 3 + 4. Die Schiffe<\/a><\/li>\n<li><a class=\"wp-block-latest-posts__post-title\" href=\"https:\/\/zbsa.eu\/en\/nydam-mose-die-personengebundenen-gegenstaende\/\">Andreas Rau: Nydam mose \u2013 Die personengebundenen Gegenst\u00e4nde<\/a><\/li>\n<li><a class=\"wp-block-latest-posts__post-title\" href=\"https:\/\/zbsa.eu\/en\/die-graeber-von-haithabu\/\">Ute Arents und Silke Eisenschmidt: Die Gr\u00e4ber von Haithabu (Band 15,1-2)<\/a><\/li>\n<li><a class=\"wp-block-latest-posts__post-title\" href=\"https:\/\/zbsa.eu\/en\/daumen-und-kellaren\/\">Volker Hilberg\/Felix Jacobson: Daumen und Kellaren &#8211; Tumiany i Kielary<\/a><\/li>\n<li><a class=\"wp-block-latest-posts__post-title\" href=\"https:\/\/zbsa.eu\/en\/pilgramsdorf\/\">Nina Lau: Pilgramsdorf \/ Pielgrzymowo. Ein Fundplatz der r\u00f6mischen Kaiserzeit in Nordmasowien. Eine Studie zu Archivalien, Grabsitten und Fundbestand (Band 11)<\/a><\/li>\n<li><a class=\"wp-block-latest-posts__post-title\" href=\"https:\/\/zbsa.eu\/en\/der-hafen-von-haithabu\/\">Sven Kalmring: Der Hafen von Haithabu (Band 14)<\/a><\/li>\n<\/ul>","protected":false},"excerpt":{"rendered":"","protected":false},"author":3,"featured_media":0,"parent":0,"menu_order":0,"comment_status":"closed","ping_status":"closed","template":"","meta":{"_eb_attr":"","inline_featured_image":false,"footnotes":""},"class_list":["post-837","page","type-page","status-publish","hentry"],"yoast_head":"<!-- This site is optimized with the Yoast SEO plugin v24.4 - https:\/\/yoast.com\/wordpress\/plugins\/seo\/ -->\n<title>Monographien - Zentrum f\u00fcr Baltische und Skandinavische Arch\u00e4ologie (ZBSA) \u2014 Zentrum f\u00fcr Baltische und Skandinavische Arch\u00e4ologie<\/title>\n<meta name=\"robots\" content=\"index, follow, max-snippet:-1, max-image-preview:large, max-video-preview:-1\" \/>\n<link rel=\"canonical\" href=\"https:\/\/zbsa.eu\/en\/monographien\/\" \/>\n<meta property=\"og:locale\" content=\"en_GB\" \/>\n<meta property=\"og:type\" content=\"article\" \/>\n<meta property=\"og:title\" content=\"Monographien - Zentrum f\u00fcr Baltische und Skandinavische Arch\u00e4ologie (ZBSA) \u2014 Zentrum f\u00fcr Baltische und Skandinavische Arch\u00e4ologie\" \/>\n<meta property=\"og:url\" content=\"https:\/\/zbsa.eu\/en\/monographien\/\" \/>\n<meta property=\"og:site_name\" content=\"Zentrum f\u00fcr Baltische und Skandinavische Arch\u00e4ologie (ZBSA) \u2014 Zentrum f\u00fcr Baltische und Skandinavische Arch\u00e4ologie\" \/>\n<meta property=\"article:modified_time\" content=\"2021-03-04T08:52:15+00:00\" \/>\n<meta name=\"twitter:card\" content=\"summary_large_image\" \/>\n<script type=\"application\/ld+json\" class=\"yoast-schema-graph\">{\"@context\":\"https:\/\/schema.org\",\"@graph\":[{\"@type\":\"WebPage\",\"@id\":\"https:\/\/zbsa.eu\/monographien\/\",\"url\":\"https:\/\/zbsa.eu\/monographien\/\",\"name\":\"Monographien - Zentrum f\u00fcr Baltische und Skandinavische Arch\u00e4ologie (ZBSA) \u2014 Zentrum f\u00fcr Baltische und Skandinavische Arch\u00e4ologie\",\"isPartOf\":{\"@id\":\"https:\/\/zbsa.eu\/#website\"},\"datePublished\":\"2021-02-24T11:10:29+00:00\",\"dateModified\":\"2021-03-04T08:52:15+00:00\",\"breadcrumb\":{\"@id\":\"https:\/\/zbsa.eu\/monographien\/#breadcrumb\"},\"inLanguage\":\"en-GB\",\"potentialAction\":[{\"@type\":\"ReadAction\",\"target\":[\"https:\/\/zbsa.eu\/monographien\/\"]}]},{\"@type\":\"BreadcrumbList\",\"@id\":\"https:\/\/zbsa.eu\/monographien\/#breadcrumb\",\"itemListElement\":[{\"@type\":\"ListItem\",\"position\":1,\"name\":\"Startseite\",\"item\":\"https:\/\/zbsa.eu\/\"},{\"@type\":\"ListItem\",\"position\":2,\"name\":\"Monographien\"}]},{\"@type\":\"WebSite\",\"@id\":\"https:\/\/zbsa.eu\/#website\",\"url\":\"https:\/\/zbsa.eu\/\",\"name\":\"Zentrum f\u00fcr Baltische und Skandinavische Arch\u00e4ologie (ZBSA) \u2014 Zentrum f\u00fcr Baltische und Skandinavische Arch\u00e4ologie\",\"description\":\"\",\"potentialAction\":[{\"@type\":\"SearchAction\",\"target\":{\"@type\":\"EntryPoint\",\"urlTemplate\":\"https:\/\/zbsa.eu\/?s={search_term_string}\"},\"query-input\":{\"@type\":\"PropertyValueSpecification\",\"valueRequired\":true,\"valueName\":\"search_term_string\"}}],\"inLanguage\":\"en-GB\"}]}<\/script>\n<!-- \/ Yoast SEO plugin. -->","yoast_head_json":{"title":"Monographien - Zentrum f\u00fcr Baltische und Skandinavische Arch\u00e4ologie (ZBSA) \u2014 Zentrum f\u00fcr Baltische und Skandinavische Arch\u00e4ologie","robots":{"index":"index","follow":"follow","max-snippet":"max-snippet:-1","max-image-preview":"max-image-preview:large","max-video-preview":"max-video-preview:-1"},"canonical":"https:\/\/zbsa.eu\/en\/monographien\/","og_locale":"en_GB","og_type":"article","og_title":"Monographien - Zentrum f\u00fcr Baltische und Skandinavische Arch\u00e4ologie (ZBSA) \u2014 Zentrum f\u00fcr Baltische und Skandinavische Arch\u00e4ologie","og_url":"https:\/\/zbsa.eu\/en\/monographien\/","og_site_name":"Zentrum f\u00fcr Baltische und Skandinavische Arch\u00e4ologie (ZBSA) \u2014 Zentrum f\u00fcr Baltische und Skandinavische Arch\u00e4ologie","article_modified_time":"2021-03-04T08:52:15+00:00","twitter_card":"summary_large_image","schema":{"@context":"https:\/\/schema.org","@graph":[{"@type":"WebPage","@id":"https:\/\/zbsa.eu\/monographien\/","url":"https:\/\/zbsa.eu\/monographien\/","name":"Monographien - Zentrum f\u00fcr Baltische und Skandinavische Arch\u00e4ologie (ZBSA) \u2014 Zentrum f\u00fcr Baltische und Skandinavische Arch\u00e4ologie","isPartOf":{"@id":"https:\/\/zbsa.eu\/#website"},"datePublished":"2021-02-24T11:10:29+00:00","dateModified":"2021-03-04T08:52:15+00:00","breadcrumb":{"@id":"https:\/\/zbsa.eu\/monographien\/#breadcrumb"},"inLanguage":"en-GB","potentialAction":[{"@type":"ReadAction","target":["https:\/\/zbsa.eu\/monographien\/"]}]},{"@type":"BreadcrumbList","@id":"https:\/\/zbsa.eu\/monographien\/#breadcrumb","itemListElement":[{"@type":"ListItem","position":1,"name":"Startseite","item":"https:\/\/zbsa.eu\/"},{"@type":"ListItem","position":2,"name":"Monographien"}]},{"@type":"WebSite","@id":"https:\/\/zbsa.eu\/#website","url":"https:\/\/zbsa.eu\/","name":"Zentrum f\u00fcr Baltische und Skandinavische Arch\u00e4ologie (ZBSA) \u2014 Zentrum f\u00fcr Baltische und Skandinavische Arch\u00e4ologie","description":"","potentialAction":[{"@type":"SearchAction","target":{"@type":"EntryPoint","urlTemplate":"https:\/\/zbsa.eu\/?s={search_term_string}"},"query-input":{"@type":"PropertyValueSpecification","valueRequired":true,"valueName":"search_term_string"}}],"inLanguage":"en-GB"}]}},"acf":[],"_links":{"self":[{"href":"https:\/\/zbsa.eu\/en\/wp-json\/wp\/v2\/pages\/837","targetHints":{"allow":["GET"]}}],"collection":[{"href":"https:\/\/zbsa.eu\/en\/wp-json\/wp\/v2\/pages"}],"about":[{"href":"https:\/\/zbsa.eu\/en\/wp-json\/wp\/v2\/types\/page"}],"author":[{"embeddable":true,"href":"https:\/\/zbsa.eu\/en\/wp-json\/wp\/v2\/users\/3"}],"replies":[{"embeddable":true,"href":"https:\/\/zbsa.eu\/en\/wp-json\/wp\/v2\/comments?post=837"}],"version-history":[{"count":2,"href":"https:\/\/zbsa.eu\/en\/wp-json\/wp\/v2\/pages\/837\/revisions"}],"predecessor-version":[{"id":1144,"href":"https:\/\/zbsa.eu\/en\/wp-json\/wp\/v2\/pages\/837\/revisions\/1144"}],"wp:attachment":[{"href":"https:\/\/zbsa.eu\/en\/wp-json\/wp\/v2\/media?parent=837"}],"curies":[{"name":"wp","href":"https:\/\/api.w.org\/{rel}","templated":true}]}}