{"id":948,"date":"2021-03-02T11:13:19","date_gmt":"2021-03-02T10:13:19","guid":{"rendered":"https:\/\/zbsa.eu\/?page_id=948"},"modified":"2021-04-28T07:21:57","modified_gmt":"2021-04-28T05:21:57","slug":"gremien","status":"publish","type":"page","link":"https:\/\/zbsa.eu\/en\/gremien\/","title":{"rendered":"Committees"},"content":{"rendered":"<p class=\"has-text-align-left\">The <a href=\"https:\/\/zbsa.eu\/en\/kuratorium\/\" data-type=\"page\" data-id=\"286\">Board of Trustees <\/a>is the supervisory body of the ZBSA and decides on all scientific and business issues with important ramifications.<\/p>\n\n\n\n<p class=\"has-text-align-left\">The <a href=\"https:\/\/zbsa.eu\/en\/wissenschaftlicher-beirat-des-zbsa\/\" data-type=\"page\" data-id=\"291\">international Scientific Advisory Board<\/a><strong> <\/strong>advises the ZBSA on strategic and operational questions.<\/p>","protected":false},"excerpt":{"rendered":"<p>Das Kuratorium ist das Aufsichtsorgan des ZBSA und beschlie\u00dft \u00fcber alle wissenschaftlichen und wirtschaftlichen Angelegenheiten mit erheblichen Auswirkungen. Der Wissenschaftliche Beirat ist international zusammengesetzt und ber\u00e4t das ZBSA in strategischen und operativen Fragen.<\/p>","protected":false},"author":2,"featured_media":0,"parent":0,"menu_order":0,"comment_status":"closed","ping_status":"closed","template":"","meta":{"_eb_attr":"","inline_featured_image":false,"footnotes":""},"class_list":["post-948","page","type-page","status-publish","hentry"],"yoast_head":"<!-- This site is optimized with the Yoast SEO plugin v24.4 - https:\/\/yoast.com\/wordpress\/plugins\/seo\/ -->\n<title>Gremien - Zentrum f\u00fcr Baltische und Skandinavische Arch\u00e4ologie (ZBSA) \u2014 Zentrum f\u00fcr Baltische und Skandinavische Arch\u00e4ologie<\/title>\n<meta name=\"robots\" content=\"index, follow, max-snippet:-1, max-image-preview:large, max-video-preview:-1\" \/>\n<link rel=\"canonical\" href=\"https:\/\/zbsa.eu\/en\/gremien\/\" \/>\n<meta property=\"og:locale\" content=\"en_GB\" \/>\n<meta property=\"og:type\" content=\"article\" \/>\n<meta property=\"og:title\" content=\"Gremien - Zentrum f\u00fcr Baltische und Skandinavische Arch\u00e4ologie (ZBSA) \u2014 Zentrum f\u00fcr Baltische und Skandinavische Arch\u00e4ologie\" \/>\n<meta property=\"og:description\" content=\"Das Kuratorium ist das Aufsichtsorgan des ZBSA und beschlie\u00dft \u00fcber alle wissenschaftlichen und wirtschaftlichen Angelegenheiten mit erheblichen Auswirkungen. Der Wissenschaftliche Beirat ist international zusammengesetzt und ber\u00e4t das ZBSA in strategischen und operativen Fragen.\" \/>\n<meta property=\"og:url\" content=\"https:\/\/zbsa.eu\/en\/gremien\/\" \/>\n<meta property=\"og:site_name\" content=\"Zentrum f\u00fcr Baltische und Skandinavische Arch\u00e4ologie (ZBSA) \u2014 Zentrum f\u00fcr Baltische und Skandinavische Arch\u00e4ologie\" \/>\n<meta property=\"article:modified_time\" content=\"2021-04-28T05:21:57+00:00\" \/>\n<meta name=\"twitter:card\" content=\"summary_large_image\" \/>\n<script type=\"application\/ld+json\" class=\"yoast-schema-graph\">{\"@context\":\"https:\/\/schema.org\",\"@graph\":[{\"@type\":\"WebPage\",\"@id\":\"https:\/\/zbsa.eu\/gremien\/\",\"url\":\"https:\/\/zbsa.eu\/gremien\/\",\"name\":\"Gremien - Zentrum f\u00fcr Baltische und Skandinavische Arch\u00e4ologie (ZBSA) \u2014 Zentrum f\u00fcr Baltische und Skandinavische Arch\u00e4ologie\",\"isPartOf\":{\"@id\":\"https:\/\/zbsa.eu\/#website\"},\"datePublished\":\"2021-03-02T10:13:19+00:00\",\"dateModified\":\"2021-04-28T05:21:57+00:00\",\"breadcrumb\":{\"@id\":\"https:\/\/zbsa.eu\/gremien\/#breadcrumb\"},\"inLanguage\":\"en-GB\",\"potentialAction\":[{\"@type\":\"ReadAction\",\"target\":[\"https:\/\/zbsa.eu\/gremien\/\"]}]},{\"@type\":\"BreadcrumbList\",\"@id\":\"https:\/\/zbsa.eu\/gremien\/#breadcrumb\",\"itemListElement\":[{\"@type\":\"ListItem\",\"position\":1,\"name\":\"Startseite\",\"item\":\"https:\/\/zbsa.eu\/\"},{\"@type\":\"ListItem\",\"position\":2,\"name\":\"Gremien\"}]},{\"@type\":\"WebSite\",\"@id\":\"https:\/\/zbsa.eu\/#website\",\"url\":\"https:\/\/zbsa.eu\/\",\"name\":\"Zentrum f\u00fcr Baltische und Skandinavische Arch\u00e4ologie (ZBSA) \u2014 Zentrum f\u00fcr Baltische und Skandinavische Arch\u00e4ologie\",\"description\":\"\",\"potentialAction\":[{\"@type\":\"SearchAction\",\"target\":{\"@type\":\"EntryPoint\",\"urlTemplate\":\"https:\/\/zbsa.eu\/?s={search_term_string}\"},\"query-input\":{\"@type\":\"PropertyValueSpecification\",\"valueRequired\":true,\"valueName\":\"search_term_string\"}}],\"inLanguage\":\"en-GB\"}]}<\/script>\n<!-- \/ Yoast SEO plugin. -->","yoast_head_json":{"title":"Gremien - Zentrum f\u00fcr Baltische und Skandinavische Arch\u00e4ologie (ZBSA) \u2014 Zentrum f\u00fcr Baltische und Skandinavische Arch\u00e4ologie","robots":{"index":"index","follow":"follow","max-snippet":"max-snippet:-1","max-image-preview":"max-image-preview:large","max-video-preview":"max-video-preview:-1"},"canonical":"https:\/\/zbsa.eu\/en\/gremien\/","og_locale":"en_GB","og_type":"article","og_title":"Gremien - Zentrum f\u00fcr Baltische und Skandinavische Arch\u00e4ologie (ZBSA) \u2014 Zentrum f\u00fcr Baltische und Skandinavische Arch\u00e4ologie","og_description":"Das Kuratorium ist das Aufsichtsorgan des ZBSA und beschlie\u00dft \u00fcber alle wissenschaftlichen und wirtschaftlichen Angelegenheiten mit erheblichen Auswirkungen. Der Wissenschaftliche Beirat ist international zusammengesetzt und ber\u00e4t das ZBSA in strategischen und operativen Fragen.","og_url":"https:\/\/zbsa.eu\/en\/gremien\/","og_site_name":"Zentrum f\u00fcr Baltische und Skandinavische Arch\u00e4ologie (ZBSA) \u2014 Zentrum f\u00fcr Baltische und Skandinavische Arch\u00e4ologie","article_modified_time":"2021-04-28T05:21:57+00:00","twitter_card":"summary_large_image","schema":{"@context":"https:\/\/schema.org","@graph":[{"@type":"WebPage","@id":"https:\/\/zbsa.eu\/gremien\/","url":"https:\/\/zbsa.eu\/gremien\/","name":"Gremien - Zentrum f\u00fcr Baltische und Skandinavische Arch\u00e4ologie (ZBSA) \u2014 Zentrum f\u00fcr Baltische und Skandinavische Arch\u00e4ologie","isPartOf":{"@id":"https:\/\/zbsa.eu\/#website"},"datePublished":"2021-03-02T10:13:19+00:00","dateModified":"2021-04-28T05:21:57+00:00","breadcrumb":{"@id":"https:\/\/zbsa.eu\/gremien\/#breadcrumb"},"inLanguage":"en-GB","potentialAction":[{"@type":"ReadAction","target":["https:\/\/zbsa.eu\/gremien\/"]}]},{"@type":"BreadcrumbList","@id":"https:\/\/zbsa.eu\/gremien\/#breadcrumb","itemListElement":[{"@type":"ListItem","position":1,"name":"Startseite","item":"https:\/\/zbsa.eu\/"},{"@type":"ListItem","position":2,"name":"Gremien"}]},{"@type":"WebSite","@id":"https:\/\/zbsa.eu\/#website","url":"https:\/\/zbsa.eu\/","name":"Zentrum f\u00fcr Baltische und Skandinavische Arch\u00e4ologie (ZBSA) \u2014 Zentrum f\u00fcr Baltische und Skandinavische Arch\u00e4ologie","description":"","potentialAction":[{"@type":"SearchAction","target":{"@type":"EntryPoint","urlTemplate":"https:\/\/zbsa.eu\/?s={search_term_string}"},"query-input":{"@type":"PropertyValueSpecification","valueRequired":true,"valueName":"search_term_string"}}],"inLanguage":"en-GB"}]}},"acf":[],"_links":{"self":[{"href":"https:\/\/zbsa.eu\/en\/wp-json\/wp\/v2\/pages\/948","targetHints":{"allow":["GET"]}}],"collection":[{"href":"https:\/\/zbsa.eu\/en\/wp-json\/wp\/v2\/pages"}],"about":[{"href":"https:\/\/zbsa.eu\/en\/wp-json\/wp\/v2\/types\/page"}],"author":[{"embeddable":true,"href":"https:\/\/zbsa.eu\/en\/wp-json\/wp\/v2\/users\/2"}],"replies":[{"embeddable":true,"href":"https:\/\/zbsa.eu\/en\/wp-json\/wp\/v2\/comments?post=948"}],"version-history":[{"count":6,"href":"https:\/\/zbsa.eu\/en\/wp-json\/wp\/v2\/pages\/948\/revisions"}],"predecessor-version":[{"id":6285,"href":"https:\/\/zbsa.eu\/en\/wp-json\/wp\/v2\/pages\/948\/revisions\/6285"}],"wp:attachment":[{"href":"https:\/\/zbsa.eu\/en\/wp-json\/wp\/v2\/media?parent=948"}],"curies":[{"name":"wp","href":"https:\/\/api.w.org\/{rel}","templated":true}]}}